{"id":77,"date":"2015-01-11T14:10:12","date_gmt":"2015-01-11T13:10:12","guid":{"rendered":"http:\/\/brennini.com\/?page_id=77"},"modified":"2024-12-12T12:43:02","modified_gmt":"2024-12-12T11:43:02","slug":"akce","status":"publish","type":"page","link":"https:\/\/hosting.pilsfree.net\/tembork\/akce\/","title":{"rendered":"Akce"},"content":{"rendered":"<h1><span style=\"color: #800080;\"><strong>Co n\u00e1s \u010dek\u00e1:<\/strong><\/span><\/h1>\n<p>&#8230;spoustu kr\u00e1sn\u00fdch chvil s na\u0161imi pejsky<\/p>\n","protected":false},"excerpt":{"rendered":"<p>Co n\u00e1s \u010dek\u00e1: &#8230;spoustu kr\u00e1sn\u00fdch chvil s na\u0161imi pejsky<\/p>\n","protected":false},"author":1,"featured_media":0,"parent":0,"menu_order":0,"comment_status":"closed","ping_status":"open","template":"","meta":{"_exactmetrics_skip_tracking":false,"_exactmetrics_sitenote_active":false,"_exactmetrics_sitenote_note":"","_exactmetrics_sitenote_category":0,"footnotes":""},"class_list":["post-77","page","type-page","status-publish","hentry"],"_links":{"self":[{"href":"https:\/\/hosting.pilsfree.net\/tembork\/wp-json\/wp\/v2\/pages\/77"}],"collection":[{"href":"https:\/\/hosting.pilsfree.net\/tembork\/wp-json\/wp\/v2\/pages"}],"about":[{"href":"https:\/\/hosting.pilsfree.net\/tembork\/wp-json\/wp\/v2\/types\/page"}],"author":[{"embeddable":true,"href":"https:\/\/hosting.pilsfree.net\/tembork\/wp-json\/wp\/v2\/users\/1"}],"replies":[{"embeddable":true,"href":"https:\/\/hosting.pilsfree.net\/tembork\/wp-json\/wp\/v2\/comments?post=77"}],"version-history":[{"count":69,"href":"https:\/\/hosting.pilsfree.net\/tembork\/wp-json\/wp\/v2\/pages\/77\/revisions"}],"predecessor-version":[{"id":1453,"href":"https:\/\/hosting.pilsfree.net\/tembork\/wp-json\/wp\/v2\/pages\/77\/revisions\/1453"}],"wp:attachment":[{"href":"https:\/\/hosting.pilsfree.net\/tembork\/wp-json\/wp\/v2\/media?parent=77"}],"curies":[{"name":"wp","href":"https:\/\/api.w.org\/{rel}","templated":true}]}}