{"id":74,"date":"2015-01-11T14:09:16","date_gmt":"2015-01-11T13:09:16","guid":{"rendered":"http:\/\/brennini.com\/?page_id=74"},"modified":"2018-04-19T10:14:32","modified_gmt":"2018-04-19T09:14:32","slug":"o-nas","status":"publish","type":"page","link":"https:\/\/hosting.pilsfree.net\/tembork\/o-nas\/","title":{"rendered":"O n\u00e1s"},"content":{"rendered":"<h2>V\u00edtejte na str\u00e1nk\u00e1ch chovatelsk\u00e9 stanice australsk\u00fdch ov\u010d\u00e1k\u016f!<\/h2>\n<p>&nbsp;<\/p>\n<p><img loading=\"lazy\" decoding=\"async\" class=\"size-large wp-image-222 alignleft\" src=\"http:\/\/hosting.pilsfree.net\/tembork\/wp-content\/uploads\/2015\/03\/BPA-1024x682.jpg\" alt=\"BPA\" width=\"590\" height=\"392\" srcset=\"https:\/\/hosting.pilsfree.net\/tembork\/wp-content\/uploads\/2015\/03\/BPA-1024x682.jpg 1024w, https:\/\/hosting.pilsfree.net\/tembork\/wp-content\/uploads\/2015\/03\/BPA-300x200.jpg 300w, https:\/\/hosting.pilsfree.net\/tembork\/wp-content\/uploads\/2015\/03\/BPA-870x580.jpg 870w\" sizes=\"(max-width: 590px) 100vw, 590px\" \/><\/p>\n<p>&nbsp;<\/p>\n<p>M\u00e9 jm\u00e9no je Nikol Be\u0161kov\u00e1 a narodila jsem se 18.12.1985 v Plzni. Od roku 2011 \u017eiji se sv\u00fdm p\u0159\u00edtelem Vild\u00edkem v mal\u00e9 dome\u010dku na vesnici, nedaleko Plzn\u011b. S n\u00e1mi doma bydl\u00ed pejsci (austral\u00e1\u010dci Angee, Brenda, P\u00e1tinka a \u010divava Sal\u00e1m) a z venku to hl\u00edd\u00e1 ko\u010di\u010dka Kittler.<\/p>\n<p>Dne 7.11.2014 byl na\u0161\u00ed chovatelsk\u00e9 stanici na z\u00e1klad\u011b uzn\u00e1n\u00ed FCI p\u0159id\u011blen mezin\u00e1rodn\u011b chr\u00e1n\u011bn\u00fd n\u00e1zev Brennini. V\u0161e ov\u0161em za\u010dalo p\u0159esn\u011b o dva roky d\u0159\u00edve v\u00fdb\u011brem prvn\u00edho pejska &#8211; tedy fenky.<\/p>\n<p>Na\u0161e p\u0159edstavy o ide\u00e1ln\u00edm psovi pro n\u00e1s se zcela z\u00e1sadn\u011b li\u0161ily. Vild\u00edk si p\u0159edstavoval mal\u00e9ho, klidn\u00e9ho, gau\u010dov\u00e9ho pejska a j\u00e1 jsem snila o velk\u00e9m nejl\u00e9pe b\u00edl\u00e9m zahradn\u00edm hl\u00edda\u010di a tak mezit\u00edm, co Vild\u00edk sledoval Lhasa Apso,&nbsp;Shih-tzu apod. j\u00e1 m\u011bla v hled\u00e1\u010dku Pyrenejsk\u00e9ho horsk\u00e9ho psa, Slovensk\u00e9ho \u010duva\u010de, Australsk\u00e9ho ov\u010d\u00e1ka \u010di Samojeda. Jedin\u00e9 na \u010dem jsme se shodli, byla d\u00e9lka srsti. Oba jsme cht\u011bli dlouhosrst\u00e9ho psa.<\/p>\n<p>V roce 2017 se na\u0161e sme\u010dka rozrostla nejen o Kittlera, ale i o dvounoh\u00e9ho \u010dlena a to na\u0161eho mal\u00e9ho Maugl\u00edho V\u00ed\u0165\u00e1nka.<\/p>\n<p>Pro rok 2018 jsem \u010dlenem KCHMPP a Brabci Mrtn\u00edk.<\/p>\n<p>&nbsp;<\/p>\n<p>&nbsp;<\/p>\n","protected":false},"excerpt":{"rendered":"<p>V\u00edtejte na str\u00e1nk\u00e1ch chovatelsk\u00e9 stanice australsk\u00fdch ov\u010d\u00e1k\u016f! &nbsp; &nbsp; M\u00e9 jm\u00e9no je Nikol Be\u0161kov\u00e1 a narodila jsem se 18.12.1985 v Plzni. Od roku 2011 \u017eiji se sv\u00fdm p\u0159\u00edtelem Vild\u00edkem v mal\u00e9 dome\u010dku na vesnici, nedaleko Plzn\u011b. S n\u00e1mi doma bydl\u00ed pejsci (austral\u00e1\u010dci Angee, Brenda, P\u00e1tinka a \u010divava Sal\u00e1m) a z venku to hl\u00edd\u00e1 ko\u010di\u010dka Kittler. &hellip; <a href=\"https:\/\/hosting.pilsfree.net\/tembork\/o-nas\/\" class=\"more-link\">Pokra\u010dov\u00e1n\u00ed textu <span class=\"screen-reader-text\">O n\u00e1s<\/span> <span class=\"meta-nav\">&rarr;<\/span><\/a><\/p>\n","protected":false},"author":1,"featured_media":0,"parent":0,"menu_order":0,"comment_status":"closed","ping_status":"open","template":"","meta":{"_exactmetrics_skip_tracking":false,"_exactmetrics_sitenote_active":false,"_exactmetrics_sitenote_note":"","_exactmetrics_sitenote_category":0,"footnotes":""},"class_list":["post-74","page","type-page","status-publish","hentry"],"_links":{"self":[{"href":"https:\/\/hosting.pilsfree.net\/tembork\/wp-json\/wp\/v2\/pages\/74"}],"collection":[{"href":"https:\/\/hosting.pilsfree.net\/tembork\/wp-json\/wp\/v2\/pages"}],"about":[{"href":"https:\/\/hosting.pilsfree.net\/tembork\/wp-json\/wp\/v2\/types\/page"}],"author":[{"embeddable":true,"href":"https:\/\/hosting.pilsfree.net\/tembork\/wp-json\/wp\/v2\/users\/1"}],"replies":[{"embeddable":true,"href":"https:\/\/hosting.pilsfree.net\/tembork\/wp-json\/wp\/v2\/comments?post=74"}],"version-history":[{"count":33,"href":"https:\/\/hosting.pilsfree.net\/tembork\/wp-json\/wp\/v2\/pages\/74\/revisions"}],"predecessor-version":[{"id":1289,"href":"https:\/\/hosting.pilsfree.net\/tembork\/wp-json\/wp\/v2\/pages\/74\/revisions\/1289"}],"wp:attachment":[{"href":"https:\/\/hosting.pilsfree.net\/tembork\/wp-json\/wp\/v2\/media?parent=74"}],"curies":[{"name":"wp","href":"https:\/\/api.w.org\/{rel}","templated":true}]}}