{"id":482,"date":"2015-06-24T20:27:55","date_gmt":"2015-06-24T19:27:55","guid":{"rendered":"http:\/\/brennini.com\/?page_id=482"},"modified":"2015-08-14T13:33:17","modified_gmt":"2015-08-14T12:33:17","slug":"stenatkovske-zpravodajstvi","status":"publish","type":"page","link":"https:\/\/hosting.pilsfree.net\/tembork\/stenatka\/stenatkovske-zpravodajstvi\/","title":{"rendered":"\u0160t\u011b\u0148\u00e1tkovsk\u00e9 zpravodajstv\u00ed"},"content":{"rendered":"<p>&nbsp;<\/p>\n<p><strong>13.8.2015 <\/strong>\u0160t\u011b\u0148\u00e1tka byla op\u011bt od\u010dervena a prvn\u00ed hol\u010di\u010dka Breny (Antracit Brecia) odjela do nov\u00e9ho domova, n\u00e1sledovat ji v p\u00e1tek bude Azul\u00ednka (Azul Noche) a Sim (Antimon Raro).<\/p>\n<p>&nbsp;<\/p>\n<p><strong>6.8.2015<\/strong>\u00a0 Dal\u0161\u00ed cesta autem a op\u011bt naprosto v pohod\u011b. \u0160t\u011b\u0148\u00e1tka absolvovala 1. o\u010dkov\u00e1n\u00ed a \u010dipov\u00e1n\u00ed a dle z\u00e1kona mohou od tohoto \u010dtvrtka ofici\u00e1ln\u011b do nov\u00fdch domov\u016f. Ov\u0161em j\u00e1 si je chci je\u0161t\u011b u\u017e\u00edt, tak\u017ee prvn\u00ed st\u011b\u0148\u00e1tka n\u00e1s opust\u00ed koncem p\u0159\u00ed\u0161t\u00edho t\u00fddne a j\u00e1 u\u017e jim d\u00e1v\u00e1m pomalu dohromady v\u00fdbavi\u010dku. Ka\u017ed\u00e9 \u0161t\u011b\u0148\u00e1tko od n\u00e1s obdr\u017e\u00ed EU pas, krmen\u00ed do za\u010d\u00e1tku, obojek, vod\u00edtko, misti\u010dku, pamlsky a hra\u010dky.<\/p>\n<p>&nbsp;<\/p>\n<p><strong>3.8.2015<\/strong>\u00a0 Mus\u00edm se v\u00e1m pochlubit, co m\u011b tot\u00e1ln\u011b rozesm\u00e1lo. Odpoledne po pr\u00e1ci v\u017edy vypou\u0161t\u00edm \u0161t\u011b\u0148\u00e1tka ven na zahradu, kde maj\u00ed v\u00edce prostoru ne\u017e doma a mohou si tam neomezen\u011b hr\u00e1t. V\u0161ichni se v\u017edy ven moc t\u011b\u0161\u00ed a l\u00edtaj\u00ed, co jim no\u017ei\u010dky sta\u010d\u00ed a\u017e se nest\u00edh\u00e1m divim, ale v pond\u011bl\u00ed jsme si zahr\u00e1li se \u0161t\u011b\u0148\u00e1tky na mraz\u00edka \ud83d\ude00 Nasadila jsem jim toti\u017e poprv\u00e9 na krk nov\u00e9 obojky od <a href=\"http:\/\/www.jofikrmiva.cz\/\" target=\"_blank\">JOFI krmiva<\/a> a na\u0161e \u0161t\u011b\u0148\u00e1tka v tu chv\u00edli zmrzla \ud83d\ude00 Ti odv\u00e1\u017en\u011bj\u0161\u00ed se odhodlali k drb\u00e1n\u00ed obojku, ale zbytek opravdu \u00fapln\u011b zkamen\u011bl, \u00fapln\u011b zapomn\u011bli, k \u010demu maj\u00ed no\u017ei\u010dky.<\/p>\n<p>&nbsp;<\/p>\n<p><strong>29.7.2015<\/strong>\u00a0Druh\u00e1 cesta autem. V\u0161echna na\u0161e \u0161t\u011b\u0148\u00e1tka absolvovala cestu do Prahy k MVDr. Ber\u00e1nkovi na vy\u0161et\u0159en\u00ed o\u010d\u00ed, aby se vylou\u010dily d\u011bdi\u010dn\u00e9 o\u010dn\u00ed vady (DOV). Cesta sice dlouh\u00e1, ale \u017e\u00e1dn\u00e9 \u0161t\u011b\u0148\u00e1tko cestou neblinkalo ani nekakalo, v\u0161ichni byli maxim\u00e1ln\u011b vzorn\u00ed. P\u0159ed veterin\u00e1rn\u00ed klinikou jsme jim postavili ohr\u00e1dku a dali je vyven\u010dit a pak je postupn\u011b nosili do ordinace na vy\u0161et\u0159en\u00ed. Pan Ber\u00e1nek je moc chv\u00e1lil, jak jsou hodn\u00ed, \u010dist\u00ed a \u017ee maj\u00ed v\u0161ichni o\u010di v po\u0159\u00e1dku. Cel\u00fd vrh je tedy DOV prost\u00fd! No a aby toho nebylo m\u00e1lo, tak jsme je ve\u010der je\u0161t\u011b op\u011bt od\u010dervili \ud83d\ude42<\/p>\n<p>&nbsp;<\/p>\n<p><strong>26.7.2015<\/strong>\u00a0 \u0160t\u011b\u0148\u00e1tka rostou jak z vody a tak jsme je nechali nov\u011b nafotit. V\u0161em to na fotk\u00e1ch moc slu\u0161\u00ed, jsou to mal\u00e9 modelky a modelov\u00e9.<\/p>\n<figure id=\"attachment_642\" aria-describedby=\"caption-attachment-642\" style=\"width: 250px\" class=\"wp-caption alignleft\"><a href=\"http:\/\/hosting.pilsfree.net\/tembork\/wp-content\/uploads\/2015\/06\/black_boys.jpg\"><img loading=\"lazy\" decoding=\"async\" class=\"wp-image-642\" src=\"http:\/\/hosting.pilsfree.net\/tembork\/wp-content\/uploads\/2015\/06\/black_boys-300x214.jpg\" alt=\"black_boys\" width=\"250\" height=\"179\" srcset=\"https:\/\/hosting.pilsfree.net\/tembork\/wp-content\/uploads\/2015\/06\/black_boys-300x214.jpg 300w, https:\/\/hosting.pilsfree.net\/tembork\/wp-content\/uploads\/2015\/06\/black_boys-870x622.jpg 870w, https:\/\/hosting.pilsfree.net\/tembork\/wp-content\/uploads\/2015\/06\/black_boys.jpg 900w\" sizes=\"(max-width: 250px) 100vw, 250px\" \/><\/a><figcaption id=\"caption-attachment-642\" class=\"wp-caption-text\">Blacktri boys<\/figcaption><\/figure>\n<figure id=\"attachment_645\" aria-describedby=\"caption-attachment-645\" style=\"width: 250px\" class=\"wp-caption alignleft\"><a href=\"http:\/\/hosting.pilsfree.net\/tembork\/wp-content\/uploads\/2015\/06\/blue_girls.jpg\"><img loading=\"lazy\" decoding=\"async\" class=\"wp-image-645\" src=\"http:\/\/hosting.pilsfree.net\/tembork\/wp-content\/uploads\/2015\/06\/blue_girls-300x214.jpg\" alt=\"blue_girls\" width=\"250\" height=\"179\" srcset=\"https:\/\/hosting.pilsfree.net\/tembork\/wp-content\/uploads\/2015\/06\/blue_girls-300x214.jpg 300w, https:\/\/hosting.pilsfree.net\/tembork\/wp-content\/uploads\/2015\/06\/blue_girls-870x622.jpg 870w, https:\/\/hosting.pilsfree.net\/tembork\/wp-content\/uploads\/2015\/06\/blue_girls.jpg 900w\" sizes=\"(max-width: 250px) 100vw, 250px\" \/><\/a><figcaption id=\"caption-attachment-645\" class=\"wp-caption-text\">Blue merle girls<\/figcaption><\/figure>\n<figure id=\"attachment_644\" aria-describedby=\"caption-attachment-644\" style=\"width: 250px\" class=\"wp-caption alignleft\"><a href=\"http:\/\/hosting.pilsfree.net\/tembork\/wp-content\/uploads\/2015\/06\/blue_boys.jpg\"><img loading=\"lazy\" decoding=\"async\" class=\"wp-image-644\" src=\"http:\/\/hosting.pilsfree.net\/tembork\/wp-content\/uploads\/2015\/06\/blue_boys-300x214.jpg\" alt=\"blue_boys\" width=\"250\" height=\"179\" srcset=\"https:\/\/hosting.pilsfree.net\/tembork\/wp-content\/uploads\/2015\/06\/blue_boys-300x214.jpg 300w, https:\/\/hosting.pilsfree.net\/tembork\/wp-content\/uploads\/2015\/06\/blue_boys-870x622.jpg 870w, https:\/\/hosting.pilsfree.net\/tembork\/wp-content\/uploads\/2015\/06\/blue_boys.jpg 900w\" sizes=\"(max-width: 250px) 100vw, 250px\" \/><\/a><figcaption id=\"caption-attachment-644\" class=\"wp-caption-text\">Blue merle boys<\/figcaption><\/figure>\n<figure id=\"attachment_643\" aria-describedby=\"caption-attachment-643\" style=\"width: 250px\" class=\"wp-caption alignleft\"><a href=\"http:\/\/hosting.pilsfree.net\/tembork\/wp-content\/uploads\/2015\/06\/blue_girls.jpg\"><img loading=\"lazy\" decoding=\"async\" class=\"wp-image-643\" src=\"http:\/\/hosting.pilsfree.net\/tembork\/wp-content\/uploads\/2015\/06\/black_girls-300x214.jpg\" alt=\"black_girls\" width=\"250\" height=\"179\" srcset=\"https:\/\/hosting.pilsfree.net\/tembork\/wp-content\/uploads\/2015\/06\/black_girls-300x214.jpg 300w, https:\/\/hosting.pilsfree.net\/tembork\/wp-content\/uploads\/2015\/06\/black_girls-870x622.jpg 870w, https:\/\/hosting.pilsfree.net\/tembork\/wp-content\/uploads\/2015\/06\/black_girls.jpg 900w\" sizes=\"(max-width: 250px) 100vw, 250px\" \/><\/a><figcaption id=\"caption-attachment-643\" class=\"wp-caption-text\">Blacktri girls<\/figcaption><\/figure>\n<p><a href=\"http:\/\/hosting.pilsfree.net\/tembork\/wp-content\/uploads\/2015\/06\/blue_girls.jpg\">\u00a0<\/a><\/p>\n<p>&nbsp;<\/p>\n<p>&nbsp;<\/p>\n<p>&nbsp;<\/p>\n<p>&nbsp;<\/p>\n<p>&nbsp;<\/p>\n<p>&nbsp;<\/p>\n<p>&nbsp;<\/p>\n<p>&nbsp;<\/p>\n<p>&nbsp;<\/p>\n<p>&nbsp;<\/p>\n<p>&nbsp;<\/p>\n<p>&nbsp;<\/p>\n<p>&nbsp;<\/p>\n<p><strong>19.7.2015<\/strong> \u0160t\u011b\u0148\u00e1tka za\u010dala pln\u011b vyu\u017e\u00edvat odpoledn\u00edho a v\u00edkendov\u00e9ho venkovn\u00edho v\u00fdb\u011bhu, jinak st\u00e1le bydl\u00ed s n\u00e1mi v kuchyni. Na travi\u010dce se jim moc l\u00edb\u00ed. U\u017e v\u0161ichni p\u011bkn\u011b \u0159\u00e1d\u00ed a jejich v\u00e1ha se pohybuje okolo 2 kg. \u0160t\u011b\u0148\u00e1tka byla op\u011bt od\u010dervena, tentokr\u00e1t ji\u017e tabletou. U \u0161t\u011b\u0148\u00e1tek se za\u010d\u00ednaj\u00ed projevovat jejich povahy a je s nimi st\u00e1le v\u00edce a v\u00edce legrace. Jinak maj\u00ed u\u017e spoustu zub\u016f a ne\u017e stihnu polo\u017eit misku s pap\u00e1n\u00edm u\u017e mi vis\u00ed za zuby na noze \ud83d\ude00 V\u0161echna \u0161t\u011b\u0148\u00e1tka maj\u00ed zat\u00edm standardn\u00ed skus, neobjevila jsem \u017e\u00e1dn\u00fd p\u0159edkus ani podkus, tak m\u00e1m radost.<strong><br \/>\n<\/strong><\/p>\n<p>&nbsp;<\/p>\n<p><strong>13.7.2015<\/strong> B\u011bhem dopoledne mi n\u011bkdo vym\u011bnil \u0161t\u011b\u0148\u00e1tka! \ud83d\ude00 Kdy\u017e sem r\u00e1no odch\u00e1zela do pr\u00e1ce, nechala jsem tam hodn\u00e1, mal\u00e1, klidn\u00e1 \u0161t\u011b\u0148\u00e1tka&#8230; a p\u0159ijdu o poledn\u00ed pauze dom\u016f, \u0161t\u011b\u0148\u00e1tka jsou upln\u011b v\u0161ude, jen n\u00e9 ve sv\u00e9 bedn\u011b, \u0161t\u011bkaj\u00ed, vr\u010d\u00ed, perou se a j\u00e1 nev\u00edm, kam m\u00e1m koukat d\u0159\u00edv, proto\u017ee nev\u011b\u0159\u00edm sv\u00fdm vlastn\u00edm o\u010d\u00edm. Maraton krmen\u00ed \u0161t\u011b\u0148\u00e1tek ka\u0161i\u010dkou z granulek ka\u017ed\u00e9 4 hodiny za\u010dal. Krm\u00edm r\u00e1no ne\u017e jdu do pr\u00e1ce, o poledn\u00ed pauze m\u00edsto ob\u011bda, hned po pr\u00e1ci a ve\u010der.<\/p>\n<p>&nbsp;<\/p>\n<p><strong>8.7.2015<\/strong> U n\u011bkter\u00fdch \u0161t\u011b\u0148\u00e1tek objevuji prvn\u00ed zoubky. \u0160t\u011b\u0148\u00e1tk\u016fm jsou t\u0159i t\u00fddny a tak je \u010dekal dal\u0161\u00ed krok ve v\u00fd\u017eiv\u011b &#8211; prvn\u00ed rozmixovan\u00e9 granulky. Rozhodla jsem se odchovat \u0161t\u011b\u0148\u00e1tka na granulk\u00e1ch Taste of the Wild High Prairie puppy. Prvn\u00ed setk\u00e1n\u00ed s granulovou ka\u0161i\u010dkou bylo moc roztomil\u00e9. N\u011bkte\u0159\u00ed to pochopili hned \ud83d\ude42<\/p>\n<p>&nbsp;<\/p>\n<p><strong>6.7.2015<\/strong> Nov\u00e9 focen\u00ed \u0161t\u011b\u0148\u00e1tek. Byla jsem docela r\u00e1da, \u017ee jsme m\u011bli o jedny ruce nav\u00edc, proto\u017ee \u0161t\u011b\u0148\u00e1tka u\u017e v\u011bd\u00ed, k \u010demu maj\u00ed nohy \ud83d\ude42<\/p>\n<p>&nbsp;<\/p>\n<p><strong>5.7.2015 <\/strong>Opakov\u00e1n\u00ed od\u010derven\u00ed pastou.<\/p>\n<p>&nbsp;<\/p>\n<p><strong>4.7.2015<\/strong> V\u0161echna \u0161t\u011b\u0148\u00e1tka maj\u00ed ji\u017e pln\u011b otev\u0159en\u00e9 o\u010di a prob\u011bhlo 1. od\u010derven\u00ed pastou.<\/p>\n<p>&nbsp;<\/p>\n<p><strong>1.7.2015<\/strong> \u0160t\u011bn\u00e1tk\u016fm byly 2 t\u00fddny a tak jsem jim spest\u0159ila stravu o ml\u00e9\u010dnou ka\u0161i\u010dku, proto\u017ee je jich hodn\u011b, tak aby nestr\u00e1dali.<\/p>\n<p>&nbsp;<\/p>\n<p><strong>30.6.2015<\/strong> \u0160t\u011b\u0148\u00e1tka n\u00e1m za\u010dala otev\u00edrat o\u010dka. Ud\u011blala jsem alespo\u0148 2 fote\u010dky, proto\u017ee ty mal\u00e9 ro\u0161\u0165\u00e1ky vyfotit v klidu, za\u010d\u00edn\u00e1 b\u00fdt st\u00e1le v\u011bt\u0161\u00ed probl\u00e9m \ud83d\ude42 A to nemluv\u00edm o tom, \u017ee u\u017e se mi nevejdou do v\u011bt\u0161\u00ed misky na v\u00e1\u017een\u00ed. Prvn\u00ed foto Agalaia Agwa, druh\u00e9 Azul Noche. V pond\u011bl\u00ed 6.7.2015 \u0161t\u011b\u0148\u00e1tka nov\u011b nafot\u00edme.<\/p>\n<p><a href=\"http:\/\/hosting.pilsfree.net\/tembork\/wp-content\/uploads\/2015\/06\/IMG_2922.jpg\"><img loading=\"lazy\" decoding=\"async\" class=\"  alignnone wp-image-580 \" src=\"http:\/\/hosting.pilsfree.net\/tembork\/wp-content\/uploads\/2015\/06\/IMG_2922-300x225.jpg\" alt=\"IMG_2922\" width=\"252\" height=\"189\" srcset=\"https:\/\/hosting.pilsfree.net\/tembork\/wp-content\/uploads\/2015\/06\/IMG_2922-300x225.jpg 300w, https:\/\/hosting.pilsfree.net\/tembork\/wp-content\/uploads\/2015\/06\/IMG_2922-1024x768.jpg 1024w, https:\/\/hosting.pilsfree.net\/tembork\/wp-content\/uploads\/2015\/06\/IMG_2922-870x653.jpg 870w\" sizes=\"(max-width: 252px) 100vw, 252px\" \/><\/a> <a href=\"http:\/\/hosting.pilsfree.net\/tembork\/wp-content\/uploads\/2015\/06\/IMG_2938.jpg\"><img loading=\"lazy\" decoding=\"async\" class=\" wp-image-581  alignnone\" src=\"http:\/\/hosting.pilsfree.net\/tembork\/wp-content\/uploads\/2015\/06\/IMG_2938-300x225.jpg\" alt=\"IMG_2938\" width=\"250\" height=\"188\" srcset=\"https:\/\/hosting.pilsfree.net\/tembork\/wp-content\/uploads\/2015\/06\/IMG_2938-300x225.jpg 300w, https:\/\/hosting.pilsfree.net\/tembork\/wp-content\/uploads\/2015\/06\/IMG_2938-1024x768.jpg 1024w, https:\/\/hosting.pilsfree.net\/tembork\/wp-content\/uploads\/2015\/06\/IMG_2938-870x653.jpg 870w\" sizes=\"(max-width: 250px) 100vw, 250px\" \/><\/a><\/p>\n<p><strong>29.6.2015<\/strong> Poprv\u00e9 jsem zpozorovala, \u017ee n\u011bkter\u00e1 \u0161t\u011b\u0148\u00e1tka maj\u00ed pootev\u0159en\u00e1 o\u010dka na malou \u0161kv\u00edrku a d\u011blaj\u00ed stra\u0161n\u00e9 pokroky. Krom\u011b toho, \u017ee se \u010d\u00edm d\u00e1l v\u00edc pokou\u0161\u00ed stav\u011bt na no\u017ei\u010dky a jejich ch\u016fze u\u017e nen\u00ed \u00fapln\u00e9 z\u00e1vod\u011bn\u00ed v pl\u00ed\u017een\u00ed, ale batolen\u00ed a ob\u010das lehce nemotorn\u00e1 ch\u016fze, tak u\u017e zkou\u0161\u00ed pou\u017e\u00edvat no\u017ei\u010dky i na jin\u00e9 v\u011bci jako je nap\u0159\u00edklad drb\u00e1n\u00ed se \ud83d\ude42<\/p>\n<p>&nbsp;<\/p>\n<p><strong>28.6.2015<\/strong> Tento den byl pro n\u00e1s ve znamen\u00ed Brendi\u010dky zkou\u0161ek ZZO dle NZ\u0158. Bohu\u017eel zkou\u0161ku nesplnila a o to v\u00edc jsem se t\u011b\u0161ila v poledne dom\u016f na \u0161t\u011b\u0148\u00e1tka. P\u0159i odpoledn\u00edm v\u00e1\u017een\u00ed sem zjistila, \u017ee v\u011bt\u0161ina \u0161t\u011b\u0148\u00e1tek ji\u017e dos\u00e1hla dvojn\u00e1sobku sv\u00e9 porodn\u00ed v\u00e1hy a prvn\u011b jsem jim ost\u0159\u00edhala dr\u00e1pky, proto\u017ee ji\u017e bylo vid\u011bt, \u017ee kojen\u00ed u\u017e pro Angee nen\u00ed tak p\u0159\u00edjemn\u00e9 jako na za\u010d\u00e1tku. \u0160t\u011b\u0148\u00e1tka, kdy\u017e saj\u00ed ml\u00ed\u010dko, tak u toho je\u0161t\u011b plavou no\u017ei\u010dkami a \u0161kr\u00e1bou Angelinku \ud83d\ude00<\/p>\n<p>&nbsp;<\/p>\n<p><strong>27.6.2015<\/strong> Dopoledne n\u00e1m propr\u0161elo a tak se ani Angee ani zbytku sme\u010dky necht\u011blo v\u016fbec ven. Odpoledne k n\u00e1m na n\u00e1v\u0161t\u011bvu p\u0159ijela Angelinky a Brendi\u010dky chovatelka Olinka H\u00e1jkov\u00e1 a byla ze \u0161t\u011b\u0148\u00e1tek \u00fapln\u011b nad\u0161en\u00e1, stejn\u011b jako my. Jsou to vlastn\u011b prvn\u00ed vnou\u010d\u00e1tka \u0160\u0165astn\u00e9ho koutku.<\/p>\n<p>&nbsp;<\/p>\n<p><strong>26.6.2015 <\/strong>\u0160t\u011b\u0148\u00e1tka st\u00e1le v\u011bt\u0161inu dne spinkaj\u00ed a v\u017edy, kdy\u017e p\u0159ijde Angee do bed\u00fdnky, tak se na n\u00ed sesypou a b\u011bhem chvilky za\u010dn\u011b zn\u00edt nenasytn\u00e9 mlask\u00e1n\u00ed \ud83d\ude42 Po chvilce pak za\u010dnou \u0161t\u011b\u0148\u00e1tka jedno po druh\u00e9m odpad\u00e1vat od cec\u00edk\u016f, Angee si je omyje a jdou zas spinkat. No a dala jsem jim ji\u017e podruh\u00e9 vyprat vetbed, na kter\u00e9m \u0161t\u011b\u0148\u00e1tka m\u00e1me.<strong><br \/>\n<\/strong><\/p>\n<p>&nbsp;<\/p>\n<p><strong>25.6.2015 <\/strong>N\u011bkter\u00e1 \u0161t\u011b\u0148\u00e1tka se u\u017e za\u010d\u00ednaj\u00ed stav\u011bt na no\u017ei\u010dky a roztomile se batol\u00ed, kdy\u017e p\u0159ijde Angee do bedny, tak se batolen\u00ed m\u011bn\u00ed na z\u00e1vod k ml\u00e9\u010dn\u00e9mu baru \ud83d\ude00 P\u0159i ka\u017edodenn\u00ed v\u00e1\u017een\u00ed zji\u0161\u0165uji, \u017ee se mi \u0161t\u011b\u0148\u00e1tka ji\u017e p\u0159est\u00e1vaj\u00ed vej\u00edt do misky, p\u0159itom prvn\u00ed den kolem nich bylo tolik m\u00edsta, budu muset vyt\u00e1hnout n\u011bjakou v\u011bt\u0161\u00ed misku.<\/p>\n<p>&nbsp;<\/p>\n<p><strong>24.6.2015<\/strong> \u0160t\u011b\u0148\u00e1tk\u016fm je t\u00fdden! Brzy ji\u017e zdvojn\u00e1sob\u00ed svoji porodn\u00ed v\u00e1hu a zhruba od 10. dne za\u010d\u00ednaj\u00ed otev\u00edrat o\u010di, na co\u017e se moc t\u011b\u0161\u00edme. V\u011bt\u0161inu dne sp\u00ed, saj\u00ed ml\u00ed\u010dko od maminky nebo se s jej\u00ed pomoc\u00ed vyprazd\u0148uj\u00ed. Angelinka se n\u00e1m za\u010d\u00edn\u00e1 vracet do sv\u00e9ho \u017eivota p\u0159ed \u0161t\u011b\u0148\u00e1tky, vesele aportuje v\u0161e co najde, tr\u00e1v\u00ed u\u017e v\u00edce \u010dasu mimo porodn\u00ed bednu, ale s nad\u0161en\u00edm a starostlivost\u00ed se vrac\u00ed kontrolovat a obstar\u00e1vat \u0161t\u011b\u0148\u00e1tka.<\/p>\n<p>&nbsp;<\/p>\n<p><strong>23.6.2015<\/strong> Prvn\u00ed z mr\u0148ousk\u016f p\u0159es\u00e1hl v\u00e1hu 0,5 kg &#8211; je to na\u0161e \u010dern\u00e1 hol\u010di\u010dka, nejv\u011bt\u0161\u00ed z vrhu, se jm\u00e9nem Antracit Brecia &#8211; Br\u00e9\u010da. Tato hol\u010di\u010dka se um\u00ed nejhlasit\u011bji hl\u00e1sit o ml\u00ed\u010dko a zavolat si maminku i z venku \ud83d\ude42 Zato nejmen\u0161\u00ed \u010dern\u00e1 hol\u010di\u010dka Ardesia Nera\u00a0se dere k ml\u00ed\u010dku tak, \u017ee ob\u010das \u017easnu nad t\u00edm, jak rychle se k mamince dostane, je to bojovnice, klidn\u011b p\u0159eleze i sv\u00e9 v\u011bt\u0161\u00ed sourozence, jen aby m\u011bla lep\u0161\u00ed m\u00edsto u ml\u00ed\u010dka. M\u00e1me ze v\u0161ech \u0161t\u011b\u0148\u00e1tek radost a st\u00e1le se na n\u011b nem\u016f\u017eeme vynad\u00edvat. N\u00e1\u0161 \u017eivot s pejsky se v\u0161ak nezastavil, i kdy\u017e tro\u0161ku p\u0159ibrzdil a tak jsme odpoledne byli oba s Brendi\u010dkou na cvi\u010d\u00e1ku, jeliko\u017e se p\u0159ipravuje na ned\u011bln\u00ed zkou\u0161ku ZZO.<\/p>\n<p>&nbsp;<\/p>\n<p><strong>22.6.2015<\/strong> Prvn\u00ed den po t\u00fddenn\u00ed dovolen\u00e9 v pr\u00e1ci. Angee je sama doma se \u0161t\u011b\u0148\u00e1tky, m\u00e1me j\u00ed st\u00e1le pod dozorem prost\u0159ednictv\u00edm online kamer a v poledne jede pani\u010dka dom\u016f na kontrolu a ven\u010den\u00ed. \u0160t\u011b\u0148\u00e1tka se \u010d\u00edm d\u00e1l hlasit\u011bji a \u010dast\u011bji oz\u00fdvaj\u00ed z bed\u00fdnky a p\u0159i ka\u017edodenn\u00edm v\u00e1\u017een\u00ed je vid\u011bt, \u017ee dob\u0159e prosp\u00edvaj\u00ed a p\u0159ib\u00edraj\u00ed. Odpoledne m\u011bla Angelinka se \u0161t\u011b\u0148\u00e1tky 2 n\u00e1v\u0161t\u011bvy.<\/p>\n<p>&nbsp;<\/p>\n<p><strong>21.6.2015<\/strong> Posledn\u00ed den se \u0161t\u011b\u0148\u00e1tky doma. Tentokr\u00e1t jsme ud\u011blali dom\u00e1c\u00ed st\u0159\u00edd\u00e1n\u00ed, Vild\u00edk jel s Brendi\u010dkou na coursingov\u00fd z\u00e1vod Poh\u00e1r Sv. Rocha a j\u00e1 z\u016fstala doma se \u0161t\u011b\u0148\u00e1tky. R\u00e1no jsem vzala Angelinku na proch\u00e1zku ke konzumu, aby tak\u00e9 p\u0159i\u0161la na jin\u00e9 my\u0161lenky. Dopoledne sem zas str\u00e1vila s miminky v bedn\u011b a odpoledne sem se pustila do vym\u00fd\u0161len\u00ed a kompletov\u00e1n\u00ed jmen pro \u0161t\u011b\u0148\u00e1tka. V podve\u010der m\u011bla \u0161t\u011b\u0148\u00e1tka svoji dal\u0161\u00ed n\u00e1v\u0161t\u011bvu.<\/p>\n<p>&nbsp;<\/p>\n<p><strong>20.6.2015<\/strong> Brendi\u010dka a j\u00e1 jsme vyrazily na N\u00e1rodn\u00ed v\u00fdstavu ps\u016f v Klatovech. \u0160t\u011b\u0148\u00e1tka hl\u00eddal cel\u00fd den Vild\u00edk. Kdy\u017e jsem odpoledne p\u0159ijela, byla zas v\u011bt\u0161\u00ed ne\u017e kdy\u017e jsem r\u00e1no odj\u00ed\u017ed\u011bla a oproti prvn\u00edmu dni i mnohem drav\u011bj\u0161\u00ed. I nejmen\u0161\u00ed hol\u010di\u010dka a nejmen\u0161\u00ed chlape\u010dek jsou kr\u00e1sn\u011b drav\u00ed.<\/p>\n<p>&nbsp;<\/p>\n<p><strong>19.6.2015<\/strong> P\u00e1tek. Angelinka se skv\u011ble a sama zvl\u00e1d\u00e1 starat o \u0161t\u011b\u0148\u00e1tka a tak v p\u00e1tek m\u011bla prvn\u00ed n\u00e1v\u0161t\u011bvu ze stran z\u00e1jemc\u016f, kterou tak\u00e9 zvl\u00e1dla s p\u0159ehledem. Dokonce mi to p\u0159i\u0161lo, \u017ee se chce \u0161t\u011b\u0148\u00e1tky pochlubit. \u0160t\u011b\u0148\u00e1tka denn\u011b p\u0159ib\u00edraj\u00ed cca 30 g a za\u010dali jim postupn\u011b odpad\u00e1vat pup\u00ed\u010dky, tak z nich m\u00e1me radost. Odpoledne prob\u011bhlo jejich prvn\u00ed focen\u00ed. Angelinka poprv\u00e9 dobrovoln\u011b opou\u0161t\u00ed porodn\u00ed bednu a u\u017e se chod\u00ed sama nap\u00edt a naj\u00edst. Jakmile se ozve by\u0165 jen malink\u00e9 kv\u00edknut\u00ed, okam\u017eit\u011b se vrac\u00ed.<\/p>\n<p>&nbsp;<\/p>\n<p><strong>18.6.2015<\/strong> Op\u011bt dal\u0161\u00ed noc, kdy jsme se moc nevyspali, celou noc jsme byli na pozoru, co se d\u011bje v bedn\u011b a hl\u00eddali, jestli je Angee na \u0161t\u011b\u0148\u00e1tka opatrn\u00e1, ale je vzornou maminkou, starostliv\u011b se star\u00e1 o \u0161t\u011b\u0148\u00e1tka, neust\u00e1le je olizuje, \u010dist\u00ed a po\u0159\u00e1d si je strk\u00e1 pod sebe.\u00a0B\u011bhem dopoledne jsme vzali Angee i \u0161t\u011b\u0148\u00e1tka na kontrolu k panu veterin\u00e1\u0159i a na kup\u00edrov\u00e1n\u00ed oc\u00e1sk\u016f. I tento den jsem str\u00e1vila s nad\u0161en\u00edm v porodn\u00ed bedn\u011b.\u00a0Angelinka st\u00e1le odm\u00edt\u00e1 opou\u0161t\u011bt porodn\u00ed bednu a na ven\u010den\u00ed st\u00e1le p\u0159emlouv\u00e1me.<\/p>\n<p>&nbsp;<\/p>\n<p><strong>17.6.2015<\/strong>\u00a0 Bylo 6:45 hod., kdy\u017e Vild\u00edkovi zazvonil ji\u017e 3. den nevypnut\u00fd bud\u00edk na rann\u00ed vst\u00e1v\u00e1n\u00ed do pr\u00e1ce. Moc jsme se nevyspali, proto\u017ee Angee u\u017e byla celou noc zna\u010dn\u011b nerv\u00f3zn\u00ed a n\u011bkolikr\u00e1t za noc se byla ven\u010dit a po\u0159\u00e1d nev\u011bd\u011bla, kam by se n\u00e1m schovala. Vild\u00edk tedy po sedm\u00e9 rann\u00ed vstal a \u0161el s Angelinkou op\u011bt ven. J\u00e1 jsem kone\u010dn\u011b d\u0159\u00edmla a ze sladk\u00e9ho sn\u011bn\u00ed m\u011b v 7:30 probudilo vol\u00e1n\u00ed: &#8222;Vst\u00e1vej, je to tady, rod\u00edme!&#8220; Ne\u017e jsem se vzpamatovala, p\u0159ivedl Vild\u00edk Angee z venku a u\u017e jsem sed\u011bla v porodn\u00ed bedn\u011b a vid\u011bla, jak se na\u0161e prvn\u00ed \u0161t\u011b\u0148\u00e1tko ve v\u00e1\u010dku chyst\u00e1 za n\u00e1mi. Sv\u011btlo sv\u011bta spat\u0159ilo v 7:44 hod. Pot\u00e9 u\u017e \u0161lo v\u0161e jako po m\u00e1sle a rodilo se jedno \u0161t\u011b\u0148\u00e1tko za druh\u00fdm. Posledn\u00ed vykouklo na sv\u011bt v 11:15 hod. Narodilo se n\u00e1m 11 standardn\u00edch, kr\u00e1sn\u011b vybarven\u00fdch \u0161t\u011b\u0148\u00e1tek. Cel\u00fd den jsem str\u00e1vila v porodn\u00ed bedn\u011b, nemohla jsem se na n\u011b vynad\u00edvat. Angelinka odm\u00edt\u00e1 opou\u0161t\u011bt porodn\u00ed bednu, tak j\u00ed misky d\u00e1v\u00e1me p\u0159\u00edmo pod nos a na ven\u010den\u00ed j\u00ed mus\u00edme vylo\u017een\u011b p\u0159emlouvat.<\/p>\n","protected":false},"excerpt":{"rendered":"<p>&nbsp; 13.8.2015 \u0160t\u011b\u0148\u00e1tka byla op\u011bt od\u010dervena a prvn\u00ed hol\u010di\u010dka Breny (Antracit Brecia) odjela do nov\u00e9ho domova, n\u00e1sledovat ji v p\u00e1tek bude Azul\u00ednka (Azul Noche) a Sim (Antimon Raro). &nbsp; 6.8.2015\u00a0 Dal\u0161\u00ed cesta autem a op\u011bt naprosto v pohod\u011b. \u0160t\u011b\u0148\u00e1tka absolvovala 1. o\u010dkov\u00e1n\u00ed a \u010dipov\u00e1n\u00ed a dle z\u00e1kona mohou od tohoto \u010dtvrtka ofici\u00e1ln\u011b do nov\u00fdch domov\u016f. &hellip; <a href=\"https:\/\/hosting.pilsfree.net\/tembork\/stenatka\/stenatkovske-zpravodajstvi\/\" class=\"more-link\">Pokra\u010dov\u00e1n\u00ed textu <span class=\"screen-reader-text\">\u0160t\u011b\u0148\u00e1tkovsk\u00e9 zpravodajstv\u00ed<\/span> <span class=\"meta-nav\">&rarr;<\/span><\/a><\/p>\n","protected":false},"author":1,"featured_media":0,"parent":79,"menu_order":0,"comment_status":"closed","ping_status":"open","template":"","meta":{"_exactmetrics_skip_tracking":false,"_exactmetrics_sitenote_active":false,"_exactmetrics_sitenote_note":"","_exactmetrics_sitenote_category":0,"footnotes":""},"class_list":["post-482","page","type-page","status-publish","hentry"],"_links":{"self":[{"href":"https:\/\/hosting.pilsfree.net\/tembork\/wp-json\/wp\/v2\/pages\/482"}],"collection":[{"href":"https:\/\/hosting.pilsfree.net\/tembork\/wp-json\/wp\/v2\/pages"}],"about":[{"href":"https:\/\/hosting.pilsfree.net\/tembork\/wp-json\/wp\/v2\/types\/page"}],"author":[{"embeddable":true,"href":"https:\/\/hosting.pilsfree.net\/tembork\/wp-json\/wp\/v2\/users\/1"}],"replies":[{"embeddable":true,"href":"https:\/\/hosting.pilsfree.net\/tembork\/wp-json\/wp\/v2\/comments?post=482"}],"version-history":[{"count":56,"href":"https:\/\/hosting.pilsfree.net\/tembork\/wp-json\/wp\/v2\/pages\/482\/revisions"}],"predecessor-version":[{"id":700,"href":"https:\/\/hosting.pilsfree.net\/tembork\/wp-json\/wp\/v2\/pages\/482\/revisions\/700"}],"up":[{"embeddable":true,"href":"https:\/\/hosting.pilsfree.net\/tembork\/wp-json\/wp\/v2\/pages\/79"}],"wp:attachment":[{"href":"https:\/\/hosting.pilsfree.net\/tembork\/wp-json\/wp\/v2\/media?parent=482"}],"curies":[{"name":"wp","href":"https:\/\/api.w.org\/{rel}","templated":true}]}}