{"id":1380,"date":"2020-01-25T16:49:11","date_gmt":"2020-01-25T15:49:11","guid":{"rendered":"https:\/\/brennini.com\/?page_id=1380"},"modified":"2020-01-25T17:06:13","modified_gmt":"2020-01-25T16:06:13","slug":"kesinka","status":"publish","type":"page","link":"https:\/\/hosting.pilsfree.net\/tembork\/kesinka\/","title":{"rendered":"Kesinka"},"content":{"rendered":"<h2>Campana Magna Brennini<\/h2>\n<p>&nbsp;<\/p>\n<p><a href=\"https:\/\/hosting.pilsfree.net\/tembork\/novinky\/dsc_0324-3\/\" rel=\"attachment wp-att-1213\"><img loading=\"lazy\" decoding=\"async\" class=\"size-large wp-image-1213 alignnone\" src=\"https:\/\/hosting.pilsfree.net\/tembork\/wp-content\/uploads\/2014\/10\/DSC_0324-2-1024x720.jpg\" alt=\"\" width=\"590\" height=\"415\" srcset=\"https:\/\/hosting.pilsfree.net\/tembork\/wp-content\/uploads\/2014\/10\/DSC_0324-2-1024x720.jpg 1024w, https:\/\/hosting.pilsfree.net\/tembork\/wp-content\/uploads\/2014\/10\/DSC_0324-2-300x211.jpg 300w, https:\/\/hosting.pilsfree.net\/tembork\/wp-content\/uploads\/2014\/10\/DSC_0324-2-768x540.jpg 768w, https:\/\/hosting.pilsfree.net\/tembork\/wp-content\/uploads\/2014\/10\/DSC_0324-2-870x612.jpg 870w\" sizes=\"(max-width: 590px) 100vw, 590px\" \/><\/a><\/p>\n<p><strong>Plemeno:<\/strong>&nbsp;Australsk\u00fd ov\u010d\u00e1k<\/p>\n<p><strong>Matka<\/strong>:&nbsp;<a href=\"https:\/\/hosting.pilsfree.net\/tembork\/brenda\/\"><strong>BRENDA \u0160\u0164ASTN\u00dd KOUTEK<\/strong><\/a><\/p>\n<p><strong>Otec<\/strong>:&nbsp;<b><a href=\"http:\/\/www.bleuroyalaussies.com\/#!patriot\/c88b\">WW 2011, ICH, MultiCH, JCH. THORNAPPLE UNCLE SAM WANTS YOU<\/a><\/b><\/p>\n<p><strong>Rodokmen: <a href=\"http:\/\/kchbo.com\/genealogie\/genealogie.php?topMenu=14&amp;cat=14&amp;gAct=detail&amp;ID=55072\">ZDE<\/a><\/strong><\/p>\n<p><strong>Datum narozen\u00ed<\/strong>:&nbsp;2.2.2017<\/p>\n<p><strong>\u010c\u00edslo z\u00e1pisu:&nbsp;<\/strong>CMKU\/AUO\/3576\/17\/18<\/p>\n<p><strong>\u010c\u00edslo chipu: 953010001592812<\/strong><\/p>\n<p><strong>Chovatel<\/strong>:&nbsp;<a href=\"https:\/\/hosting.pilsfree.net\/tembork\/o-nas\/\" target=\"_blank\">Nikola Be\u0161kov\u00e1<\/a><\/p>\n<p><strong>Majitel:<\/strong>&nbsp;Nikola Be\u0161kov\u00e1<\/p>\n<p><strong>Spolumajitel:<\/strong> <a href=\"https:\/\/www.facebook.com\/vonhopschodie\/\">Eva \u010ce\u010dilov\u00e1<\/a><\/p>\n<p><strong>Barva: <\/strong>\u010dern\u00e1 s b\u00edl\u00fdmi znaky a hn\u011bd\u00fdm p\u00e1len\u00edm<\/p>\n<p><strong>V\u00fd\u0161ka:&nbsp;<\/strong>50 cm<\/p>\n<p><strong>V\u00e1ha:&nbsp;<\/strong>20 kg<\/p>\n<p><strong>Zuby:<\/strong>&nbsp;plnochrup\u00e1<\/p>\n<p><strong>Skus:&nbsp;<\/strong>n\u016f\u017ekov\u00fd<\/p>\n<p><strong>Ocas:&nbsp;<\/strong>dlouh\u00fd, dokup\u00edrov\u00e1n<\/p>\n<p>&nbsp;<\/p>\n<p><strong>ZDRAV\u00cd<\/strong><\/p>\n<p><strong>CEA:<\/strong>&nbsp; +\/+<strong><br \/>\nPRA:&nbsp;<\/strong>&nbsp;+\/+<strong><br \/>\nHSF4:&nbsp;<\/strong>+\/+&nbsp;<strong><br \/>\nMDR1:&nbsp;<\/strong>+\/+<strong><br \/>\n<\/strong><\/p>\n<p><strong>DKK:<\/strong>&nbsp;&nbsp;A\/A<strong><br \/>\nDLK: &nbsp;<\/strong>0\/0<strong><br \/>\n<\/strong><\/p>\n<p><strong>DOV:<\/strong>&nbsp;&nbsp;<strong>16.3.2017<\/strong>&nbsp;prost\u00e1 (eye test clear)<strong><br \/>\n<\/strong>&nbsp; &nbsp; &nbsp; &nbsp; &nbsp; &nbsp;<strong>22.3.2018<\/strong>&nbsp;prost\u00e1 (eye test clear)<strong><br \/>\n<\/strong>&nbsp; &nbsp; &nbsp; &nbsp; &nbsp; &nbsp;<strong>28.3.2019<\/strong>&nbsp;prost\u00e1 (eye test clear)<strong><br \/>\n<\/strong>&nbsp; &nbsp; &nbsp; &nbsp; &nbsp;<\/p>\n<p>&nbsp;<\/p>\n<p><strong>ZKOU\u0160KY:<\/strong><\/p>\n<p><strong>AD<\/strong>&nbsp;(vytrvalostn\u00ed zkou\u0161ka)<\/p>\n","protected":false},"excerpt":{"rendered":"<p>Campana Magna Brennini &nbsp; Plemeno:&nbsp;Australsk\u00fd ov\u010d\u00e1k Matka:&nbsp;BRENDA \u0160\u0164ASTN\u00dd KOUTEK Otec:&nbsp;WW 2011, ICH, MultiCH, JCH. THORNAPPLE UNCLE SAM WANTS YOU Rodokmen: ZDE Datum narozen\u00ed:&nbsp;2.2.2017 \u010c\u00edslo z\u00e1pisu:&nbsp;CMKU\/AUO\/3576\/17\/18 \u010c\u00edslo chipu: 953010001592812 Chovatel:&nbsp;Nikola Be\u0161kov\u00e1 Majitel:&nbsp;Nikola Be\u0161kov\u00e1 Spolumajitel: Eva \u010ce\u010dilov\u00e1 Barva: \u010dern\u00e1 s b\u00edl\u00fdmi znaky a hn\u011bd\u00fdm p\u00e1len\u00edm V\u00fd\u0161ka:&nbsp;50 cm V\u00e1ha:&nbsp;20 kg Zuby:&nbsp;plnochrup\u00e1 Skus:&nbsp;n\u016f\u017ekov\u00fd Ocas:&nbsp;dlouh\u00fd, dokup\u00edrov\u00e1n &nbsp; ZDRAV\u00cd CEA:&nbsp; +\/+ &hellip; <a href=\"https:\/\/hosting.pilsfree.net\/tembork\/kesinka\/\" class=\"more-link\">Pokra\u010dov\u00e1n\u00ed textu <span class=\"screen-reader-text\">Kesinka<\/span> <span class=\"meta-nav\">&rarr;<\/span><\/a><\/p>\n","protected":false},"author":1,"featured_media":0,"parent":0,"menu_order":0,"comment_status":"closed","ping_status":"closed","template":"","meta":{"_exactmetrics_skip_tracking":false,"_exactmetrics_sitenote_active":false,"_exactmetrics_sitenote_note":"","_exactmetrics_sitenote_category":0,"footnotes":""},"class_list":["post-1380","page","type-page","status-publish","hentry"],"_links":{"self":[{"href":"https:\/\/hosting.pilsfree.net\/tembork\/wp-json\/wp\/v2\/pages\/1380"}],"collection":[{"href":"https:\/\/hosting.pilsfree.net\/tembork\/wp-json\/wp\/v2\/pages"}],"about":[{"href":"https:\/\/hosting.pilsfree.net\/tembork\/wp-json\/wp\/v2\/types\/page"}],"author":[{"embeddable":true,"href":"https:\/\/hosting.pilsfree.net\/tembork\/wp-json\/wp\/v2\/users\/1"}],"replies":[{"embeddable":true,"href":"https:\/\/hosting.pilsfree.net\/tembork\/wp-json\/wp\/v2\/comments?post=1380"}],"version-history":[{"count":6,"href":"https:\/\/hosting.pilsfree.net\/tembork\/wp-json\/wp\/v2\/pages\/1380\/revisions"}],"predecessor-version":[{"id":1387,"href":"https:\/\/hosting.pilsfree.net\/tembork\/wp-json\/wp\/v2\/pages\/1380\/revisions\/1387"}],"wp:attachment":[{"href":"https:\/\/hosting.pilsfree.net\/tembork\/wp-json\/wp\/v2\/media?parent=1380"}],"curies":[{"name":"wp","href":"https:\/\/api.w.org\/{rel}","templated":true}]}}