{"id":1365,"date":"2020-01-25T15:12:52","date_gmt":"2020-01-25T14:12:52","guid":{"rendered":"https:\/\/brennini.com\/?page_id=1365"},"modified":"2020-01-25T16:18:52","modified_gmt":"2020-01-25T15:18:52","slug":"eyma","status":"publish","type":"page","link":"https:\/\/hosting.pilsfree.net\/tembork\/eyma\/","title":{"rendered":"Eyma"},"content":{"rendered":"<h2>Elica Cima Brennini<\/h2>\n<p><a href=\"https:\/\/hosting.pilsfree.net\/tembork\/eyma\/eyma-2\/\" rel=\"attachment wp-att-1374\"><img loading=\"lazy\" decoding=\"async\" class=\"alignleft size-medium wp-image-1374\" src=\"https:\/\/hosting.pilsfree.net\/tembork\/wp-content\/uploads\/2020\/01\/Eyma.jpg\" alt=\"\" width=\"1\" height=\"1\"><\/a><\/p>\n<p>&nbsp;<\/p>\n<p>&nbsp;<\/p>\n<p>&nbsp;<\/p>\n<p><strong>Plemeno:<\/strong>&nbsp;Australsk\u00fd ov\u010d\u00e1k<\/p>\n<p><strong>Matka<\/strong>:&nbsp;<a href=\"https:\/\/hosting.pilsfree.net\/tembork\/angelina\/\"><strong>Angelina \u0160\u0165astn\u00fd koutek<\/strong><\/a><\/p>\n<p><strong>Otec<\/strong>: <a href=\"http:\/\/www.amaranthville.com\/jerry.html\">JCh.Ch. Jeff Junior Srdcov\u00e9 eso<\/a><\/p>\n<p><strong>Rodokmen: <a href=\"http:\/\/kchbo.com\/genealogie\/genealogie.php?topMenu=14&amp;cat=14&amp;gAct=detail&amp;ID=39975\">ZDE<\/a><\/strong><\/p>\n<p><strong>Datum narozen\u00ed<\/strong>:&nbsp;27.5.2018<\/p>\n<p><strong>\u010c\u00edslo z\u00e1pisu:&nbsp;<\/strong>CMKU\/AUO\/4595\/18\/19<\/p>\n<p><strong>\u010c\u00edslo chipu: 953010002550745<\/strong><\/p>\n<p><strong>Chovatel<\/strong>:&nbsp;<a href=\"https:\/\/hosting.pilsfree.net\/tembork\/o-nas\/\" target=\"_blank\">Nikola Be\u0161kov\u00e1<\/a><\/p>\n<p><strong>Majitel:<\/strong>&nbsp;Nikola Be\u0161kov\u00e1<\/p>\n<p><strong>Spolumajitel:<\/strong> Romana Kajerov\u00e1<\/p>\n<p><strong>Barva:<\/strong> \u010dern\u00e1 s b\u00edl\u00fdmi znaky a hn\u011bd\u00fdm p\u00e1len\u00edm<\/p>\n<p><strong>V\u00fd\u0161ka:&nbsp;<\/strong>50 cm<\/p>\n<p><strong>V\u00e1ha: <\/strong>19&nbsp;kg<\/p>\n<p><strong>Zuby:<\/strong>&nbsp;plnochrup\u00e1<\/p>\n<p><strong>Skus:&nbsp;<\/strong>n\u016f\u017ekov\u00fd<\/p>\n<p><strong>Ocas:&nbsp;<\/strong>dlouh\u00fd, dokup\u00edrov\u00e1n<\/p>\n<p>&nbsp;<\/p>\n<p><strong>ZDRAV\u00cd<\/strong><\/p>\n<p><strong>CEA:<\/strong>&nbsp; +\/+<strong><br \/>\nPRA:&nbsp;<\/strong>&nbsp;+\/+<strong><br \/>\nHSF4:&nbsp;<\/strong>+\/-<strong><br \/>\nMDR1:&nbsp;<\/strong>+\/-<strong><\/p>\n<p><\/strong><\/p>\n<p><strong>DKK:<\/strong>&nbsp;&nbsp;A\/A<strong><br \/>\nDLK: &nbsp;<\/strong>0\/0<strong><br \/>\nSA:&nbsp;&nbsp;<\/strong>negativn\u00ed<\/p>\n<p><strong>DOV:<\/strong>&nbsp; <strong>12.7.2018<\/strong>&nbsp;prost\u00e1 (eye test clear)<strong><br \/>\n<\/strong>&nbsp; &nbsp; &nbsp; &nbsp; &nbsp; &nbsp;<strong>12.9<\/strong>.<strong>2019<\/strong>&nbsp;prost\u00e1 (eye test .clear)<strong><br \/>\n<\/strong>&nbsp; &nbsp; &nbsp; &nbsp; &nbsp; &nbsp;<\/p>\n<p>&nbsp;<\/p>\n<p><strong>ZKOU\u0160KY:<\/strong><\/p>\n<p>&nbsp;<\/p>\n","protected":false},"excerpt":{"rendered":"<p>Elica Cima Brennini &nbsp; &nbsp; &nbsp; Plemeno:&nbsp;Australsk\u00fd ov\u010d\u00e1k Matka:&nbsp;Angelina \u0160\u0165astn\u00fd koutek Otec: JCh.Ch. Jeff Junior Srdcov\u00e9 eso Rodokmen: ZDE Datum narozen\u00ed:&nbsp;27.5.2018 \u010c\u00edslo z\u00e1pisu:&nbsp;CMKU\/AUO\/4595\/18\/19 \u010c\u00edslo chipu: 953010002550745 Chovatel:&nbsp;Nikola Be\u0161kov\u00e1 Majitel:&nbsp;Nikola Be\u0161kov\u00e1 Spolumajitel: Romana Kajerov\u00e1 Barva: \u010dern\u00e1 s b\u00edl\u00fdmi znaky a hn\u011bd\u00fdm p\u00e1len\u00edm V\u00fd\u0161ka:&nbsp;50 cm V\u00e1ha: 19&nbsp;kg Zuby:&nbsp;plnochrup\u00e1 Skus:&nbsp;n\u016f\u017ekov\u00fd Ocas:&nbsp;dlouh\u00fd, dokup\u00edrov\u00e1n &nbsp; ZDRAV\u00cd CEA:&nbsp; +\/+ PRA:&nbsp;&nbsp;+\/+ HSF4:&nbsp;+\/- &hellip; <a href=\"https:\/\/hosting.pilsfree.net\/tembork\/eyma\/\" class=\"more-link\">Pokra\u010dov\u00e1n\u00ed textu <span class=\"screen-reader-text\">Eyma<\/span> <span class=\"meta-nav\">&rarr;<\/span><\/a><\/p>\n","protected":false},"author":1,"featured_media":0,"parent":0,"menu_order":8,"comment_status":"closed","ping_status":"closed","template":"","meta":{"_exactmetrics_skip_tracking":false,"_exactmetrics_sitenote_active":false,"_exactmetrics_sitenote_note":"","_exactmetrics_sitenote_category":0,"footnotes":""},"class_list":["post-1365","page","type-page","status-publish","hentry"],"_links":{"self":[{"href":"https:\/\/hosting.pilsfree.net\/tembork\/wp-json\/wp\/v2\/pages\/1365"}],"collection":[{"href":"https:\/\/hosting.pilsfree.net\/tembork\/wp-json\/wp\/v2\/pages"}],"about":[{"href":"https:\/\/hosting.pilsfree.net\/tembork\/wp-json\/wp\/v2\/types\/page"}],"author":[{"embeddable":true,"href":"https:\/\/hosting.pilsfree.net\/tembork\/wp-json\/wp\/v2\/users\/1"}],"replies":[{"embeddable":true,"href":"https:\/\/hosting.pilsfree.net\/tembork\/wp-json\/wp\/v2\/comments?post=1365"}],"version-history":[{"count":3,"href":"https:\/\/hosting.pilsfree.net\/tembork\/wp-json\/wp\/v2\/pages\/1365\/revisions"}],"predecessor-version":[{"id":1375,"href":"https:\/\/hosting.pilsfree.net\/tembork\/wp-json\/wp\/v2\/pages\/1365\/revisions\/1375"}],"wp:attachment":[{"href":"https:\/\/hosting.pilsfree.net\/tembork\/wp-json\/wp\/v2\/media?parent=1365"}],"curies":[{"name":"wp","href":"https:\/\/api.w.org\/{rel}","templated":true}]}}