{"id":13,"date":"2014-10-30T23:10:53","date_gmt":"2014-10-30T22:10:53","guid":{"rendered":"http:\/\/brennini.com\/?page_id=13"},"modified":"2018-03-17T18:10:30","modified_gmt":"2018-03-17T17:10:30","slug":"angelina","status":"publish","type":"page","link":"https:\/\/hosting.pilsfree.net\/tembork\/angelina\/","title":{"rendered":"Angelina"},"content":{"rendered":"<h3>Angelina \u0160\u0165astn\u00fd koutek<\/h3>\n<h3><img loading=\"lazy\" decoding=\"async\" class=\"wp-image-85 alignnone\" src=\"http:\/\/hosting.pilsfree.net\/tembork\/wp-content\/uploads\/2014\/10\/ang_velka-1024x677.jpg\" alt=\"ang_velka\" width=\"532\" height=\"352\"><\/h3>\n<p>&nbsp;<\/p>\n<p><strong>Plemeno:<\/strong> Australsk\u00fd ov\u010d\u00e1k<\/p>\n<p><strong>Matka<\/strong>:&nbsp;<b><span style=\"font-family: Verdana;\"><a href=\"http:\/\/jag-aus.cz\/aus_kiki.htm\" target=\"_blank\"><span style=\"color: #000000;\">CH. PROSTO CHUDO RIHANNA<\/span><\/a><\/span><\/b><\/p>\n<p><strong>Otec<\/strong>:&nbsp;<span style=\"color: #000000;\"><b><span style=\"font-family: Verdana;\"><a style=\"color: #000000; text-decoration: underline;\" href=\"http:\/\/www.fallcat.net\/kory.htm\" target=\"_blank\">MultiCh. PROSTO CHUDO KORAL FALLCAT<\/a><\/span><\/b><\/span><\/p>\n<p><strong>Rodokmen:&nbsp;<a href=\"http:\/\/kchbo.com\/genealogie\/genealogie.php?gPage=1&amp;topMenu=14&amp;cat=14&amp;action=home&amp;strana=1&amp;gSearch=&amp;gCmku=1&amp;sortBy=Jmeno&amp;gNameT=1&amp;gName=angelina%20&amp;gAct=detail&amp;ID=37346\" target=\"_blank\"><span style=\"text-decoration: underline;\">ZDE<\/span><\/a><\/strong><\/p>\n<p><strong>Datum narozen\u00ed<\/strong>: 20.10.2012<\/p>\n<p><strong>\u010c\u00edslo z\u00e1pisu:&nbsp;<\/strong>CMKU\/AUO\/1461\/12\/14<\/p>\n<p><strong>\u010c\u00edslo chipu:&nbsp;<\/strong>968000010096250<\/p>\n<p><strong>Chovatel<\/strong>: <a href=\"http:\/\/www.jag-aus.cz\/index_aus.htm\">Olga H\u00e1jkov\u00e1<\/a><\/p>\n<p><strong>Majitel:<\/strong> Nikola Be\u0161kov\u00e1<\/p>\n<p><strong>Barva:<\/strong> \u010dern\u00e1 s b\u00edl\u00fdmi znaky a hn\u011bd\u00fdm p\u00e1len\u00edm<\/p>\n<p><strong>V\u00fd\u0161ka: <\/strong>51 cm<\/p>\n<p><strong>V\u00e1ha:<\/strong> 21 kg<\/p>\n<p><strong>Zuby:<\/strong> plnochrup\u00e1<\/p>\n<p><strong>Skus: <\/strong>n\u016f\u017ekov\u00fd<\/p>\n<p><strong>Ocas: <\/strong>dlouh\u00fd, dokup\u00edrov\u00e1n<\/p>\n<p>&nbsp;<\/p>\n<p><strong>ZDRAV\u00cd<br \/>\n<strong><br \/>\n<strong>CEA<\/strong>:&nbsp; <\/strong><\/strong>+\/+ <strong><strong><br \/>\n<strong>PRA<\/strong>:&nbsp;<\/strong><\/strong> +\/+ <strong><strong><br \/>\n<strong>HSF4<\/strong>: <\/strong><\/strong>+\/- <strong><strong><br \/>\n<\/strong>MDR1: <\/strong>+\/+<strong><br \/>\nPHA: <\/strong>neg.<\/p>\n<p><strong>DKK<\/strong>: A\/A<strong><br \/>\n<strong>DLK<\/strong>: <\/strong>0\/0<strong><br \/>\n<\/strong><\/p>\n<p><strong>DOV:<\/strong>&nbsp; 5.2.2015 prost\u00e1 (eye test clear)<strong><br \/>\n<\/strong>&nbsp; &nbsp; &nbsp; &nbsp; 26.1.2016&nbsp;prost\u00e1 (eye test clear)<strong><br \/>\n<\/strong>&nbsp; &nbsp; &nbsp; &nbsp; 23.2.2017 prost\u00e1 (eye test clear)<strong><br \/>\n<\/strong>&nbsp; &nbsp; &nbsp; &nbsp; 25.1.2018 prost\u00e1 (eye test clear<\/p>\n<p>&nbsp;<\/p>\n<p><strong>ZKOU\u0160KY:<\/strong><\/p>\n<p><strong>AD<\/strong> (vytrvalostn\u00ed zkou\u0161ka)<\/p>\n<p><strong>ZVOP<\/strong> (zkou\u0161ka vloh ov\u010d\u00e1ck\u00e9ho psa)<\/p>\n<p><strong>coursingov\u00e1 licence<\/strong><\/p>\n<p><strong>ZOP <\/strong>dle \u0159\u00e1du KJ \u010cR Brno (zkou\u0161ka ovladatelnosti psa)<\/p>\n<p>&nbsp;<\/p>\n<h3>Angelina je narozen\u00e1 20.10.2012 a je to na\u0161e prvn\u00ed fena.<\/h3>\n<p>&nbsp;<\/p>\n<p style=\"text-align: justify;\">Od mali\u010dka jsme se j\u00ed velmi v\u011bnovali, proto\u017ee do roka vyr\u016fstala jako jedin\u00fd pes v dom\u00e1cnosti.<\/p>\n<p style=\"text-align: justify;\">Jej\u00ed nejv\u011bt\u0161\u00ed z\u00e1libou je pasen\u00ed ove\u010dek. M\u00e1 slo\u017eenou zkou\u0161ku ZVOP a ji\u017e natr\u00e9nov\u00e1no na zkou\u0161ku HWT-TS, kterou budeme skl\u00e1dat nejsp\u00ed\u0161e na ja\u0159e u na\u0161\u00ed tren\u00e9rky p. Heleny Muzik\u00e1\u0159ov\u00e9.<\/p>\n<p style=\"text-align: justify;\">Druhou nejobl\u00edbenej\u0161\u00ed aktivitou je coursing, z kter\u00e9ho m\u00e1 spln\u011bnou coursingovou licenci.<\/p>\n<p style=\"text-align: justify;\">D\u00e1le se v\u011bnujeme samoz\u0159ejm\u011b poslu\u0161nosti, agilit\u00e1m a canicrossu. Zkou\u0161\u00edme i dog dancing, proto\u017ee<\/p>\n<p style=\"text-align: justify;\">na\u0161e Angee je univerz\u00e1ln\u00ed pes &#8211; co j\u00ed uk\u00e1\u017eeme, to j\u00ed bav\u00ed a d\u011bl\u00e1 to s nad\u0161en\u00edm a radost\u00ed j\u00ed vlastn\u00ed.<br \/>\n<a href=\"http:\/\/youtu.be\/rUqMrgqkomc?list=UU57herxYajAWtvGeQi8x46g\" target=\"_blank\" rel=\"nofollow\">http:\/\/youtu.be\/rUqMrgqkomc?<wbr>list=UU57herxYajAWtvGeQi8x46g<\/a><\/p>\n<p style=\"text-align: justify;\">Miluje vodu a je i dobr\u00fd hl\u00edda\u010d. Na v\u00fdstav\u00e1ch byla v\u017edy jen v\u00fdborn\u00e1, na MVP \u010cesk\u00e9 Bud\u011bjovice&nbsp; podzim 2014 dostala titul CAC a na klubov\u00e9 v\u00fdstav\u011b v Mlad\u00e9 Boleslavi t\u00e9ho\u017e roku byla v\u00fdborn\u00e1 2. res. CAC v konkurenci 12 fen.<\/p>\n<p style=\"text-align: justify;\"><a href=\"http:\/\/hosting.pilsfree.net\/tembork\/wp-content\/uploads\/2014\/10\/A-P-d\u00fdn\u011b.jpg\"><img loading=\"lazy\" decoding=\"async\" class=\"aligncenter size-full wp-image-376\" src=\"http:\/\/hosting.pilsfree.net\/tembork\/wp-content\/uploads\/2014\/10\/A-P-d\u00fdn\u011b.jpg\" alt=\"A+P d\u00fdn\u011b\" width=\"960\" height=\"640\" srcset=\"https:\/\/hosting.pilsfree.net\/tembork\/wp-content\/uploads\/2014\/10\/A-P-d\u00fdn\u011b.jpg 960w, https:\/\/hosting.pilsfree.net\/tembork\/wp-content\/uploads\/2014\/10\/A-P-d\u00fdn\u011b-300x200.jpg 300w, https:\/\/hosting.pilsfree.net\/tembork\/wp-content\/uploads\/2014\/10\/A-P-d\u00fdn\u011b-870x580.jpg 870w\" sizes=\"(max-width: 960px) 100vw, 960px\" \/><\/a> <a href=\"http:\/\/hosting.pilsfree.net\/tembork\/wp-content\/uploads\/2014\/10\/A-poslu\u0161nost.jpg\"><img loading=\"lazy\" decoding=\"async\" class=\"aligncenter size-full wp-image-375\" src=\"http:\/\/hosting.pilsfree.net\/tembork\/wp-content\/uploads\/2014\/10\/A-poslu\u0161nost.jpg\" alt=\"A poslu\u0161nost\" width=\"960\" height=\"640\" srcset=\"https:\/\/hosting.pilsfree.net\/tembork\/wp-content\/uploads\/2014\/10\/A-poslu\u0161nost.jpg 960w, https:\/\/hosting.pilsfree.net\/tembork\/wp-content\/uploads\/2014\/10\/A-poslu\u0161nost-300x200.jpg 300w, https:\/\/hosting.pilsfree.net\/tembork\/wp-content\/uploads\/2014\/10\/A-poslu\u0161nost-870x580.jpg 870w\" sizes=\"(max-width: 960px) 100vw, 960px\" \/><\/a> <a href=\"http:\/\/hosting.pilsfree.net\/tembork\/wp-content\/uploads\/2014\/10\/A-ovce3.jpg\"><img loading=\"lazy\" decoding=\"async\" class=\"aligncenter size-full wp-image-373\" src=\"http:\/\/hosting.pilsfree.net\/tembork\/wp-content\/uploads\/2014\/10\/A-ovce3.jpg\" alt=\"A ovce3\" width=\"960\" height=\"632\" srcset=\"https:\/\/hosting.pilsfree.net\/tembork\/wp-content\/uploads\/2014\/10\/A-ovce3.jpg 960w, https:\/\/hosting.pilsfree.net\/tembork\/wp-content\/uploads\/2014\/10\/A-ovce3-300x197.jpg 300w, https:\/\/hosting.pilsfree.net\/tembork\/wp-content\/uploads\/2014\/10\/A-ovce3-870x572.jpg 870w\" sizes=\"(max-width: 960px) 100vw, 960px\" \/><\/a> <a href=\"http:\/\/hosting.pilsfree.net\/tembork\/wp-content\/uploads\/2014\/10\/A-ovce2.jpg\"><img loading=\"lazy\" decoding=\"async\" class=\"aligncenter size-full wp-image-372\" src=\"http:\/\/hosting.pilsfree.net\/tembork\/wp-content\/uploads\/2014\/10\/A-ovce2.jpg\" alt=\"A ovce2\" width=\"960\" height=\"611\" srcset=\"https:\/\/hosting.pilsfree.net\/tembork\/wp-content\/uploads\/2014\/10\/A-ovce2.jpg 960w, https:\/\/hosting.pilsfree.net\/tembork\/wp-content\/uploads\/2014\/10\/A-ovce2-300x190.jpg 300w, https:\/\/hosting.pilsfree.net\/tembork\/wp-content\/uploads\/2014\/10\/A-ovce2-870x553.jpg 870w\" sizes=\"(max-width: 960px) 100vw, 960px\" \/><\/a> <a href=\"http:\/\/hosting.pilsfree.net\/tembork\/wp-content\/uploads\/2014\/10\/A-ovce1.jpg\"><img loading=\"lazy\" decoding=\"async\" class=\"aligncenter size-full wp-image-371\" src=\"http:\/\/hosting.pilsfree.net\/tembork\/wp-content\/uploads\/2014\/10\/A-ovce1.jpg\" alt=\"A ovce1\" width=\"960\" height=\"656\" srcset=\"https:\/\/hosting.pilsfree.net\/tembork\/wp-content\/uploads\/2014\/10\/A-ovce1.jpg 960w, https:\/\/hosting.pilsfree.net\/tembork\/wp-content\/uploads\/2014\/10\/A-ovce1-300x205.jpg 300w, https:\/\/hosting.pilsfree.net\/tembork\/wp-content\/uploads\/2014\/10\/A-ovce1-870x594.jpg 870w\" sizes=\"(max-width: 960px) 100vw, 960px\" \/><\/a> <a href=\"http:\/\/hosting.pilsfree.net\/tembork\/wp-content\/uploads\/2014\/10\/A-ovce.jpg\"><img loading=\"lazy\" decoding=\"async\" class=\"aligncenter size-full wp-image-370\" src=\"http:\/\/hosting.pilsfree.net\/tembork\/wp-content\/uploads\/2014\/10\/A-ovce.jpg\" alt=\"A ovce\" width=\"960\" height=\"633\" srcset=\"https:\/\/hosting.pilsfree.net\/tembork\/wp-content\/uploads\/2014\/10\/A-ovce.jpg 960w, https:\/\/hosting.pilsfree.net\/tembork\/wp-content\/uploads\/2014\/10\/A-ovce-300x197.jpg 300w, https:\/\/hosting.pilsfree.net\/tembork\/wp-content\/uploads\/2014\/10\/A-ovce-870x573.jpg 870w\" sizes=\"(max-width: 960px) 100vw, 960px\" \/><\/a> <a href=\"http:\/\/hosting.pilsfree.net\/tembork\/wp-content\/uploads\/2014\/10\/A-obrany.jpg\"><img loading=\"lazy\" decoding=\"async\" class=\"aligncenter size-full wp-image-369\" src=\"http:\/\/hosting.pilsfree.net\/tembork\/wp-content\/uploads\/2014\/10\/A-obrany.jpg\" alt=\"A obrany\" width=\"960\" height=\"640\" srcset=\"https:\/\/hosting.pilsfree.net\/tembork\/wp-content\/uploads\/2014\/10\/A-obrany.jpg 960w, https:\/\/hosting.pilsfree.net\/tembork\/wp-content\/uploads\/2014\/10\/A-obrany-300x200.jpg 300w, https:\/\/hosting.pilsfree.net\/tembork\/wp-content\/uploads\/2014\/10\/A-obrany-870x580.jpg 870w\" sizes=\"(max-width: 960px) 100vw, 960px\" \/><\/a> <a href=\"http:\/\/hosting.pilsfree.net\/tembork\/wp-content\/uploads\/2014\/10\/A-MVP-\u010cB1.jpg\"><img loading=\"lazy\" decoding=\"async\" class=\"aligncenter size-full wp-image-368\" src=\"http:\/\/hosting.pilsfree.net\/tembork\/wp-content\/uploads\/2014\/10\/A-MVP-\u010cB1.jpg\" alt=\"A MVP \u010cB1\" width=\"960\" height=\"640\" srcset=\"https:\/\/hosting.pilsfree.net\/tembork\/wp-content\/uploads\/2014\/10\/A-MVP-\u010cB1.jpg 960w, https:\/\/hosting.pilsfree.net\/tembork\/wp-content\/uploads\/2014\/10\/A-MVP-\u010cB1-300x200.jpg 300w, https:\/\/hosting.pilsfree.net\/tembork\/wp-content\/uploads\/2014\/10\/A-MVP-\u010cB1-870x580.jpg 870w\" sizes=\"(max-width: 960px) 100vw, 960px\" \/><\/a> <a href=\"http:\/\/hosting.pilsfree.net\/tembork\/wp-content\/uploads\/2014\/10\/A-MVP-\u010cB.jpg\"><img loading=\"lazy\" decoding=\"async\" class=\"aligncenter size-full wp-image-367\" src=\"http:\/\/hosting.pilsfree.net\/tembork\/wp-content\/uploads\/2014\/10\/A-MVP-\u010cB.jpg\" alt=\"A MVP \u010cB\" width=\"960\" height=\"640\" srcset=\"https:\/\/hosting.pilsfree.net\/tembork\/wp-content\/uploads\/2014\/10\/A-MVP-\u010cB.jpg 960w, https:\/\/hosting.pilsfree.net\/tembork\/wp-content\/uploads\/2014\/10\/A-MVP-\u010cB-300x200.jpg 300w, https:\/\/hosting.pilsfree.net\/tembork\/wp-content\/uploads\/2014\/10\/A-MVP-\u010cB-870x580.jpg 870w\" sizes=\"(max-width: 960px) 100vw, 960px\" \/><\/a> <a href=\"http:\/\/hosting.pilsfree.net\/tembork\/wp-content\/uploads\/2014\/10\/A-coursing2.jpg\"><img loading=\"lazy\" decoding=\"async\" class=\"aligncenter size-full wp-image-366\" src=\"http:\/\/hosting.pilsfree.net\/tembork\/wp-content\/uploads\/2014\/10\/A-coursing2.jpg\" alt=\"A coursing2\" width=\"960\" height=\"640\" srcset=\"https:\/\/hosting.pilsfree.net\/tembork\/wp-content\/uploads\/2014\/10\/A-coursing2.jpg 960w, https:\/\/hosting.pilsfree.net\/tembork\/wp-content\/uploads\/2014\/10\/A-coursing2-300x200.jpg 300w, https:\/\/hosting.pilsfree.net\/tembork\/wp-content\/uploads\/2014\/10\/A-coursing2-870x580.jpg 870w\" sizes=\"(max-width: 960px) 100vw, 960px\" \/><\/a> <a href=\"http:\/\/hosting.pilsfree.net\/tembork\/wp-content\/uploads\/2014\/10\/A-coursing1.jpg\"><img loading=\"lazy\" decoding=\"async\" class=\"aligncenter size-full wp-image-365\" src=\"http:\/\/hosting.pilsfree.net\/tembork\/wp-content\/uploads\/2014\/10\/A-coursing1.jpg\" alt=\"A coursing1\" width=\"960\" height=\"498\" srcset=\"https:\/\/hosting.pilsfree.net\/tembork\/wp-content\/uploads\/2014\/10\/A-coursing1.jpg 960w, https:\/\/hosting.pilsfree.net\/tembork\/wp-content\/uploads\/2014\/10\/A-coursing1-300x155.jpg 300w, https:\/\/hosting.pilsfree.net\/tembork\/wp-content\/uploads\/2014\/10\/A-coursing1-870x451.jpg 870w\" sizes=\"(max-width: 960px) 100vw, 960px\" \/><\/a> <a href=\"http:\/\/hosting.pilsfree.net\/tembork\/wp-content\/uploads\/2014\/10\/A-coursing.jpg\"><img loading=\"lazy\" decoding=\"async\" class=\"aligncenter size-full wp-image-364\" src=\"http:\/\/hosting.pilsfree.net\/tembork\/wp-content\/uploads\/2014\/10\/A-coursing.jpg\" alt=\"A coursing\" width=\"960\" height=\"666\" srcset=\"https:\/\/hosting.pilsfree.net\/tembork\/wp-content\/uploads\/2014\/10\/A-coursing.jpg 960w, https:\/\/hosting.pilsfree.net\/tembork\/wp-content\/uploads\/2014\/10\/A-coursing-300x208.jpg 300w, https:\/\/hosting.pilsfree.net\/tembork\/wp-content\/uploads\/2014\/10\/A-coursing-870x603.jpg 870w\" sizes=\"(max-width: 960px) 100vw, 960px\" \/><\/a> <a href=\"http:\/\/hosting.pilsfree.net\/tembork\/wp-content\/uploads\/2014\/10\/A-agility1.jpg\"><img loading=\"lazy\" decoding=\"async\" class=\"aligncenter size-full wp-image-363\" src=\"http:\/\/hosting.pilsfree.net\/tembork\/wp-content\/uploads\/2014\/10\/A-agility1.jpg\" alt=\"A agility1\" width=\"960\" height=\"640\" srcset=\"https:\/\/hosting.pilsfree.net\/tembork\/wp-content\/uploads\/2014\/10\/A-agility1.jpg 960w, https:\/\/hosting.pilsfree.net\/tembork\/wp-content\/uploads\/2014\/10\/A-agility1-300x200.jpg 300w, https:\/\/hosting.pilsfree.net\/tembork\/wp-content\/uploads\/2014\/10\/A-agility1-870x580.jpg 870w\" sizes=\"(max-width: 960px) 100vw, 960px\" \/><\/a> <a href=\"http:\/\/hosting.pilsfree.net\/tembork\/wp-content\/uploads\/2014\/10\/A-agility.jpg\"><img loading=\"lazy\" decoding=\"async\" class=\"aligncenter size-full wp-image-362\" src=\"http:\/\/hosting.pilsfree.net\/tembork\/wp-content\/uploads\/2014\/10\/A-agility.jpg\" alt=\"A agility\" width=\"960\" height=\"640\" srcset=\"https:\/\/hosting.pilsfree.net\/tembork\/wp-content\/uploads\/2014\/10\/A-agility.jpg 960w, https:\/\/hosting.pilsfree.net\/tembork\/wp-content\/uploads\/2014\/10\/A-agility-300x200.jpg 300w, https:\/\/hosting.pilsfree.net\/tembork\/wp-content\/uploads\/2014\/10\/A-agility-870x580.jpg 870w\" sizes=\"(max-width: 960px) 100vw, 960px\" \/><\/a><\/p>\n","protected":false},"excerpt":{"rendered":"<p>Angelina \u0160\u0165astn\u00fd koutek &nbsp; Plemeno: Australsk\u00fd ov\u010d\u00e1k Matka:&nbsp;CH. PROSTO CHUDO RIHANNA Otec:&nbsp;MultiCh. PROSTO CHUDO KORAL FALLCAT Rodokmen:&nbsp;ZDE Datum narozen\u00ed: 20.10.2012 \u010c\u00edslo z\u00e1pisu:&nbsp;CMKU\/AUO\/1461\/12\/14 \u010c\u00edslo chipu:&nbsp;968000010096250 Chovatel: Olga H\u00e1jkov\u00e1 Majitel: Nikola Be\u0161kov\u00e1 Barva: \u010dern\u00e1 s b\u00edl\u00fdmi znaky a hn\u011bd\u00fdm p\u00e1len\u00edm V\u00fd\u0161ka: 51 cm V\u00e1ha: 21 kg Zuby: plnochrup\u00e1 Skus: n\u016f\u017ekov\u00fd Ocas: dlouh\u00fd, dokup\u00edrov\u00e1n &nbsp; ZDRAV\u00cd CEA:&nbsp; +\/+ &hellip; <a href=\"https:\/\/hosting.pilsfree.net\/tembork\/angelina\/\" class=\"more-link\">Pokra\u010dov\u00e1n\u00ed textu <span class=\"screen-reader-text\">Angelina<\/span> <span class=\"meta-nav\">&rarr;<\/span><\/a><\/p>\n","protected":false},"author":1,"featured_media":0,"parent":0,"menu_order":0,"comment_status":"closed","ping_status":"open","template":"","meta":{"_exactmetrics_skip_tracking":false,"_exactmetrics_sitenote_active":false,"_exactmetrics_sitenote_note":"","_exactmetrics_sitenote_category":0,"footnotes":""},"class_list":["post-13","page","type-page","status-publish","hentry"],"_links":{"self":[{"href":"https:\/\/hosting.pilsfree.net\/tembork\/wp-json\/wp\/v2\/pages\/13"}],"collection":[{"href":"https:\/\/hosting.pilsfree.net\/tembork\/wp-json\/wp\/v2\/pages"}],"about":[{"href":"https:\/\/hosting.pilsfree.net\/tembork\/wp-json\/wp\/v2\/types\/page"}],"author":[{"embeddable":true,"href":"https:\/\/hosting.pilsfree.net\/tembork\/wp-json\/wp\/v2\/users\/1"}],"replies":[{"embeddable":true,"href":"https:\/\/hosting.pilsfree.net\/tembork\/wp-json\/wp\/v2\/comments?post=13"}],"version-history":[{"count":75,"href":"https:\/\/hosting.pilsfree.net\/tembork\/wp-json\/wp\/v2\/pages\/13\/revisions"}],"predecessor-version":[{"id":1280,"href":"https:\/\/hosting.pilsfree.net\/tembork\/wp-json\/wp\/v2\/pages\/13\/revisions\/1280"}],"wp:attachment":[{"href":"https:\/\/hosting.pilsfree.net\/tembork\/wp-json\/wp\/v2\/media?parent=13"}],"curies":[{"name":"wp","href":"https:\/\/api.w.org\/{rel}","templated":true}]}}