{"id":1293,"date":"2018-04-19T10:16:28","date_gmt":"2018-04-19T09:16:28","guid":{"rendered":"http:\/\/brennini.com\/?page_id=1293"},"modified":"2020-01-25T16:38:54","modified_gmt":"2020-01-25T15:38:54","slug":"vrh-d","status":"publish","type":"page","link":"https:\/\/hosting.pilsfree.net\/tembork\/stenatka\/vrh-d\/","title":{"rendered":"Vrh D"},"content":{"rendered":"<p style=\"text-align: left;\"><strong>Dne 18.10.2017 se na Farm\u011b S\u00fdkor\u016fv ml\u00fdn narodila prvn\u00ed vnou\u010d\u00e1tka po na\u0161\u00ed odchova\u0148kyni Zulce (Ch. Azul Noche Brennini), babi\u010dkou se tedy stala na\u0161e Angelinka. Py\u0161n\u00fdm tat\u00ednkem se stal Garry Medv\u011bd\u00ed tlapa. Tento n\u00e1\u0161 extern\u00ed vrh byl odchov\u00e1n na Vyso\u010din\u011b. Narodila se 1 black tricolor hol\u010di\u010dka (s podkusem), 1 black tricolor kluk a 5 blue merle kluk\u016f, v\u0161ichni s p\u00e1len\u00edm a vybarven\u00edm dle standardu plemene.<\/strong><\/p>\n","protected":false},"excerpt":{"rendered":"<p>Dne 18.10.2017 se na Farm\u011b S\u00fdkor\u016fv ml\u00fdn narodila prvn\u00ed vnou\u010d\u00e1tka po na\u0161\u00ed odchova\u0148kyni Zulce (Ch. Azul Noche Brennini), babi\u010dkou se tedy stala na\u0161e Angelinka. Py\u0161n\u00fdm tat\u00ednkem se stal Garry Medv\u011bd\u00ed tlapa. Tento n\u00e1\u0161 extern\u00ed vrh byl odchov\u00e1n na Vyso\u010din\u011b. Narodila se 1 black tricolor hol\u010di\u010dka (s podkusem), 1 black tricolor kluk a 5 blue merle &hellip; <a href=\"https:\/\/hosting.pilsfree.net\/tembork\/stenatka\/vrh-d\/\" class=\"more-link\">Pokra\u010dov\u00e1n\u00ed textu <span class=\"screen-reader-text\">Vrh D<\/span> <span class=\"meta-nav\">&rarr;<\/span><\/a><\/p>\n","protected":false},"author":1,"featured_media":0,"parent":79,"menu_order":0,"comment_status":"closed","ping_status":"closed","template":"","meta":{"_exactmetrics_skip_tracking":false,"_exactmetrics_sitenote_active":false,"_exactmetrics_sitenote_note":"","_exactmetrics_sitenote_category":0,"footnotes":""},"class_list":["post-1293","page","type-page","status-publish","hentry"],"_links":{"self":[{"href":"https:\/\/hosting.pilsfree.net\/tembork\/wp-json\/wp\/v2\/pages\/1293"}],"collection":[{"href":"https:\/\/hosting.pilsfree.net\/tembork\/wp-json\/wp\/v2\/pages"}],"about":[{"href":"https:\/\/hosting.pilsfree.net\/tembork\/wp-json\/wp\/v2\/types\/page"}],"author":[{"embeddable":true,"href":"https:\/\/hosting.pilsfree.net\/tembork\/wp-json\/wp\/v2\/users\/1"}],"replies":[{"embeddable":true,"href":"https:\/\/hosting.pilsfree.net\/tembork\/wp-json\/wp\/v2\/comments?post=1293"}],"version-history":[{"count":3,"href":"https:\/\/hosting.pilsfree.net\/tembork\/wp-json\/wp\/v2\/pages\/1293\/revisions"}],"predecessor-version":[{"id":1377,"href":"https:\/\/hosting.pilsfree.net\/tembork\/wp-json\/wp\/v2\/pages\/1293\/revisions\/1377"}],"up":[{"embeddable":true,"href":"https:\/\/hosting.pilsfree.net\/tembork\/wp-json\/wp\/v2\/pages\/79"}],"wp:attachment":[{"href":"https:\/\/hosting.pilsfree.net\/tembork\/wp-json\/wp\/v2\/media?parent=1293"}],"curies":[{"name":"wp","href":"https:\/\/api.w.org\/{rel}","templated":true}]}}