{"id":1204,"date":"2017-04-18T16:39:13","date_gmt":"2017-04-18T15:39:13","guid":{"rendered":"http:\/\/brennini.com\/?page_id=1204"},"modified":"2020-01-25T19:47:37","modified_gmt":"2020-01-25T18:47:37","slug":"patinka","status":"publish","type":"page","link":"https:\/\/hosting.pilsfree.net\/tembork\/patinka\/","title":{"rendered":"P\u00e1tinka"},"content":{"rendered":"<h2>Ch. Covellin the Queen Brennini<\/h2>\n<p>&nbsp;<\/p>\n<p><a href=\"http:\/\/hosting.pilsfree.net\/tembork\/wp-content\/uploads\/2017\/04\/DSC_0518-1.jpg\" target=\"_blank\"><img loading=\"lazy\" decoding=\"async\" class=\"wp-image-1206 size-large alignnone\" src=\"http:\/\/hosting.pilsfree.net\/tembork\/wp-content\/uploads\/2017\/04\/DSC_0518-1-1024x683.jpg\" alt=\"\" width=\"590\" height=\"394\" srcset=\"https:\/\/hosting.pilsfree.net\/tembork\/wp-content\/uploads\/2017\/04\/DSC_0518-1-1024x683.jpg 1024w, https:\/\/hosting.pilsfree.net\/tembork\/wp-content\/uploads\/2017\/04\/DSC_0518-1-300x200.jpg 300w, https:\/\/hosting.pilsfree.net\/tembork\/wp-content\/uploads\/2017\/04\/DSC_0518-1-768x512.jpg 768w, https:\/\/hosting.pilsfree.net\/tembork\/wp-content\/uploads\/2017\/04\/DSC_0518-1-870x580.jpg 870w\" sizes=\"(max-width: 590px) 100vw, 590px\" \/><\/a><\/p>\n<p>&nbsp;<\/p>\n<p><strong>Plemeno:<\/strong> Australsk\u00fd ov\u010d\u00e1k<\/p>\n<p><strong>Matka<\/strong>:&nbsp;<a href=\"https:\/\/hosting.pilsfree.net\/tembork\/brenda\/\"><strong>BRENDA \u0160\u0164ASTN\u00dd KOUTEK<\/strong><\/a><\/p>\n<p><strong>Otec<\/strong>:&nbsp;<b><a href=\"http:\/\/www.bleuroyalaussies.com\/#!patriot\/c88b\">WW 2011, ICH, MultiCH, JCH. THORNAPPLE UNCLE SAM WANTS YOU<\/a><\/b><\/p>\n<p><strong>Rodokmen:&nbsp;<a href=\"http:\/\/www.ismecka.cz\/kryti\/650\" target=\"_blank\">ZDE<\/a><\/strong><\/p>\n<p><strong>Datum narozen\u00ed<\/strong>:&nbsp;2.2.2017<\/p>\n<p><strong>\u010c\u00edslo z\u00e1pisu:&nbsp;<\/strong>CMKU\/AUO\/3577\/17\/18<\/p>\n<p><strong>\u010c\u00edslo chipu: 953010001593039<\/strong><\/p>\n<p><strong>Chovatel<\/strong>: <a href=\"http:\/\/hosting.pilsfree.net\/tembork\/o-nas\/\" target=\"_blank\">Nikola Be\u0161kov\u00e1<\/a><\/p>\n<p><strong>Majitel:<\/strong> Nikola Be\u0161kov\u00e1<\/p>\n<p><strong>Barva:<\/strong>&nbsp;blue merle, s p\u00e1len\u00edm, b\u00edl\u00e9 znaky<\/p>\n<p><strong>V\u00fd\u0161ka: <\/strong>52 cm<\/p>\n<p><strong>V\u00e1ha: <\/strong>23 kg<\/p>\n<p><strong>Zuby:<\/strong> plnochrup\u00e1<\/p>\n<p><strong>Skus: <\/strong>n\u016f\u017ekov\u00fd<\/p>\n<p><strong>Ocas: <\/strong>dlouh\u00fd, dokup\u00edrov\u00e1n<\/p>\n<p>&nbsp;<\/p>\n<p><strong>ZDRAV\u00cd<\/strong><\/p>\n<p><strong>CEA:<\/strong>&nbsp; +\/+ <strong><br \/>\nPRA:&nbsp;<\/strong> +\/+ <strong><br \/>\nHSF4: <\/strong>+\/+&nbsp;<strong><br \/>\nMDR1: <\/strong>+\/+<strong><br \/>\nDM:&nbsp;<\/strong>N\/N negativn\u00ed<\/p>\n<p><strong>DKK:<\/strong>&nbsp;&nbsp;A\/A<strong><br \/>\nDLK: &nbsp;<\/strong>0\/0<strong><br \/>\n<\/strong><\/p>\n<p><strong>DOV:<\/strong>&nbsp; <strong>16.3.2017<\/strong>&nbsp;prost\u00e1 (eye test clear)<strong><br \/>\n<\/strong>&nbsp; &nbsp; &nbsp; &nbsp; &nbsp; &nbsp;<strong>22.3.2018<\/strong>&nbsp;prost\u00e1 (eye test clear)<strong><br \/>\n<\/strong>&nbsp; &nbsp; &nbsp; &nbsp; &nbsp; &nbsp;<strong>28.3.2019<\/strong> prost\u00e1 (eye test clear)<strong><br \/>\n<\/strong>&nbsp; &nbsp; &nbsp; &nbsp; &nbsp; <strong>16.1.2020<\/strong>&nbsp;prost\u00e1 (eye test clear)<\/p>\n<p>&nbsp;<\/p>\n<p><strong>ZKOU\u0160KY:<\/strong><\/p>\n<p><strong>AD<\/strong>&nbsp;(vytrvalostn\u00ed zkou\u0161ka)<\/p>\n<p>&nbsp;<\/p>\n<p><a href=\"http:\/\/hosting.pilsfree.net\/tembork\/wp-content\/uploads\/2017\/04\/IMG_2328.jpg\"><img loading=\"lazy\" decoding=\"async\" class=\"alignleft size-large wp-image-1239\" src=\"http:\/\/hosting.pilsfree.net\/tembork\/wp-content\/uploads\/2017\/04\/IMG_2328-1024x680.jpg\" alt=\"\" width=\"590\" height=\"392\" srcset=\"https:\/\/hosting.pilsfree.net\/tembork\/wp-content\/uploads\/2017\/04\/IMG_2328-1024x680.jpg 1024w, https:\/\/hosting.pilsfree.net\/tembork\/wp-content\/uploads\/2017\/04\/IMG_2328-300x199.jpg 300w, https:\/\/hosting.pilsfree.net\/tembork\/wp-content\/uploads\/2017\/04\/IMG_2328-768x510.jpg 768w, https:\/\/hosting.pilsfree.net\/tembork\/wp-content\/uploads\/2017\/04\/IMG_2328-870x578.jpg 870w\" sizes=\"(max-width: 590px) 100vw, 590px\" \/><\/a> <a href=\"http:\/\/hosting.pilsfree.net\/tembork\/wp-content\/uploads\/2017\/04\/IMG_2415.jpg\"><img loading=\"lazy\" decoding=\"async\" class=\"alignleft size-large wp-image-1240\" src=\"http:\/\/hosting.pilsfree.net\/tembork\/wp-content\/uploads\/2017\/04\/IMG_2415-1024x665.jpg\" alt=\"\" width=\"590\" height=\"383\" srcset=\"https:\/\/hosting.pilsfree.net\/tembork\/wp-content\/uploads\/2017\/04\/IMG_2415-1024x665.jpg 1024w, https:\/\/hosting.pilsfree.net\/tembork\/wp-content\/uploads\/2017\/04\/IMG_2415-300x195.jpg 300w, https:\/\/hosting.pilsfree.net\/tembork\/wp-content\/uploads\/2017\/04\/IMG_2415-768x499.jpg 768w, https:\/\/hosting.pilsfree.net\/tembork\/wp-content\/uploads\/2017\/04\/IMG_2415-870x565.jpg 870w\" sizes=\"(max-width: 590px) 100vw, 590px\" \/><\/a> <a href=\"http:\/\/hosting.pilsfree.net\/tembork\/wp-content\/uploads\/2017\/04\/IMG_2648.jpg\"><img loading=\"lazy\" decoding=\"async\" class=\"alignleft size-large wp-image-1244\" src=\"http:\/\/hosting.pilsfree.net\/tembork\/wp-content\/uploads\/2017\/04\/IMG_2648-1024x683.jpg\" alt=\"\" width=\"590\" height=\"394\" srcset=\"https:\/\/hosting.pilsfree.net\/tembork\/wp-content\/uploads\/2017\/04\/IMG_2648-1024x683.jpg 1024w, https:\/\/hosting.pilsfree.net\/tembork\/wp-content\/uploads\/2017\/04\/IMG_2648-300x200.jpg 300w, https:\/\/hosting.pilsfree.net\/tembork\/wp-content\/uploads\/2017\/04\/IMG_2648-768x512.jpg 768w, https:\/\/hosting.pilsfree.net\/tembork\/wp-content\/uploads\/2017\/04\/IMG_2648-870x580.jpg 870w\" sizes=\"(max-width: 590px) 100vw, 590px\" \/><\/a> <a href=\"http:\/\/hosting.pilsfree.net\/tembork\/wp-content\/uploads\/2017\/04\/IMG_2623.jpg\"><img loading=\"lazy\" decoding=\"async\" class=\"alignleft size-large wp-image-1243\" src=\"http:\/\/hosting.pilsfree.net\/tembork\/wp-content\/uploads\/2017\/04\/IMG_2623-1024x657.jpg\" alt=\"\" width=\"590\" height=\"379\" srcset=\"https:\/\/hosting.pilsfree.net\/tembork\/wp-content\/uploads\/2017\/04\/IMG_2623-1024x657.jpg 1024w, https:\/\/hosting.pilsfree.net\/tembork\/wp-content\/uploads\/2017\/04\/IMG_2623-300x192.jpg 300w, https:\/\/hosting.pilsfree.net\/tembork\/wp-content\/uploads\/2017\/04\/IMG_2623-768x492.jpg 768w, https:\/\/hosting.pilsfree.net\/tembork\/wp-content\/uploads\/2017\/04\/IMG_2623-870x558.jpg 870w\" sizes=\"(max-width: 590px) 100vw, 590px\" \/><\/a> <a href=\"http:\/\/hosting.pilsfree.net\/tembork\/wp-content\/uploads\/2017\/04\/IMG_2500.jpg\"><img loading=\"lazy\" decoding=\"async\" class=\"alignleft size-large wp-image-1242\" src=\"http:\/\/hosting.pilsfree.net\/tembork\/wp-content\/uploads\/2017\/04\/IMG_2500-1024x648.jpg\" alt=\"\" width=\"590\" height=\"373\" srcset=\"https:\/\/hosting.pilsfree.net\/tembork\/wp-content\/uploads\/2017\/04\/IMG_2500-1024x648.jpg 1024w, https:\/\/hosting.pilsfree.net\/tembork\/wp-content\/uploads\/2017\/04\/IMG_2500-300x190.jpg 300w, https:\/\/hosting.pilsfree.net\/tembork\/wp-content\/uploads\/2017\/04\/IMG_2500-768x486.jpg 768w, https:\/\/hosting.pilsfree.net\/tembork\/wp-content\/uploads\/2017\/04\/IMG_2500-870x551.jpg 870w\" sizes=\"(max-width: 590px) 100vw, 590px\" \/><\/a><\/p>\n","protected":false},"excerpt":{"rendered":"<p>Ch. Covellin the Queen Brennini &nbsp; &nbsp; Plemeno: Australsk\u00fd ov\u010d\u00e1k Matka:&nbsp;BRENDA \u0160\u0164ASTN\u00dd KOUTEK Otec:&nbsp;WW 2011, ICH, MultiCH, JCH. THORNAPPLE UNCLE SAM WANTS YOU Rodokmen:&nbsp;ZDE Datum narozen\u00ed:&nbsp;2.2.2017 \u010c\u00edslo z\u00e1pisu:&nbsp;CMKU\/AUO\/3577\/17\/18 \u010c\u00edslo chipu: 953010001593039 Chovatel: Nikola Be\u0161kov\u00e1 Majitel: Nikola Be\u0161kov\u00e1 Barva:&nbsp;blue merle, s p\u00e1len\u00edm, b\u00edl\u00e9 znaky V\u00fd\u0161ka: 52 cm V\u00e1ha: 23 kg Zuby: plnochrup\u00e1 Skus: n\u016f\u017ekov\u00fd Ocas: dlouh\u00fd, &hellip; <a href=\"https:\/\/hosting.pilsfree.net\/tembork\/patinka\/\" class=\"more-link\">Pokra\u010dov\u00e1n\u00ed textu <span class=\"screen-reader-text\">P\u00e1tinka<\/span> <span class=\"meta-nav\">&rarr;<\/span><\/a><\/p>\n","protected":false},"author":1,"featured_media":0,"parent":0,"menu_order":0,"comment_status":"closed","ping_status":"closed","template":"","meta":{"_exactmetrics_skip_tracking":false,"_exactmetrics_sitenote_active":false,"_exactmetrics_sitenote_note":"","_exactmetrics_sitenote_category":0,"footnotes":""},"class_list":["post-1204","page","type-page","status-publish","hentry"],"_links":{"self":[{"href":"https:\/\/hosting.pilsfree.net\/tembork\/wp-json\/wp\/v2\/pages\/1204"}],"collection":[{"href":"https:\/\/hosting.pilsfree.net\/tembork\/wp-json\/wp\/v2\/pages"}],"about":[{"href":"https:\/\/hosting.pilsfree.net\/tembork\/wp-json\/wp\/v2\/types\/page"}],"author":[{"embeddable":true,"href":"https:\/\/hosting.pilsfree.net\/tembork\/wp-json\/wp\/v2\/users\/1"}],"replies":[{"embeddable":true,"href":"https:\/\/hosting.pilsfree.net\/tembork\/wp-json\/wp\/v2\/comments?post=1204"}],"version-history":[{"count":7,"href":"https:\/\/hosting.pilsfree.net\/tembork\/wp-json\/wp\/v2\/pages\/1204\/revisions"}],"predecessor-version":[{"id":1432,"href":"https:\/\/hosting.pilsfree.net\/tembork\/wp-json\/wp\/v2\/pages\/1204\/revisions\/1432"}],"wp:attachment":[{"href":"https:\/\/hosting.pilsfree.net\/tembork\/wp-json\/wp\/v2\/media?parent=1204"}],"curies":[{"name":"wp","href":"https:\/\/api.w.org\/{rel}","templated":true}]}}