{"id":1030,"date":"2016-04-27T09:20:32","date_gmt":"2016-04-27T08:20:32","guid":{"rendered":"http:\/\/brennini.com\/?page_id=1030"},"modified":"2020-01-25T19:42:27","modified_gmt":"2020-01-25T18:42:27","slug":"zefir","status":"publish","type":"page","link":"https:\/\/hosting.pilsfree.net\/tembork\/zefir\/","title":{"rendered":"Zef\u00edr"},"content":{"rendered":"<h2 style=\"text-align: left;\">Aurum Zeffiro Brennini<\/h2>\n<h3><span style=\"color: #333333;\"><strong>CHOVN\u00dd PES<\/strong><\/span><\/h3>\n<p><a href=\"http:\/\/hosting.pilsfree.net\/tembork\/wp-content\/uploads\/2016\/04\/IMG_6191.jpg\" rel=\"attachment wp-att-1037\"><img loading=\"lazy\" decoding=\"async\" class=\"size-large wp-image-1037 alignnone\" src=\"http:\/\/hosting.pilsfree.net\/tembork\/wp-content\/uploads\/2016\/04\/IMG_6191-1024x683.jpg\" alt=\"IMG_6191\" width=\"590\" height=\"394\" srcset=\"https:\/\/hosting.pilsfree.net\/tembork\/wp-content\/uploads\/2016\/04\/IMG_6191-1024x683.jpg 1024w, https:\/\/hosting.pilsfree.net\/tembork\/wp-content\/uploads\/2016\/04\/IMG_6191-300x200.jpg 300w, https:\/\/hosting.pilsfree.net\/tembork\/wp-content\/uploads\/2016\/04\/IMG_6191-768x512.jpg 768w, https:\/\/hosting.pilsfree.net\/tembork\/wp-content\/uploads\/2016\/04\/IMG_6191-870x580.jpg 870w\" sizes=\"(max-width: 590px) 100vw, 590px\" \/><\/a><\/p>\n<p><strong>Plemeno:<\/strong> Australsk\u00fd ov\u010d\u00e1k<\/p>\n<p><strong>Matka<\/strong>: <b><a href=\"http:\/\/hosting.pilsfree.net\/tembork\/angelina\/\" target=\"_blank\">ANGELINA \u0160\u0164ASTN\u00dd KOUTEK<\/a><\/b><\/p>\n<p><strong>Otec<\/strong>: <b><span style=\"font-family: Verdana;\"><a href=\"http:\/\/www.bleuroyalaussies.com\/#!patriot\/c88b\">WW 2011, ICH, MultiCH, JCH. THORNAPPLE UNCLE SAM WANTS YOU<\/a><\/span><\/b><\/p>\n<p><strong>Rodokmen:&nbsp;<a href=\"http:\/\/kchbo.com\/genealogie\/genealogie.php?gPage=1&amp;topMenu=14&amp;cat=14&amp;action=home&amp;strana=1&amp;gSearch=&amp;gCmku=1&amp;sortBy=Jmeno&amp;gNameT=1&amp;gName=angelina%20&amp;gAct=detail&amp;ID=48097\" target=\"_blank\">ZDE<\/a><\/strong><\/p>\n<p><strong>Datum narozen\u00ed<\/strong>: 17.6.2015<\/p>\n<p><strong>\u010c\u00edslo z\u00e1pisu:&nbsp;<\/strong>CMKU\/AUO\/2743\/15<\/p>\n<p><strong>\u010c\u00edslo chipu: <\/strong>941000017644565<\/p>\n<p><strong>Chovatel<\/strong>: <a href=\"http:\/\/hosting.pilsfree.net\/tembork\/o-nas\/\" target=\"_blank\">Nikola Be\u0161kov\u00e1<\/a><\/p>\n<p><strong>Majitel:<\/strong>&nbsp;Denisa Be\u0161kov\u00e1<\/p>\n<p><strong>Barva:<\/strong> blue-merle s b\u00edl\u00fdmi znaky a hn\u011bd\u00fdm p\u00e1len\u00edm<\/p>\n<p><strong>V\u00fd\u0161ka: <\/strong>51 cm<\/p>\n<p><strong>V\u00e1ha:<\/strong> 23 kg<\/p>\n<p><strong>Zuby:<\/strong> plnochrup\u00fd<\/p>\n<p><strong>Skus: <\/strong>n\u016f\u017ekov\u00fd<\/p>\n<p><strong>Ocas: <\/strong>dlouh\u00fd, dokup\u00edrov\u00e1n<\/p>\n<p>&nbsp;<\/p>\n<p><strong>ZDRAV\u00cd<br \/>\n<strong><br \/>\n<strong>CEA<\/strong>:&nbsp; <\/strong><\/strong>+\/+ <strong><strong><br \/>\n<strong>PRA<\/strong>:&nbsp;<\/strong><\/strong> +\/+ <strong><strong><br \/>\n<strong>HSF4<\/strong>: <\/strong><\/strong>+\/- <strong><strong><br \/>\n<\/strong>MDR1: <\/strong>+\/+<strong><br \/>\nDM: <\/strong>N\/N negativn\u00ed&nbsp;<\/p>\n<p><strong>DKK<\/strong>:&nbsp;A\/A<strong><br \/>\n<strong>DLK<\/strong>: <\/strong>0\/0<strong><br \/>\n<\/strong><\/p>\n<p><strong>DOV:<\/strong>&nbsp; <strong>29.7.2015<\/strong> prost\u00fd (eye test clear)<strong><br \/>\n<\/strong>&nbsp; &nbsp; &nbsp; &nbsp; &nbsp; &nbsp; <strong>8.9.2016&nbsp;<\/strong>prost\u00fd (eye test clear)<br \/>\n&nbsp; &nbsp; &nbsp; &nbsp; &nbsp; <strong>19.10.2017<\/strong>&nbsp;prost\u00fd (eye test clear)&nbsp;&nbsp;<br \/>\n&nbsp; &nbsp; &nbsp; &nbsp; &nbsp; <strong>25.10.2018<\/strong> prost\u00fd (eye test clear)&nbsp;<br \/>\n&nbsp; &nbsp; &nbsp; &nbsp; &nbsp; <strong>5.12.2019<\/strong> prost\u00fd (eye test clear)<\/p>\n<p>&nbsp;<\/p>\n<p><strong>ZKOU\u0160KY:<\/strong><\/p>\n<p>7.5.2016&nbsp; <strong>ZVOP<\/strong> (zkou\u0161ka vloh ov\u010d\u00e1ck\u00e9ho psa)<\/p>\n<p>7.10.2016 <strong>NW &#8211; DZ<\/strong> (nosework discrimination\/rozli\u0161ov\u00e1n\u00ed)<\/p>\n<p>7.10.2016 <strong>NW &#8211; UZ<\/strong> (nosework urban\/lidsk\u00e9 prost\u0159ed\u00ed)<\/p>\n<p>5.11.2016 <strong>AD&nbsp;<\/strong>(vytrvalostn\u00ed zkou\u0161ka)<\/p>\n<p>3.9.2017 <strong>NW-NZ<\/strong>&nbsp;<strong>&nbsp;<\/strong>(nosework nature\/p\u0159\u00edrodn\u00ed ter\u00e9n)<\/p>\n<p>17.8.2019 <strong>ZOP <\/strong>(zkou\u0161ka ovladatelnosti psa)<strong>&nbsp;<\/strong>v\u00fdborn\u011b 96 bod\u016f&nbsp;dle \u0159\u00e1du KJ \u010cR Brno<\/p>\n<p>&nbsp;<\/p>\n<p>&nbsp;<\/p>\n<p><a href=\"http:\/\/hosting.pilsfree.net\/tembork\/wp-content\/uploads\/2016\/04\/DSC_0588-2.jpg\" target=\"_blank\" rel=\"attachment wp-att-1064\"><img loading=\"lazy\" decoding=\"async\" class=\"alignnone wp-image-1064 size-large\" src=\"http:\/\/hosting.pilsfree.net\/tembork\/wp-content\/uploads\/2016\/04\/DSC_0588-2-1024x678.jpg\" alt=\"DSC_0588-2\" width=\"590\" height=\"391\" srcset=\"https:\/\/hosting.pilsfree.net\/tembork\/wp-content\/uploads\/2016\/04\/DSC_0588-2-1024x678.jpg 1024w, https:\/\/hosting.pilsfree.net\/tembork\/wp-content\/uploads\/2016\/04\/DSC_0588-2-300x199.jpg 300w, https:\/\/hosting.pilsfree.net\/tembork\/wp-content\/uploads\/2016\/04\/DSC_0588-2-768x509.jpg 768w, https:\/\/hosting.pilsfree.net\/tembork\/wp-content\/uploads\/2016\/04\/DSC_0588-2-870x576.jpg 870w, https:\/\/hosting.pilsfree.net\/tembork\/wp-content\/uploads\/2016\/04\/DSC_0588-2.jpg 2048w\" sizes=\"(max-width: 590px) 100vw, 590px\" \/><\/a><\/p>\n<p><a href=\"http:\/\/hosting.pilsfree.net\/tembork\/wp-content\/uploads\/2016\/04\/DSC_0694.jpg\" target=\"_blank\" rel=\"attachment wp-att-1062\"><img loading=\"lazy\" decoding=\"async\" class=\"alignnone wp-image-1062 size-large\" src=\"http:\/\/hosting.pilsfree.net\/tembork\/wp-content\/uploads\/2016\/04\/DSC_0694-1024x678.jpg\" alt=\"DSC_0694\" width=\"590\" height=\"391\" srcset=\"https:\/\/hosting.pilsfree.net\/tembork\/wp-content\/uploads\/2016\/04\/DSC_0694-1024x678.jpg 1024w, https:\/\/hosting.pilsfree.net\/tembork\/wp-content\/uploads\/2016\/04\/DSC_0694-300x199.jpg 300w, https:\/\/hosting.pilsfree.net\/tembork\/wp-content\/uploads\/2016\/04\/DSC_0694-768x509.jpg 768w, https:\/\/hosting.pilsfree.net\/tembork\/wp-content\/uploads\/2016\/04\/DSC_0694-870x576.jpg 870w, https:\/\/hosting.pilsfree.net\/tembork\/wp-content\/uploads\/2016\/04\/DSC_0694.jpg 2048w\" sizes=\"(max-width: 590px) 100vw, 590px\" \/><\/a><\/p>\n<p><a href=\"http:\/\/hosting.pilsfree.net\/tembork\/wp-content\/uploads\/2016\/04\/DSC_0687-5.jpg\" target=\"_blank\" rel=\"attachment wp-att-1061\"><img loading=\"lazy\" decoding=\"async\" class=\"wp-image-1061 size-large alignnone\" src=\"http:\/\/hosting.pilsfree.net\/tembork\/wp-content\/uploads\/2016\/04\/DSC_0687-5-1024x678.jpg\" alt=\"DSC_0687-5\" width=\"590\" height=\"391\" srcset=\"https:\/\/hosting.pilsfree.net\/tembork\/wp-content\/uploads\/2016\/04\/DSC_0687-5-1024x678.jpg 1024w, https:\/\/hosting.pilsfree.net\/tembork\/wp-content\/uploads\/2016\/04\/DSC_0687-5-300x199.jpg 300w, https:\/\/hosting.pilsfree.net\/tembork\/wp-content\/uploads\/2016\/04\/DSC_0687-5-768x509.jpg 768w, https:\/\/hosting.pilsfree.net\/tembork\/wp-content\/uploads\/2016\/04\/DSC_0687-5-870x576.jpg 870w, https:\/\/hosting.pilsfree.net\/tembork\/wp-content\/uploads\/2016\/04\/DSC_0687-5.jpg 2048w\" sizes=\"(max-width: 590px) 100vw, 590px\" \/><\/a><\/p>\n<div id=\"main-content\"><a href=\"http:\/\/hosting.pilsfree.net\/tembork\/wp-content\/uploads\/2016\/04\/38.jpg\"><img loading=\"lazy\" decoding=\"async\" class=\"alignleft size-large wp-image-1229\" src=\"http:\/\/hosting.pilsfree.net\/tembork\/wp-content\/uploads\/2016\/04\/38-1024x727.jpg\" alt=\"\" width=\"590\" height=\"419\" srcset=\"https:\/\/hosting.pilsfree.net\/tembork\/wp-content\/uploads\/2016\/04\/38-1024x727.jpg 1024w, https:\/\/hosting.pilsfree.net\/tembork\/wp-content\/uploads\/2016\/04\/38-300x213.jpg 300w, https:\/\/hosting.pilsfree.net\/tembork\/wp-content\/uploads\/2016\/04\/38-768x546.jpg 768w, https:\/\/hosting.pilsfree.net\/tembork\/wp-content\/uploads\/2016\/04\/38-870x618.jpg 870w\" sizes=\"(max-width: 590px) 100vw, 590px\" \/><\/a> <a href=\"http:\/\/hosting.pilsfree.net\/tembork\/wp-content\/uploads\/2016\/04\/32.jpg\"><img loading=\"lazy\" decoding=\"async\" class=\"alignleft size-large wp-image-1228\" src=\"http:\/\/hosting.pilsfree.net\/tembork\/wp-content\/uploads\/2016\/04\/32-1024x683.jpg\" alt=\"\" width=\"590\" height=\"394\" srcset=\"https:\/\/hosting.pilsfree.net\/tembork\/wp-content\/uploads\/2016\/04\/32-1024x683.jpg 1024w, https:\/\/hosting.pilsfree.net\/tembork\/wp-content\/uploads\/2016\/04\/32-300x200.jpg 300w, https:\/\/hosting.pilsfree.net\/tembork\/wp-content\/uploads\/2016\/04\/32-768x512.jpg 768w, https:\/\/hosting.pilsfree.net\/tembork\/wp-content\/uploads\/2016\/04\/32-870x580.jpg 870w\" sizes=\"(max-width: 590px) 100vw, 590px\" \/><\/a> <a href=\"http:\/\/hosting.pilsfree.net\/tembork\/wp-content\/uploads\/2016\/04\/7.jpg\"><img loading=\"lazy\" decoding=\"async\" class=\"alignleft size-large wp-image-1227\" src=\"http:\/\/hosting.pilsfree.net\/tembork\/wp-content\/uploads\/2016\/04\/7-1024x696.jpg\" alt=\"\" width=\"590\" height=\"401\" srcset=\"https:\/\/hosting.pilsfree.net\/tembork\/wp-content\/uploads\/2016\/04\/7-1024x696.jpg 1024w, https:\/\/hosting.pilsfree.net\/tembork\/wp-content\/uploads\/2016\/04\/7-300x204.jpg 300w, https:\/\/hosting.pilsfree.net\/tembork\/wp-content\/uploads\/2016\/04\/7-768x522.jpg 768w, https:\/\/hosting.pilsfree.net\/tembork\/wp-content\/uploads\/2016\/04\/7-870x591.jpg 870w\" sizes=\"(max-width: 590px) 100vw, 590px\" \/><\/a> <a href=\"http:\/\/hosting.pilsfree.net\/tembork\/wp-content\/uploads\/2016\/04\/6.jpg\"><img loading=\"lazy\" decoding=\"async\" class=\"alignleft size-large wp-image-1230\" src=\"http:\/\/hosting.pilsfree.net\/tembork\/wp-content\/uploads\/2016\/04\/6-1024x683.jpg\" alt=\"\" width=\"590\" height=\"394\" srcset=\"https:\/\/hosting.pilsfree.net\/tembork\/wp-content\/uploads\/2016\/04\/6-1024x683.jpg 1024w, https:\/\/hosting.pilsfree.net\/tembork\/wp-content\/uploads\/2016\/04\/6-300x200.jpg 300w, https:\/\/hosting.pilsfree.net\/tembork\/wp-content\/uploads\/2016\/04\/6-768x512.jpg 768w, https:\/\/hosting.pilsfree.net\/tembork\/wp-content\/uploads\/2016\/04\/6-870x580.jpg 870w\" sizes=\"(max-width: 590px) 100vw, 590px\" \/><\/a> <a href=\"http:\/\/hosting.pilsfree.net\/tembork\/wp-content\/uploads\/2016\/04\/24.jpg\"><img loading=\"lazy\" decoding=\"async\" class=\"alignleft size-large wp-image-1231\" src=\"http:\/\/hosting.pilsfree.net\/tembork\/wp-content\/uploads\/2016\/04\/24-1024x683.jpg\" alt=\"\" width=\"590\" height=\"394\" srcset=\"https:\/\/hosting.pilsfree.net\/tembork\/wp-content\/uploads\/2016\/04\/24-1024x683.jpg 1024w, https:\/\/hosting.pilsfree.net\/tembork\/wp-content\/uploads\/2016\/04\/24-300x200.jpg 300w, https:\/\/hosting.pilsfree.net\/tembork\/wp-content\/uploads\/2016\/04\/24-768x512.jpg 768w, https:\/\/hosting.pilsfree.net\/tembork\/wp-content\/uploads\/2016\/04\/24-870x580.jpg 870w\" sizes=\"(max-width: 590px) 100vw, 590px\" \/><\/a>&nbsp;<\/div>\n","protected":false},"excerpt":{"rendered":"<p>Aurum Zeffiro Brennini CHOVN\u00dd PES Plemeno: Australsk\u00fd ov\u010d\u00e1k Matka: ANGELINA \u0160\u0164ASTN\u00dd KOUTEK Otec: WW 2011, ICH, MultiCH, JCH. THORNAPPLE UNCLE SAM WANTS YOU Rodokmen:&nbsp;ZDE Datum narozen\u00ed: 17.6.2015 \u010c\u00edslo z\u00e1pisu:&nbsp;CMKU\/AUO\/2743\/15 \u010c\u00edslo chipu: 941000017644565 Chovatel: Nikola Be\u0161kov\u00e1 Majitel:&nbsp;Denisa Be\u0161kov\u00e1 Barva: blue-merle s b\u00edl\u00fdmi znaky a hn\u011bd\u00fdm p\u00e1len\u00edm V\u00fd\u0161ka: 51 cm V\u00e1ha: 23 kg Zuby: plnochrup\u00fd Skus: n\u016f\u017ekov\u00fd &hellip; <a href=\"https:\/\/hosting.pilsfree.net\/tembork\/zefir\/\" class=\"more-link\">Pokra\u010dov\u00e1n\u00ed textu <span class=\"screen-reader-text\">Zef\u00edr<\/span> <span class=\"meta-nav\">&rarr;<\/span><\/a><\/p>\n","protected":false},"author":1,"featured_media":0,"parent":0,"menu_order":0,"comment_status":"closed","ping_status":"closed","template":"","meta":{"_exactmetrics_skip_tracking":false,"_exactmetrics_sitenote_active":false,"_exactmetrics_sitenote_note":"","_exactmetrics_sitenote_category":0,"footnotes":""},"class_list":["post-1030","page","type-page","status-publish","hentry"],"_links":{"self":[{"href":"https:\/\/hosting.pilsfree.net\/tembork\/wp-json\/wp\/v2\/pages\/1030"}],"collection":[{"href":"https:\/\/hosting.pilsfree.net\/tembork\/wp-json\/wp\/v2\/pages"}],"about":[{"href":"https:\/\/hosting.pilsfree.net\/tembork\/wp-json\/wp\/v2\/types\/page"}],"author":[{"embeddable":true,"href":"https:\/\/hosting.pilsfree.net\/tembork\/wp-json\/wp\/v2\/users\/1"}],"replies":[{"embeddable":true,"href":"https:\/\/hosting.pilsfree.net\/tembork\/wp-json\/wp\/v2\/comments?post=1030"}],"version-history":[{"count":24,"href":"https:\/\/hosting.pilsfree.net\/tembork\/wp-json\/wp\/v2\/pages\/1030\/revisions"}],"predecessor-version":[{"id":1424,"href":"https:\/\/hosting.pilsfree.net\/tembork\/wp-json\/wp\/v2\/pages\/1030\/revisions\/1424"}],"wp:attachment":[{"href":"https:\/\/hosting.pilsfree.net\/tembork\/wp-json\/wp\/v2\/media?parent=1030"}],"curies":[{"name":"wp","href":"https:\/\/api.w.org\/{rel}","templated":true}]}}