{"id":1016,"date":"2016-04-27T08:03:47","date_gmt":"2016-04-27T07:03:47","guid":{"rendered":"http:\/\/brennini.com\/?page_id=1016"},"modified":"2016-04-27T08:08:35","modified_gmt":"2016-04-27T07:08:35","slug":"vrh-b","status":"publish","type":"page","link":"https:\/\/hosting.pilsfree.net\/tembork\/stenatka\/vrh-b\/","title":{"rendered":"Vrh B"},"content":{"rendered":"<h1>Litter B<\/h1>\n<h1>Brenda\u00a0 \u00a0&amp; \u00a0 Bond<\/h1>\n<h4>* \u00a022.12.2015<\/h4>\n<p>CEA, PRA, MDR1 clear<\/p>\n<p>HSF4\/HC \u00a0+\/+ nebo +\/-<\/p>\n<p>ocasy: kup\u00edrovan\u00e9<\/p>\n<p>rodokmen\/pedigree: <span style=\"color: #0000ff;\"><strong><a style=\"color: #0000ff;\" href=\"http:\/\/www.ismecka.cz\/kryti\/422\" target=\"_blank\">zde<\/a><\/strong><\/span><\/p>\n<h2 style=\"text-align: center;\">Bianco Mosaico<\/h2>\n<h5 style=\"text-align: center;\">Blue merle male 1<\/h5>\n<p style=\"text-align: center;\"><span id=\"fbPhotoSnowliftCaption\" class=\"fbPhotosPhotoCaption\" tabindex=\"0\" data-ft=\"{&quot;tn&quot;:&quot;K&quot;}\"><span class=\"hasCaption\">CEA, PRA, MDR1 clear<br \/>\nHSF4 +\/+<br \/>\nshort NBT, docked<br \/>\n<\/span><\/span><\/p>\n<h4 style=\"text-align: center;\"><span style=\"color: #808080;\"><strong>prodan\u00fd\/sold<\/strong><\/span><\/h4>\n<p style=\"text-align: left;\"><a href=\"http:\/\/hosting.pilsfree.net\/tembork\/wp-content\/uploads\/2015\/01\/IMG_0465-e1451424331801.jpg\"><img loading=\"lazy\" decoding=\"async\" class=\"alignleft size-large wp-image-855\" src=\"http:\/\/hosting.pilsfree.net\/tembork\/wp-content\/uploads\/2015\/01\/IMG_0465-e1451424331801-1024x768.jpg\" alt=\"IMG_0465\" width=\"590\" height=\"443\" srcset=\"https:\/\/hosting.pilsfree.net\/tembork\/wp-content\/uploads\/2015\/01\/IMG_0465-e1451424331801-1024x768.jpg 1024w, https:\/\/hosting.pilsfree.net\/tembork\/wp-content\/uploads\/2015\/01\/IMG_0465-e1451424331801-300x225.jpg 300w, https:\/\/hosting.pilsfree.net\/tembork\/wp-content\/uploads\/2015\/01\/IMG_0465-e1451424331801-870x653.jpg 870w\" sizes=\"(max-width: 590px) 100vw, 590px\" \/><\/a><\/p>\n<h2><\/h2>\n<h2><\/h2>\n<h2><\/h2>\n<h2><\/h2>\n<h2><\/h2>\n<h2><\/h2>\n<h2><\/h2>\n<h2 style=\"text-align: center;\"><\/h2>\n<h2 style=\"text-align: center;\"><\/h2>\n<h2 style=\"text-align: center;\"><\/h2>\n<h2 style=\"text-align: center;\">Basalto Di Pietra<\/h2>\n<h5 style=\"text-align: center;\">Blue merle male 2<\/h5>\n<p style=\"text-align: center;\"><span id=\"fbPhotoSnowliftCaption\" class=\"fbPhotosPhotoCaption\" tabindex=\"0\" data-ft=\"{&quot;tn&quot;:&quot;K&quot;}\"><span class=\"hasCaption\">CEA, PRA, MDR1 clear<br \/>\nHSF4 +\/+<br \/>\nshort NBT, docked<\/span><\/span><\/p>\n<h4 style=\"text-align: center;\"><span style=\"color: #808080;\"><strong>prodan\u00fd\/sold<\/strong><\/span><\/h4>\n<p style=\"text-align: left;\"><a href=\"http:\/\/hosting.pilsfree.net\/tembork\/wp-content\/uploads\/2015\/01\/IMG_0431-e1451424349758.jpg\"><img loading=\"lazy\" decoding=\"async\" class=\"alignleft size-large wp-image-854\" src=\"http:\/\/hosting.pilsfree.net\/tembork\/wp-content\/uploads\/2015\/01\/IMG_0431-e1451424349758-1024x768.jpg\" alt=\"IMG_0431\" width=\"590\" height=\"443\" srcset=\"https:\/\/hosting.pilsfree.net\/tembork\/wp-content\/uploads\/2015\/01\/IMG_0431-e1451424349758-1024x768.jpg 1024w, https:\/\/hosting.pilsfree.net\/tembork\/wp-content\/uploads\/2015\/01\/IMG_0431-e1451424349758-300x225.jpg 300w, https:\/\/hosting.pilsfree.net\/tembork\/wp-content\/uploads\/2015\/01\/IMG_0431-e1451424349758-870x653.jpg 870w\" sizes=\"(max-width: 590px) 100vw, 590px\" \/><\/a><\/p>\n<h2 style=\"text-align: center;\"><\/h2>\n<h2 style=\"text-align: center;\"><\/h2>\n<h2 style=\"text-align: center;\"><\/h2>\n<h2 style=\"text-align: center;\"><\/h2>\n<h2 style=\"text-align: center;\"><\/h2>\n<h2 style=\"text-align: center;\"><\/h2>\n<h2 style=\"text-align: center;\"><\/h2>\n<h2 style=\"text-align: center;\"><\/h2>\n<h2 style=\"text-align: center;\"><\/h2>\n<h2 style=\"text-align: center;\"><\/h2>\n<h2 style=\"text-align: center;\">Bimbo Berullos<\/h2>\n<h5 style=\"text-align: center;\">Blacktri male<\/h5>\n<p style=\"text-align: center;\"><span id=\"fbPhotoSnowliftCaption\" class=\"fbPhotosPhotoCaption\" tabindex=\"0\" data-ft=\"{&quot;tn&quot;:&quot;K&quot;}\"><span class=\"hasCaption\">CEA, PRA, MDR1 clear<br \/>\nHSF4 +\/-<br \/>\nNBT, docked<br \/>\n<\/span><\/span><\/p>\n<h4 style=\"text-align: center;\"><span style=\"color: #808080;\"><strong>prodan\u00fd\/sold<\/strong><\/span><\/h4>\n<h4><a href=\"http:\/\/hosting.pilsfree.net\/tembork\/wp-content\/uploads\/2015\/01\/IMG_0384-e1451424416765.jpg\"><img loading=\"lazy\" decoding=\"async\" class=\"size-large wp-image-851 alignnone\" src=\"http:\/\/hosting.pilsfree.net\/tembork\/wp-content\/uploads\/2015\/01\/IMG_0384-e1451424416765-1024x768.jpg\" alt=\"IMG_0384\" width=\"590\" height=\"443\" srcset=\"https:\/\/hosting.pilsfree.net\/tembork\/wp-content\/uploads\/2015\/01\/IMG_0384-e1451424416765-1024x768.jpg 1024w, https:\/\/hosting.pilsfree.net\/tembork\/wp-content\/uploads\/2015\/01\/IMG_0384-e1451424416765-300x225.jpg 300w, https:\/\/hosting.pilsfree.net\/tembork\/wp-content\/uploads\/2015\/01\/IMG_0384-e1451424416765-870x653.jpg 870w\" sizes=\"(max-width: 590px) 100vw, 590px\" \/><\/a><\/h4>\n<h2><\/h2>\n<h2><\/h2>\n<h2><\/h2>\n<h2><\/h2>\n<h2><\/h2>\n<h2><\/h2>\n<h2><\/h2>\n<h2><\/h2>\n<h2><\/h2>\n<h2 style=\"text-align: center;\">Bosque Miel<\/h2>\n<h5 style=\"text-align: center;\">Redtri male<\/h5>\n<p style=\"text-align: center;\"><span id=\"fbPhotoSnowliftCaption\" class=\"fbPhotosPhotoCaption\" tabindex=\"0\" data-ft=\"{&quot;tn&quot;:&quot;K&quot;}\"><span class=\"hasCaption\">CEA, PRA, MDR1 clear<br \/>\nHSF4 +\/-<br \/>\nNBT, docked<br \/>\n<\/span><\/span><\/p>\n<h4 style=\"text-align: center;\"><span style=\"color: #808080;\"><strong>prodan\u00fd\/sold<\/strong><\/span><\/h4>\n<p style=\"text-align: left;\"><a href=\"http:\/\/hosting.pilsfree.net\/tembork\/wp-content\/uploads\/2015\/01\/IMG_0404-e1451424369211.jpg\"><img loading=\"lazy\" decoding=\"async\" class=\"alignleft size-large wp-image-853\" src=\"http:\/\/hosting.pilsfree.net\/tembork\/wp-content\/uploads\/2015\/01\/IMG_0404-e1451424369211-1024x768.jpg\" alt=\"IMG_0404\" width=\"590\" height=\"443\" srcset=\"https:\/\/hosting.pilsfree.net\/tembork\/wp-content\/uploads\/2015\/01\/IMG_0404-e1451424369211-1024x768.jpg 1024w, https:\/\/hosting.pilsfree.net\/tembork\/wp-content\/uploads\/2015\/01\/IMG_0404-e1451424369211-300x225.jpg 300w, https:\/\/hosting.pilsfree.net\/tembork\/wp-content\/uploads\/2015\/01\/IMG_0404-e1451424369211-870x653.jpg 870w\" sizes=\"(max-width: 590px) 100vw, 590px\" \/><\/a><\/p>\n<h2><\/h2>\n<h2><\/h2>\n<h2><\/h2>\n<h2><\/h2>\n<h2><\/h2>\n<h2><\/h2>\n<h2><\/h2>\n<h2><\/h2>\n<h2><\/h2>\n<h2 style=\"text-align: center;\">Bambola Di Legno<\/h2>\n<h5 style=\"text-align: center;\">Blacktri female<\/h5>\n<p style=\"text-align: center;\"><span id=\"fbPhotoSnowliftCaption\" class=\"fbPhotosPhotoCaption\" tabindex=\"0\" data-ft=\"{&quot;tn&quot;:&quot;K&quot;}\"><span class=\"hasCaption\">CEA, PRA, MDR1 clear<br \/>\nHSF4 +\/-<\/span><\/span><\/p>\n<h4 style=\"text-align: center;\"><span style=\"color: #808080;\"><strong>prodan\u00e1\/sold<\/strong><\/span><\/h4>\n<p style=\"text-align: left;\"><a href=\"http:\/\/hosting.pilsfree.net\/tembork\/wp-content\/uploads\/2015\/01\/IMG_0344-e1451425410193.jpg\"><img loading=\"lazy\" decoding=\"async\" class=\"alignleft size-large wp-image-856\" src=\"http:\/\/hosting.pilsfree.net\/tembork\/wp-content\/uploads\/2015\/01\/IMG_0344-e1451425410193-1024x768.jpg\" alt=\"IMG_0344\" width=\"590\" height=\"443\" srcset=\"https:\/\/hosting.pilsfree.net\/tembork\/wp-content\/uploads\/2015\/01\/IMG_0344-e1451425410193-1024x768.jpg 1024w, https:\/\/hosting.pilsfree.net\/tembork\/wp-content\/uploads\/2015\/01\/IMG_0344-e1451425410193-300x225.jpg 300w, https:\/\/hosting.pilsfree.net\/tembork\/wp-content\/uploads\/2015\/01\/IMG_0344-e1451425410193-870x653.jpg 870w\" sizes=\"(max-width: 590px) 100vw, 590px\" \/><\/a><\/p>\n<h2><\/h2>\n<h2><\/h2>\n<h2><\/h2>\n<h2><\/h2>\n<h2><\/h2>\n<h2><\/h2>\n<h2><\/h2>\n<h2><\/h2>\n<h2><\/h2>\n<h2><\/h2>\n<h2><\/h2>\n<h2><\/h2>\n<h2 style=\"text-align: center;\"><\/h2>\n<h2 style=\"text-align: center;\">Bellezza Di Bronzo<\/h2>\n<h5 style=\"text-align: center;\">Redtri female<\/h5>\n<p style=\"text-align: center;\"><span id=\"fbPhotoSnowliftCaption\" class=\"fbPhotosPhotoCaption\" tabindex=\"0\" data-ft=\"{&quot;tn&quot;:&quot;K&quot;}\"><span class=\"hasCaption\">CEA, PRA, MDR1 clear<br \/>\nHSF4 +\/-<br \/>\nshort NBT, docked<br \/>\n<\/span><\/span><\/p>\n<h4 style=\"text-align: center;\"><span style=\"color: #808080;\"><strong>prodan\u00e1\/sold<\/strong><\/span><\/h4>\n<p style=\"text-align: left;\"><a href=\"http:\/\/hosting.pilsfree.net\/tembork\/wp-content\/uploads\/2015\/01\/IMG_0379-e1451424436881.jpg\"><img loading=\"lazy\" decoding=\"async\" class=\"size-large wp-image-850 alignnone\" src=\"http:\/\/hosting.pilsfree.net\/tembork\/wp-content\/uploads\/2015\/01\/IMG_0379-e1451424436881-1024x768.jpg\" alt=\"IMG_0379\" width=\"590\" height=\"443\" srcset=\"https:\/\/hosting.pilsfree.net\/tembork\/wp-content\/uploads\/2015\/01\/IMG_0379-e1451424436881-1024x768.jpg 1024w, https:\/\/hosting.pilsfree.net\/tembork\/wp-content\/uploads\/2015\/01\/IMG_0379-e1451424436881-300x225.jpg 300w, https:\/\/hosting.pilsfree.net\/tembork\/wp-content\/uploads\/2015\/01\/IMG_0379-e1451424436881-870x653.jpg 870w\" sizes=\"(max-width: 590px) 100vw, 590px\" \/><\/a><\/p>\n<h2><\/h2>\n<h2><\/h2>\n<h2>23.10.2015 \u00a0M\u00e1me nakryto!<\/h2>\n<p>Okolo \u0160t\u011bdr\u00e9ho dne o\u010dek\u00e1v\u00e1me narozen\u00ed \u0161t\u011b\u0148\u00e1tek z vrhu B,<\/p>\n<p>ze spojen\u00ed Mangry&#8217;s Shaken Not Stirred a Brenda \u0160\u0165astn\u00fd koutek.<\/p>\n<div>\n<p>Z tohoto spojen\u00ed o\u010dek\u00e1v\u00e1me \u0161t\u011b\u0148\u00e1tka v\u0161ech barev, CEA, PRA, MDR1 clear a HSF4 +\/+ nebo +\/-.<\/p>\n<p>Otcem na\u0161eho vrhu B je Mangry&#8217;s Shaken Not Stirred &#8211; dom\u00e1cky Bond, skv\u011bl\u00fd, velmi klidn\u00fd pes<\/p>\n<\/div>\n<p>s moc milou p\u0159\u00e1telskou povahou,\u00a0importovan\u00fd z Chorvatska na Slovensko, s americk\u00fdm rodokmenem linie Thornapple.<\/p>\n<p>&nbsp;<\/p>\n<p><a href=\"http:\/\/hosting.pilsfree.net\/tembork\/wp-content\/uploads\/2015\/01\/bvrh2.jpg\"><img loading=\"lazy\" decoding=\"async\" class=\"alignleft size-large wp-image-759\" src=\"http:\/\/hosting.pilsfree.net\/tembork\/wp-content\/uploads\/2015\/01\/bvrh2-1024x688.jpg\" alt=\"bvrh2\" width=\"590\" height=\"396\" srcset=\"https:\/\/hosting.pilsfree.net\/tembork\/wp-content\/uploads\/2015\/01\/bvrh2-1024x688.jpg 1024w, https:\/\/hosting.pilsfree.net\/tembork\/wp-content\/uploads\/2015\/01\/bvrh2-300x201.jpg 300w, https:\/\/hosting.pilsfree.net\/tembork\/wp-content\/uploads\/2015\/01\/bvrh2-870x584.jpg 870w, https:\/\/hosting.pilsfree.net\/tembork\/wp-content\/uploads\/2015\/01\/bvrh2.jpg 1300w\" sizes=\"(max-width: 590px) 100vw, 590px\" \/><\/a><\/p>\n<h2><\/h2>\n<h2><\/h2>\n<h2><\/h2>\n<h2><\/h2>\n<h2><\/h2>\n<h2><\/h2>\n<h2><\/h2>\n<h2><\/h2>\n<p>&nbsp;<\/p>\n<h2><span style=\"color: #ff6600;\">Fotogalerie Bonda<\/span><\/h2>\n<p>&nbsp;<\/p>\n<p><a href=\"http:\/\/hosting.pilsfree.net\/tembork\/wp-content\/uploads\/2015\/01\/373801_10150925527040307_1290505328_n.jpg\"><img loading=\"lazy\" decoding=\"async\" class=\"alignleft size-full wp-image-760\" src=\"http:\/\/hosting.pilsfree.net\/tembork\/wp-content\/uploads\/2015\/01\/373801_10150925527040307_1290505328_n.jpg\" alt=\"373801_10150925527040307_1290505328_n\" width=\"702\" height=\"433\" srcset=\"https:\/\/hosting.pilsfree.net\/tembork\/wp-content\/uploads\/2015\/01\/373801_10150925527040307_1290505328_n.jpg 702w, https:\/\/hosting.pilsfree.net\/tembork\/wp-content\/uploads\/2015\/01\/373801_10150925527040307_1290505328_n-300x185.jpg 300w\" sizes=\"(max-width: 702px) 100vw, 702px\" \/><\/a> <a href=\"http:\/\/hosting.pilsfree.net\/tembork\/wp-content\/uploads\/2015\/01\/376721_10150925538870307_1825196097_n.jpg\"><img loading=\"lazy\" decoding=\"async\" class=\"alignleft size-large wp-image-761\" src=\"http:\/\/hosting.pilsfree.net\/tembork\/wp-content\/uploads\/2015\/01\/376721_10150925538870307_1825196097_n.jpg\" alt=\"376721_10150925538870307_1825196097_n\" width=\"590\" height=\"425\" srcset=\"https:\/\/hosting.pilsfree.net\/tembork\/wp-content\/uploads\/2015\/01\/376721_10150925538870307_1825196097_n.jpg 702w, https:\/\/hosting.pilsfree.net\/tembork\/wp-content\/uploads\/2015\/01\/376721_10150925538870307_1825196097_n-300x216.jpg 300w\" sizes=\"(max-width: 590px) 100vw, 590px\" \/><\/a> <a href=\"http:\/\/hosting.pilsfree.net\/tembork\/wp-content\/uploads\/2015\/01\/393411_10151149736205307_1262371184_n.jpg\"><img loading=\"lazy\" decoding=\"async\" class=\"alignleft size-large wp-image-762\" src=\"http:\/\/hosting.pilsfree.net\/tembork\/wp-content\/uploads\/2015\/01\/393411_10151149736205307_1262371184_n.jpg\" alt=\"393411_10151149736205307_1262371184_n\" width=\"590\" height=\"403\" srcset=\"https:\/\/hosting.pilsfree.net\/tembork\/wp-content\/uploads\/2015\/01\/393411_10151149736205307_1262371184_n.jpg 700w, https:\/\/hosting.pilsfree.net\/tembork\/wp-content\/uploads\/2015\/01\/393411_10151149736205307_1262371184_n-300x205.jpg 300w\" sizes=\"(max-width: 590px) 100vw, 590px\" \/><\/a> <a href=\"http:\/\/hosting.pilsfree.net\/tembork\/wp-content\/uploads\/2015\/01\/399090_2958182842234_1051552626_n.jpg\"><img loading=\"lazy\" decoding=\"async\" class=\"alignleft size-large wp-image-763\" src=\"http:\/\/hosting.pilsfree.net\/tembork\/wp-content\/uploads\/2015\/01\/399090_2958182842234_1051552626_n.jpg\" alt=\"399090_2958182842234_1051552626_n\" width=\"590\" height=\"295\" srcset=\"https:\/\/hosting.pilsfree.net\/tembork\/wp-content\/uploads\/2015\/01\/399090_2958182842234_1051552626_n.jpg 720w, https:\/\/hosting.pilsfree.net\/tembork\/wp-content\/uploads\/2015\/01\/399090_2958182842234_1051552626_n-300x150.jpg 300w\" sizes=\"(max-width: 590px) 100vw, 590px\" \/><\/a> <a href=\"http:\/\/hosting.pilsfree.net\/tembork\/wp-content\/uploads\/2015\/01\/521993_516744185009825_1725246183_n.jpg\"><img loading=\"lazy\" decoding=\"async\" class=\"alignleft size-large wp-image-764\" src=\"http:\/\/hosting.pilsfree.net\/tembork\/wp-content\/uploads\/2015\/01\/521993_516744185009825_1725246183_n.jpg\" alt=\"521993_516744185009825_1725246183_n\" width=\"590\" height=\"413\" srcset=\"https:\/\/hosting.pilsfree.net\/tembork\/wp-content\/uploads\/2015\/01\/521993_516744185009825_1725246183_n.jpg 720w, https:\/\/hosting.pilsfree.net\/tembork\/wp-content\/uploads\/2015\/01\/521993_516744185009825_1725246183_n-300x210.jpg 300w\" sizes=\"(max-width: 590px) 100vw, 590px\" \/><\/a> <a href=\"http:\/\/hosting.pilsfree.net\/tembork\/wp-content\/uploads\/2015\/01\/547913_10152715728225307_1835596549_n.jpg\"><img loading=\"lazy\" decoding=\"async\" class=\"alignleft size-large wp-image-765\" src=\"http:\/\/hosting.pilsfree.net\/tembork\/wp-content\/uploads\/2015\/01\/547913_10152715728225307_1835596549_n.jpg\" alt=\"547913_10152715728225307_1835596549_n\" width=\"590\" height=\"443\" srcset=\"https:\/\/hosting.pilsfree.net\/tembork\/wp-content\/uploads\/2015\/01\/547913_10152715728225307_1835596549_n.jpg 720w, https:\/\/hosting.pilsfree.net\/tembork\/wp-content\/uploads\/2015\/01\/547913_10152715728225307_1835596549_n-300x225.jpg 300w\" sizes=\"(max-width: 590px) 100vw, 590px\" \/><\/a> <a href=\"http:\/\/hosting.pilsfree.net\/tembork\/wp-content\/uploads\/2015\/01\/936132_4690851637871_657342559_n.jpg\"><img loading=\"lazy\" decoding=\"async\" class=\"alignleft size-large wp-image-766\" src=\"http:\/\/hosting.pilsfree.net\/tembork\/wp-content\/uploads\/2015\/01\/936132_4690851637871_657342559_n.jpg\" alt=\"936132_4690851637871_657342559_n\" width=\"590\" height=\"393\" srcset=\"https:\/\/hosting.pilsfree.net\/tembork\/wp-content\/uploads\/2015\/01\/936132_4690851637871_657342559_n.jpg 720w, https:\/\/hosting.pilsfree.net\/tembork\/wp-content\/uploads\/2015\/01\/936132_4690851637871_657342559_n-300x200.jpg 300w\" sizes=\"(max-width: 590px) 100vw, 590px\" \/><\/a> <a href=\"http:\/\/hosting.pilsfree.net\/tembork\/wp-content\/uploads\/2015\/01\/1601189_518335841608176_6806720067542198001_n.jpg\"><img loading=\"lazy\" decoding=\"async\" class=\"alignleft size-large wp-image-767\" src=\"http:\/\/hosting.pilsfree.net\/tembork\/wp-content\/uploads\/2015\/01\/1601189_518335841608176_6806720067542198001_n.jpg\" alt=\"1601189_518335841608176_6806720067542198001_n\" width=\"590\" height=\"427\" srcset=\"https:\/\/hosting.pilsfree.net\/tembork\/wp-content\/uploads\/2015\/01\/1601189_518335841608176_6806720067542198001_n.jpg 720w, https:\/\/hosting.pilsfree.net\/tembork\/wp-content\/uploads\/2015\/01\/1601189_518335841608176_6806720067542198001_n-300x217.jpg 300w\" sizes=\"(max-width: 590px) 100vw, 590px\" \/><\/a><\/p>\n","protected":false},"excerpt":{"rendered":"<p>Litter B Brenda\u00a0 \u00a0&amp; \u00a0 Bond * \u00a022.12.2015 CEA, PRA, MDR1 clear HSF4\/HC \u00a0+\/+ nebo +\/- ocasy: kup\u00edrovan\u00e9 rodokmen\/pedigree: zde Bianco Mosaico Blue merle male 1 CEA, PRA, MDR1 clear HSF4 +\/+ short NBT, docked prodan\u00fd\/sold Basalto Di Pietra Blue merle male 2 CEA, PRA, MDR1 clear HSF4 +\/+ short NBT, docked prodan\u00fd\/sold Bimbo Berullos &hellip; <a href=\"https:\/\/hosting.pilsfree.net\/tembork\/stenatka\/vrh-b\/\" class=\"more-link\">Pokra\u010dov\u00e1n\u00ed textu <span class=\"screen-reader-text\">Vrh B<\/span> <span class=\"meta-nav\">&rarr;<\/span><\/a><\/p>\n","protected":false},"author":1,"featured_media":0,"parent":79,"menu_order":0,"comment_status":"closed","ping_status":"closed","template":"","meta":{"_exactmetrics_skip_tracking":false,"_exactmetrics_sitenote_active":false,"_exactmetrics_sitenote_note":"","_exactmetrics_sitenote_category":0,"footnotes":""},"class_list":["post-1016","page","type-page","status-publish","hentry"],"_links":{"self":[{"href":"https:\/\/hosting.pilsfree.net\/tembork\/wp-json\/wp\/v2\/pages\/1016"}],"collection":[{"href":"https:\/\/hosting.pilsfree.net\/tembork\/wp-json\/wp\/v2\/pages"}],"about":[{"href":"https:\/\/hosting.pilsfree.net\/tembork\/wp-json\/wp\/v2\/types\/page"}],"author":[{"embeddable":true,"href":"https:\/\/hosting.pilsfree.net\/tembork\/wp-json\/wp\/v2\/users\/1"}],"replies":[{"embeddable":true,"href":"https:\/\/hosting.pilsfree.net\/tembork\/wp-json\/wp\/v2\/comments?post=1016"}],"version-history":[{"count":6,"href":"https:\/\/hosting.pilsfree.net\/tembork\/wp-json\/wp\/v2\/pages\/1016\/revisions"}],"predecessor-version":[{"id":1019,"href":"https:\/\/hosting.pilsfree.net\/tembork\/wp-json\/wp\/v2\/pages\/1016\/revisions\/1019"}],"up":[{"embeddable":true,"href":"https:\/\/hosting.pilsfree.net\/tembork\/wp-json\/wp\/v2\/pages\/79"}],"wp:attachment":[{"href":"https:\/\/hosting.pilsfree.net\/tembork\/wp-json\/wp\/v2\/media?parent=1016"}],"curies":[{"name":"wp","href":"https:\/\/api.w.org\/{rel}","templated":true}]}}