{"id":79,"date":"2015-01-11T14:12:40","date_gmt":"2015-01-11T13:12:40","guid":{"rendered":"http:\/\/brennini.com\/?page_id=79"},"modified":"2020-01-25T19:55:02","modified_gmt":"2020-01-25T18:55:02","slug":"stenatka","status":"publish","type":"page","link":"http:\/\/hosting.pilsfree.net\/tembork\/stenatka\/","title":{"rendered":"\u0160t\u011b\u0148\u00e1tka"},"content":{"rendered":"<h1 style=\"text-align: center;\">&nbsp;<\/h1>\n<p>&nbsp;<\/p>\n<p style=\"text-align: center;\"><span style=\"color: #333399;\"><strong><a style=\"color: #333399;\" href=\"http:\/\/hosting.pilsfree.net\/tembork\/kontakt\/\" target=\"_blank\">Pro v\u00edce informac\u00ed n\u00e1s nev\u00e1hejte kontaktovat<\/a><\/strong><\/span><\/p>\n<h2 style=\"text-align: center;\"><span style=\"color: #0000ff;\"><strong><a style=\"color: #0000ff;\" href=\"http:\/\/hosting.pilsfree.net\/tembork\/stenatka\/rezervace-stenatek\/\" target=\"_blank\">Rezervace \u0161t\u011b\u0148\u00e1tek<\/a><\/strong><\/span><\/h2>\n<p>&nbsp;<\/p>\n<p>&nbsp;<\/p>\n<h5><span style=\"color: #339966;\"><em>Zde si m\u016f\u017eete prohl\u00e9dnout na\u0161e p\u0159edchoz\u00ed vrhy:<\/em><\/span><\/h5>\n<p>&nbsp;<\/p>\n<h5 style=\"text-align: left;\"><strong><a href=\"http:\/\/hosting.pilsfree.net\/tembork\/stenatka\/vrh-a\/\" target=\"_blank\">VRH&nbsp; A&nbsp;<\/a>&nbsp; (Angelina &amp; Patriot)<\/strong><\/h5>\n<h5 style=\"text-align: left;\"><a href=\"http:\/\/hosting.pilsfree.net\/tembork\/wp-content\/uploads\/2015\/01\/IMG_3709.jpg\" rel=\"attachment wp-att-1024\"><img loading=\"lazy\" decoding=\"async\" class=\"wp-image-1024 alignnone\" src=\"http:\/\/hosting.pilsfree.net\/tembork\/wp-content\/uploads\/2015\/01\/IMG_3709-300x103.jpg\" alt=\"IMG_3709\" width=\"481\" height=\"165\" srcset=\"http:\/\/hosting.pilsfree.net\/tembork\/wp-content\/uploads\/2015\/01\/IMG_3709-300x103.jpg 300w, http:\/\/hosting.pilsfree.net\/tembork\/wp-content\/uploads\/2015\/01\/IMG_3709-768x264.jpg 768w, http:\/\/hosting.pilsfree.net\/tembork\/wp-content\/uploads\/2015\/01\/IMG_3709-870x299.jpg 870w, http:\/\/hosting.pilsfree.net\/tembork\/wp-content\/uploads\/2015\/01\/IMG_3709.jpg 1000w\" sizes=\"(max-width: 481px) 100vw, 481px\" \/><\/a><\/h5>\n<p>&nbsp;<\/p>\n<h5 style=\"text-align: left;\">&nbsp;<a href=\"http:\/\/hosting.pilsfree.net\/tembork\/stenatka\/vrh-b\/\" target=\"_blank\"> VRH B<\/a>&nbsp;(Brenda &amp; Bond)<\/h5>\n<p>&nbsp;<\/p>\n<p><a href=\"http:\/\/hosting.pilsfree.net\/tembork\/wp-content\/uploads\/2014\/10\/B_Brennini1.jpg\" rel=\"attachment wp-att-956\"><img loading=\"lazy\" decoding=\"async\" class=\"size-medium wp-image-956 alignnone\" src=\"http:\/\/hosting.pilsfree.net\/tembork\/wp-content\/uploads\/2014\/10\/B_Brennini1-300x176.jpg\" alt=\"B_Brennini1\" width=\"300\" height=\"176\" srcset=\"http:\/\/hosting.pilsfree.net\/tembork\/wp-content\/uploads\/2014\/10\/B_Brennini1-300x176.jpg 300w, http:\/\/hosting.pilsfree.net\/tembork\/wp-content\/uploads\/2014\/10\/B_Brennini1-768x450.jpg 768w, http:\/\/hosting.pilsfree.net\/tembork\/wp-content\/uploads\/2014\/10\/B_Brennini1-870x510.jpg 870w, http:\/\/hosting.pilsfree.net\/tembork\/wp-content\/uploads\/2014\/10\/B_Brennini1.jpg 1018w\" sizes=\"(max-width: 300px) 100vw, 300px\" \/><\/a><\/p>\n<h5><span style=\"color: #008000;\"><strong><a href=\"https:\/\/hosting.pilsfree.net\/tembork\/vrh-c\/\">VRH C<\/a>&nbsp;<span style=\"color: #333333;\">(Brenda &amp; Patriot)<\/span><\/strong><\/span><\/h5>\n<p>&nbsp;<\/p>\n<p><a href=\"http:\/\/hosting.pilsfree.net\/tembork\/wp-content\/uploads\/2017\/03\/DSC_0730.jpg\"><img loading=\"lazy\" decoding=\"async\" class=\"alignnone wp-image-1202 size-medium\" src=\"http:\/\/hosting.pilsfree.net\/tembork\/wp-content\/uploads\/2017\/03\/DSC_0730-300x198.jpg\" alt=\"\" width=\"300\" height=\"198\" srcset=\"http:\/\/hosting.pilsfree.net\/tembork\/wp-content\/uploads\/2017\/03\/DSC_0730-300x198.jpg 300w, http:\/\/hosting.pilsfree.net\/tembork\/wp-content\/uploads\/2017\/03\/DSC_0730-768x507.jpg 768w, http:\/\/hosting.pilsfree.net\/tembork\/wp-content\/uploads\/2017\/03\/DSC_0730-1024x677.jpg 1024w, http:\/\/hosting.pilsfree.net\/tembork\/wp-content\/uploads\/2017\/03\/DSC_0730-870x575.jpg 870w\" sizes=\"(max-width: 300px) 100vw, 300px\" \/><\/a><\/p>\n<h5><span style=\"color: #008000;\"><strong><a href=\"https:\/\/hosting.pilsfree.net\/tembork\/vrh-c\/\">VRH D<\/a>&nbsp;<\/strong><\/span><span style=\"color: #008000;\"><strong><span style=\"color: #333333;\">(Zulka &amp; Garry)<\/span><\/strong><\/span><\/h5>\n<p>&nbsp;<\/p>\n<p>&nbsp;<\/p>\n<p>&nbsp;<\/p>\n<h5><span style=\"color: #008000;\"><strong><a href=\"https:\/\/hosting.pilsfree.net\/tembork\/stenatka\/vrh-e\/\">VRH E<\/a>&nbsp;<\/strong><\/span><span style=\"color: #008000;\"><strong><span style=\"color: #333333;\">(Angelina &amp; Jerry)<\/span><\/strong><\/span><\/h5>\n<p>&nbsp;<\/p>\n<p>&nbsp;<\/p>\n","protected":false},"excerpt":{"rendered":"<p>&nbsp; &nbsp; Pro v\u00edce informac\u00ed n\u00e1s nev\u00e1hejte kontaktovat Rezervace \u0161t\u011b\u0148\u00e1tek &nbsp; &nbsp; Zde si m\u016f\u017eete prohl\u00e9dnout na\u0161e p\u0159edchoz\u00ed vrhy: &nbsp; VRH&nbsp; A&nbsp;&nbsp; (Angelina &amp; Patriot) &nbsp; &nbsp; VRH B&nbsp;(Brenda &amp; Bond) &nbsp; VRH C&nbsp;(Brenda &amp; Patriot) &nbsp; VRH D&nbsp;(Zulka &amp; Garry) &nbsp; &nbsp; &nbsp; VRH E&nbsp;(Angelina &amp; Jerry) &nbsp; &nbsp;<\/p>\n","protected":false},"author":1,"featured_media":0,"parent":0,"menu_order":0,"comment_status":"closed","ping_status":"open","template":"","meta":{"_exactmetrics_skip_tracking":false,"_exactmetrics_sitenote_active":false,"_exactmetrics_sitenote_note":"","_exactmetrics_sitenote_category":0,"footnotes":""},"class_list":["post-79","page","type-page","status-publish","hentry"],"_links":{"self":[{"href":"http:\/\/hosting.pilsfree.net\/tembork\/wp-json\/wp\/v2\/pages\/79"}],"collection":[{"href":"http:\/\/hosting.pilsfree.net\/tembork\/wp-json\/wp\/v2\/pages"}],"about":[{"href":"http:\/\/hosting.pilsfree.net\/tembork\/wp-json\/wp\/v2\/types\/page"}],"author":[{"embeddable":true,"href":"http:\/\/hosting.pilsfree.net\/tembork\/wp-json\/wp\/v2\/users\/1"}],"replies":[{"embeddable":true,"href":"http:\/\/hosting.pilsfree.net\/tembork\/wp-json\/wp\/v2\/comments?post=79"}],"version-history":[{"count":67,"href":"http:\/\/hosting.pilsfree.net\/tembork\/wp-json\/wp\/v2\/pages\/79\/revisions"}],"predecessor-version":[{"id":1434,"href":"http:\/\/hosting.pilsfree.net\/tembork\/wp-json\/wp\/v2\/pages\/79\/revisions\/1434"}],"wp:attachment":[{"href":"http:\/\/hosting.pilsfree.net\/tembork\/wp-json\/wp\/v2\/media?parent=79"}],"curies":[{"name":"wp","href":"https:\/\/api.w.org\/{rel}","templated":true}]}}