{"id":568,"date":"2015-06-29T10:27:34","date_gmt":"2015-06-29T09:27:34","guid":{"rendered":"http:\/\/brennini.com\/?page_id=568"},"modified":"2015-06-29T13:26:38","modified_gmt":"2015-06-29T12:26:38","slug":"rezervace-stenatek","status":"publish","type":"page","link":"http:\/\/hosting.pilsfree.net\/tembork\/stenatka\/rezervace-stenatek\/","title":{"rendered":"Rezervace \u0161t\u011b\u0148\u00e1tek"},"content":{"rendered":"<h1>Podm\u00ednky prodeje a rezervace \u0161t\u011bn\u011bte<\/h1>\n<p>&nbsp;<\/p>\n<p>P\u0159ed narozen\u00edm \u0161t\u011b\u0148\u00e1tek vytv\u00e1\u0159\u00edme v na\u0161\u00ed chovatelsk\u00e9 stanici tzv. list \u010dekatel\u016f, co\u017e znamen\u00e1, \u017ee si zapisujem po\u0159ad\u00ed z\u00e1jemc\u016f a jejich p\u0159edstavy o budouc\u00edm pejskovi a v tomto po\u0159ad\u00ed pak tak\u00e9 z\u00e1jemce vyz\u00edv\u00e1me k v\u00fdb\u011bru vhodn\u00e9ho \u0161t\u011b\u0148\u00e1tka pro n\u011b. P\u0159ednostn\u00ed v\u00fdb\u011br \u0161t\u011b\u0148\u00e1tek tedy maj\u00ed z\u00e1jemci z \u010dekatelsk\u00e9 listiny. Tyto z\u00e1jemce pr\u016fb\u011b\u017en\u011b informujeme o v\u0161ech z\u00e1sadn\u00edch novink\u00e1ch, co se \u0161t\u011b\u0148\u00e1tek t\u00fdk\u00e1 ji\u017e v pr\u016fb\u011bhu b\u0159ezosti. Na\u0161i chovatelskou stanici je mo\u017en\u00e9 po p\u0159edchoz\u00ed dohod\u011b kdykoliv nez\u00e1vazn\u011b nav\u0161t\u00edvit a sezn\u00e1mit se s na\u0161imi pejsky i \u0161t\u011b\u0148\u00e1tky, pokud aktu\u00e1ln\u011b n\u011bjak\u00e9 m\u00e1me, ale i jen tak na sezn\u00e1men\u00ed se s australsk\u00fdmi ov\u010d\u00e1ky, pokud jsi nejste jist\u00ed, \u017ee toto plemeno je pro v\u00e1s vhodn\u00e9.<\/p>\n<p>Pokud jste si jist\u00ed, \u017ee si od n\u00e1s chcete zakoupit \u0161t\u011b\u0148\u00e1tko z vybran\u00e9ho spojen\u00ed a vyberete si konkr\u00e9tn\u00edho jedince hned \u010di pozd\u011bji, budeme po v\u00e1s po\u017eadovat z\u00e1lohu. Z\u00e1loha na koupi \u0161t\u011b\u0148\u00e1tka je mezi chovateli zcela roz\u0161\u00ed\u0159en\u00e1 a pochopiteln\u00e1. Z\u00e1rove\u0148 kupuj\u00edc\u00ed m\u00e1 jistotu, \u017ee \u0161t\u011b\u0148\u00e1tko je rezervov\u00e1no pr\u00e1v\u011b pro n\u011bho. Po z\u00e1jemci budeme po\u017eadovat po osobn\u00ed, telefonick\u00e9 nebo e-mailov\u00e9 domluv\u011b a up\u0159esn\u011bn\u00ed podm\u00ednek z\u00e1lohu ve v\u00fd\u0161i 1\/3 z celkov\u00e9 ceny \u0161t\u011bn\u011bte. Tato z\u00e1loha se skl\u00e1d\u00e1, abychom m\u011bli jistotu, \u017ee \u0161t\u011b\u0148\u00e1tko dob\u011b odb\u011bru opravdu p\u016fjde k\u00a0nov\u00e9mu majiteli a chovatel, aby m\u011bl (relativn\u00ed) jistotu, \u017ee si z\u00e1jemce skute\u010dn\u011b \u0161t\u011b\u0148\u00e1tko koup\u00ed. Pokud n\u00e1sledn\u011b dojde k uzav\u0159en\u00ed kupn\u00ed smlouvy, chovatel z\u00e1lohu na \u0161t\u011bn\u011b od celkov\u00e9 kupn\u00ed ceny ode\u010dte. Pokud dojde ke zru\u0161en\u00ed rezervace ze strany kupuj\u00edc\u00edho, je tato z\u00e1loha NEVRATN\u00c1!<\/p>\n<p>D\u016fvod je prost\u00fd: chovatel vynalo\u017e\u00ed nemal\u00e9 n\u00e1klady na inzerci a m\u00e1 ur\u010dit\u00fd po\u010det z\u00e1jemc\u016f. S n\u011bkter\u00fdmi z nich se dohodne o prodeji \u0161t\u011b\u0148\u00e1tek a ostatn\u00ed mus\u00ed bohu\u017eel odm\u00edtnout. Kdy\u017e p\u0159ijde doba odchodu \u0161t\u011b\u0148\u00e1tek do nov\u00fdch domov\u016f, je pro chovatele velmi nemil\u00e9, nedodr\u017e\u00ed-li neseri\u00f3zn\u00ed z\u00e1jemci slovo. Chovateli tak vznikaj\u00ed dal\u0161\u00ed n\u00e1klady, kdy hled\u00e1 nov\u00e9 z\u00e1jemce a ne\u017e je najde, mus\u00ed \u0161t\u011b\u0148\u00e1tka \u017eivit a hradit ve\u0161kerou jejich p\u00e9\u010di v\u010detn\u011b\u00a0veterin\u00e1rn\u00ed.<\/p>\n<p>Pokud ov\u0161em d\u016fvodem nep\u0159evzet\u00ed vybran\u00e9ho \u0161t\u011b\u0148\u00e1tka jsou skute\u010dnosti jin\u00e9 (nap\u0159. odchylka od standardu, kdy m\u011bl z\u00e1jemce dohodnutou koupi standardn\u00edho \u0161t\u011b\u0148\u00e1tka dle F.C.I.-Standard \u010d. 342 \/ 05.06.2009 \/ GB, nemoc, \u00fahyn, \u00faraz) \u010di pokud dojde ke zru\u0161en\u00ed \u00a0rezervace ze strany chovatelsk\u00e9 stanice, z\u00e1loha je samoz\u0159ejm\u011b vratn\u00e1 v pln\u00e9 v\u00fd\u0161i.<\/p>\n<p>V p\u0159\u00edpad\u011b, \u017ee budou \u0161t\u011b\u0148\u00e1tka k okam\u017eit\u00e9mu odb\u011bru (po 50. dnu \u0161t\u011b\u0148at), nen\u00ed z\u00e1loha nutn\u00e1, dohodnut\u00e1 celkov\u00e1 cena se plat\u00ed p\u0159i p\u0159evzet\u00ed \u0161t\u011bn\u011bte.<\/p>\n<p>P\u0159i odb\u011bru je podepsan\u00e1 kupn\u00ed smlouva a jsou p\u0159ed\u00e1ny ve\u0161ker\u00e9 informace ohledn\u011b krmen\u00ed, o\u010dkov\u00e1n\u00ed, od\u010derven\u00ed a p\u00e9\u010de o \u0161t\u011bn\u011b.<br \/>\nPokud jede \u0161t\u011b\u0148\u00e1tko do zahrani\u010d\u00ed, je v\u017edy nutn\u00e9 dop\u0159edu domluvit podm\u00ednky p\u0159ijet\u00ed zem\u011b, do kter\u00e9 \u0161t\u011bn\u011b cestuje. Budouc\u00ed majitel si plat\u00ed p\u0159epravu zv\u00ed\u0159ete, o\u010dkov\u00e1n\u00ed, veterin\u00e1rn\u00ed protokol, krmen\u00ed \u0161t\u011b\u0148\u00e1tka do doby ne\u017e m\u016f\u017ee opustit \u010ceskou republiku (v\u011bt\u0161inou po ukon\u010den\u00ed kompletn\u00ed vakcinace).<\/p>\n<p>Pokud budete m\u00edt je\u0161t\u011b n\u011bjak\u00e9 dotazy, nev\u00e1hejte n\u00e1s kontaktovat.<\/p>\n<p>&nbsp;<\/p>\n<h1>Kupn\u00ed smlouva<\/h1>\n<p>&nbsp;<\/p>\n<p>Kupuj\u00edc\u00ed dost\u00e1v\u00e1 kupn\u00ed smlouvu, kterou m\u00e1 mo\u017enost si pe\u010dliv\u011b p\u0159e\u010d\u00edst a p\u0159i jej\u00edm souhlasu a zkontrolov\u00e1n\u00ed \u0161t\u011bn\u011bte je tato smlouva podepsan\u00e1 kupuj\u00edc\u00edm i prod\u00e1vaj\u00edc\u00edm. Jedno vyhotoven\u00ed t\u00e9to smlouvy obdr\u017e\u00ed kupuj\u00edc\u00ed a jedno si prod\u00e1vaj\u00edc\u00ed ponech\u00e1.<\/p>\n","protected":false},"excerpt":{"rendered":"<p>Podm\u00ednky prodeje a rezervace \u0161t\u011bn\u011bte &nbsp; P\u0159ed narozen\u00edm \u0161t\u011b\u0148\u00e1tek vytv\u00e1\u0159\u00edme v na\u0161\u00ed chovatelsk\u00e9 stanici tzv. list \u010dekatel\u016f, co\u017e znamen\u00e1, \u017ee si zapisujem po\u0159ad\u00ed z\u00e1jemc\u016f a jejich p\u0159edstavy o budouc\u00edm pejskovi a v tomto po\u0159ad\u00ed pak tak\u00e9 z\u00e1jemce vyz\u00edv\u00e1me k v\u00fdb\u011bru vhodn\u00e9ho \u0161t\u011b\u0148\u00e1tka pro n\u011b. P\u0159ednostn\u00ed v\u00fdb\u011br \u0161t\u011b\u0148\u00e1tek tedy maj\u00ed z\u00e1jemci z \u010dekatelsk\u00e9 listiny. Tyto z\u00e1jemce &hellip; <a href=\"http:\/\/hosting.pilsfree.net\/tembork\/stenatka\/rezervace-stenatek\/\" class=\"more-link\">Pokra\u010dov\u00e1n\u00ed textu <span class=\"screen-reader-text\">Rezervace \u0161t\u011b\u0148\u00e1tek<\/span> <span class=\"meta-nav\">&rarr;<\/span><\/a><\/p>\n","protected":false},"author":1,"featured_media":0,"parent":79,"menu_order":3,"comment_status":"closed","ping_status":"open","template":"","meta":{"_exactmetrics_skip_tracking":false,"_exactmetrics_sitenote_active":false,"_exactmetrics_sitenote_note":"","_exactmetrics_sitenote_category":0,"footnotes":""},"class_list":["post-568","page","type-page","status-publish","hentry"],"_links":{"self":[{"href":"http:\/\/hosting.pilsfree.net\/tembork\/wp-json\/wp\/v2\/pages\/568"}],"collection":[{"href":"http:\/\/hosting.pilsfree.net\/tembork\/wp-json\/wp\/v2\/pages"}],"about":[{"href":"http:\/\/hosting.pilsfree.net\/tembork\/wp-json\/wp\/v2\/types\/page"}],"author":[{"embeddable":true,"href":"http:\/\/hosting.pilsfree.net\/tembork\/wp-json\/wp\/v2\/users\/1"}],"replies":[{"embeddable":true,"href":"http:\/\/hosting.pilsfree.net\/tembork\/wp-json\/wp\/v2\/comments?post=568"}],"version-history":[{"count":2,"href":"http:\/\/hosting.pilsfree.net\/tembork\/wp-json\/wp\/v2\/pages\/568\/revisions"}],"predecessor-version":[{"id":570,"href":"http:\/\/hosting.pilsfree.net\/tembork\/wp-json\/wp\/v2\/pages\/568\/revisions\/570"}],"up":[{"embeddable":true,"href":"http:\/\/hosting.pilsfree.net\/tembork\/wp-json\/wp\/v2\/pages\/79"}],"wp:attachment":[{"href":"http:\/\/hosting.pilsfree.net\/tembork\/wp-json\/wp\/v2\/media?parent=568"}],"curies":[{"name":"wp","href":"https:\/\/api.w.org\/{rel}","templated":true}]}}