{"id":1297,"date":"2018-04-19T10:26:54","date_gmt":"2018-04-19T09:26:54","guid":{"rendered":"http:\/\/brennini.com\/?page_id=1297"},"modified":"2018-06-18T11:46:31","modified_gmt":"2018-06-18T10:46:31","slug":"vrh-e","status":"publish","type":"page","link":"http:\/\/hosting.pilsfree.net\/tembork\/stenatka\/vrh-e\/","title":{"rendered":"Vrh E"},"content":{"rendered":"<h1 style=\"text-align: center;\"><strong><span style=\"color: #00ff00;\">M\u00e1me \u0161t\u011b\u0148\u00e1tka!!!<\/span><\/strong><\/h1>\n<p><strong>V ned\u011bli 27.5.2018 se n\u00e1m narodilo 8 kr\u00e1sn\u00fdch, \u010dil\u00fdch a standardn\u00edc<\/strong><strong><span style=\"color: #000000;\">h \u0161t\u011b\u0148\u00e1tek ve slo\u017een\u00ed 2 blue merle psi, 2 black tricolor fenky a 4 blue merle fenky. Ohledn\u011b rezervace \u0161t\u011b\u0148\u00e1tek m\u011b nev\u00e1hejte <a href=\"https:\/\/hosting.pilsfree.net\/tembork\/kontakt\/\">kontaktovat<\/a>. V\u0161echna na\u0161e \u0161t\u011b\u0148\u00e1tka jsou bez oc\u00e1sku a k z\u00e1vazn\u00fdm rezervac\u00edm je za\u010dneme zad\u00e1vat nejprve z\u00e1jemc\u016fm z \u010dekatelsk\u00e9 listiny ve v\u011bku 4 t\u00fddn\u016f tj. od 24.6.2018.<\/span><\/strong><\/p>\n<p>&nbsp;<\/p>\n<p><span class=\"_5mfr _47e3\"><img loading=\"lazy\" decoding=\"async\" class=\"img\" src=\"https:\/\/static.xx.fbcdn.net\/images\/emoji.php\/v9\/fed\/1.5\/16\/1f49a.png\" alt=\"\" width=\"16\" height=\"16\"><span class=\"_7oe\">????<\/span><\/span>&nbsp;P\u0159edstavujeme V\u00e1m n\u00e1\u0161 jedin\u00fd a vlastn\u011b i jedine\u010dn\u00fd pl\u00e1novan\u00fd vrh pro leto\u0161n\u00ed rok&nbsp;<span class=\"_5mfr _47e3\"><img loading=\"lazy\" decoding=\"async\" class=\"img\" src=\"https:\/\/static.xx.fbcdn.net\/images\/emoji.php\/v9\/fed\/1.5\/16\/1f49a.png\" alt=\"\" width=\"16\" height=\"16\"><span class=\"_7oe\">????<\/span><\/span><\/p>\n<p>Pokud se v\u0161e zada\u0159\u00ed jak m\u00e1, maminkou se podruh\u00e9 a naposled stane koncem kv\u011btna na\u0161e Angelinka.<\/p>\n<p>Pro tento vrh jsem se rozhodla na z\u00e1klad\u011b \u00fasp\u011b\u0161nosti prvn\u00edho vrhu na\u0161\u00ed Angee, kdy 7 z 11 odchovan\u00fdch \u0161t\u011b\u0148\u00e1tek m\u00e1 spln\u011bno celkem 25 zkou\u0161ek z pasen\u00ed, vytrvalosti, noseworku i sportovn\u00ed kynologie. Vrhu &#8222;A&#8220; budou letos 3 roky a v\u011bnuj\u00ed se mimo jin\u00e9 i dogdancingu, mantrailingu, coursingu, agilit\u00e1m, dogtr<span class=\"text_exposed_show\">ekkingu, canicrossu&#8230;<br \/>\nDa\u0159ilo se jim i ve v\u00fdstavn\u00edm kruhu, kdy 2 feny dokon\u010dily celkem 3 \u0161ampion\u00e1ty a dal\u0161\u00ed maj\u00ed \u0161ampion\u00e1ty rozjet\u00e9.<\/span><\/p>\n<div class=\"text_exposed_show\">\n<p>Od tohoto vrhu o\u010dek\u00e1v\u00e1me dal\u0161\u00ed nad\u011bjn\u00e1 \u0161t\u011b\u0148\u00e1tka s chut\u00ed do pr\u00e1ce a vyrovnanou povahou.<\/p>\n<p>Pokud V\u00e1s n\u00e1\u0161 pl\u00e1novan\u00fd vrh zaujal, nev\u00e1hejte n\u00e1s kontaktovat, listinu z\u00e1jemc\u016f si vedeme pr\u016fb\u011b\u017en\u011b, ale r\u00e1di V\u00e1m zodpov\u00edme jak\u00e9koliv dal\u0161\u00ed ot\u00e1zky, p\u0159\u00edpadn\u011b uv\u00edt\u00e1me nez\u00e1vaznou n\u00e1v\u0161t\u011bvu u n\u00e1s.<\/p>\n<p>V\u00edce o na\u0161\u00ed Angee se dozv\u00edte <a href=\"http:\/\/hosting.pilsfree.net\/tembork\/angelina\/\">zde<\/a><br \/>\na o tat\u00ednkovi pl\u00e1novan\u00e9ho vrhu na&nbsp;<a href=\"http:\/\/www.amaranthville.com\/jerry.html\">http:\/\/www.amaranthville.com\/jerry.html<\/a><\/p>\n<p><a href=\"http:\/\/hosting.pilsfree.net\/tembork\/wp-content\/uploads\/2018\/04\/e_vrh.jpg\"><img loading=\"lazy\" decoding=\"async\" class=\"alignleft size-large wp-image-1298\" src=\"http:\/\/hosting.pilsfree.net\/tembork\/wp-content\/uploads\/2018\/04\/e_vrh-575x1024.jpg\" alt=\"\" width=\"575\" height=\"1024\" srcset=\"http:\/\/hosting.pilsfree.net\/tembork\/wp-content\/uploads\/2018\/04\/e_vrh-575x1024.jpg 575w, http:\/\/hosting.pilsfree.net\/tembork\/wp-content\/uploads\/2018\/04\/e_vrh-168x300.jpg 168w, http:\/\/hosting.pilsfree.net\/tembork\/wp-content\/uploads\/2018\/04\/e_vrh.jpg 730w\" sizes=\"(max-width: 575px) 100vw, 575px\" \/><\/a><\/p>\n<\/div>\n","protected":false},"excerpt":{"rendered":"<p>M\u00e1me \u0161t\u011b\u0148\u00e1tka!!! V ned\u011bli 27.5.2018 se n\u00e1m narodilo 8 kr\u00e1sn\u00fdch, \u010dil\u00fdch a standardn\u00edch \u0161t\u011b\u0148\u00e1tek ve slo\u017een\u00ed 2 blue merle psi, 2 black tricolor fenky a 4 blue merle fenky. Ohledn\u011b rezervace \u0161t\u011b\u0148\u00e1tek m\u011b nev\u00e1hejte kontaktovat. V\u0161echna na\u0161e \u0161t\u011b\u0148\u00e1tka jsou bez oc\u00e1sku a k z\u00e1vazn\u00fdm rezervac\u00edm je za\u010dneme zad\u00e1vat nejprve z\u00e1jemc\u016fm z \u010dekatelsk\u00e9 listiny ve v\u011bku &hellip; <a href=\"http:\/\/hosting.pilsfree.net\/tembork\/stenatka\/vrh-e\/\" class=\"more-link\">Pokra\u010dov\u00e1n\u00ed textu <span class=\"screen-reader-text\">Vrh E<\/span> <span class=\"meta-nav\">&rarr;<\/span><\/a><\/p>\n","protected":false},"author":1,"featured_media":0,"parent":79,"menu_order":0,"comment_status":"closed","ping_status":"closed","template":"","meta":{"_exactmetrics_skip_tracking":false,"_exactmetrics_sitenote_active":false,"_exactmetrics_sitenote_note":"","_exactmetrics_sitenote_category":0,"footnotes":""},"class_list":["post-1297","page","type-page","status-publish","hentry"],"_links":{"self":[{"href":"http:\/\/hosting.pilsfree.net\/tembork\/wp-json\/wp\/v2\/pages\/1297"}],"collection":[{"href":"http:\/\/hosting.pilsfree.net\/tembork\/wp-json\/wp\/v2\/pages"}],"about":[{"href":"http:\/\/hosting.pilsfree.net\/tembork\/wp-json\/wp\/v2\/types\/page"}],"author":[{"embeddable":true,"href":"http:\/\/hosting.pilsfree.net\/tembork\/wp-json\/wp\/v2\/users\/1"}],"replies":[{"embeddable":true,"href":"http:\/\/hosting.pilsfree.net\/tembork\/wp-json\/wp\/v2\/comments?post=1297"}],"version-history":[{"count":7,"href":"http:\/\/hosting.pilsfree.net\/tembork\/wp-json\/wp\/v2\/pages\/1297\/revisions"}],"predecessor-version":[{"id":1349,"href":"http:\/\/hosting.pilsfree.net\/tembork\/wp-json\/wp\/v2\/pages\/1297\/revisions\/1349"}],"up":[{"embeddable":true,"href":"http:\/\/hosting.pilsfree.net\/tembork\/wp-json\/wp\/v2\/pages\/79"}],"wp:attachment":[{"href":"http:\/\/hosting.pilsfree.net\/tembork\/wp-json\/wp\/v2\/media?parent=1297"}],"curies":[{"name":"wp","href":"https:\/\/api.w.org\/{rel}","templated":true}]}}