{"id":83,"date":"2014-12-24T00:28:36","date_gmt":"2014-12-23T23:28:36","guid":{"rendered":"http:\/\/hosting.pilsfree.net\/js-projekt\/labe\/?page_id=83"},"modified":"2014-12-24T00:53:33","modified_gmt":"2014-12-23T23:53:33","slug":"mapa","status":"publish","type":"page","link":"http:\/\/hosting.pilsfree.net\/js-projekt\/labe\/?page_id=83","title":{"rendered":"Mapa"},"content":{"rendered":"<p>1. mapa &#8222;letem sv\u011btem&#8220; &#8230; je\u0161t\u011b mus\u00edm doladit. Zde snad bude jednou vid\u011bt, kde jsem ji\u017e byl.<br \/>\n<div id=\"wpgmza_map\" class=\"wpgmza_map\" data-settings='{\"id\":\"1\",\"map_title\":\"Trasa 1 - letem svetem\",\"map_width\":\"600\",\"map_height\":\"800\",\"map_start_lat\":\"51.754923\",\"map_start_lng\":\"12.347470\",\"map_start_location\":\"51.75492274902733,12.347469921875005\",\"map_start_zoom\":\"6\",\"default_marker\":\"0\",\"type\":\"4\",\"alignment\":\"1\",\"directions_enabled\":\"1\",\"styling_enabled\":\"0\",\"styling_json\":\"\",\"active\":\"0\",\"kml\":\"\",\"bicycle\":\"1\",\"traffic\":\"0\",\"dbox\":\"1\",\"dbox_width\":\"250\",\"listmarkers\":\"0\",\"listmarkers_advanced\":\"0\",\"filterbycat\":\"0\",\"ugm_enabled\":\"0\",\"ugm_category_enabled\":\"0\",\"fusion\":\"\",\"map_width_type\":\"px\",\"map_height_type\":\"px\",\"mass_marker_support\":\"1\",\"ugm_access\":\"0\",\"order_markers_by\":\"1\",\"order_markers_choice\":\"2\",\"show_user_location\":\"0\",\"default_to\":\"\",\"other_settings\":{\"store_locator_enabled\":2,\"store_locator_distance\":2,\"store_locator_bounce\":1,\"store_locator_query_string\":\"ZIP \\\/ Address:\",\"wpgmza_store_locator_restrict\":\"\",\"map_max_zoom\":\"3\",\"weather_layer\":1,\"weather_layer_temp_type\":1,\"cloud_layer\":2,\"transport_layer\":0}}' data-map-id='1' Data-maps-engine='' data-shortcode-attributes='{\"id\":\"1\"}' style=\"display:block; overflow:auto; width:600px; height:800px; float:left;\"><\/div><\/p>\n","protected":false},"excerpt":{"rendered":"<p>1. mapa &#8222;letem sv\u011btem&#8220; &#8230; je\u0161t\u011b mus\u00edm doladit. Zde snad bude jednou vid\u011bt, kde jsem ji\u017e byl.<\/p>\n","protected":false},"author":1,"featured_media":0,"parent":0,"menu_order":0,"comment_status":"open","ping_status":"open","template":"","meta":[],"_links":{"self":[{"href":"http:\/\/hosting.pilsfree.net\/js-projekt\/labe\/index.php?rest_route=\/wp\/v2\/pages\/83"}],"collection":[{"href":"http:\/\/hosting.pilsfree.net\/js-projekt\/labe\/index.php?rest_route=\/wp\/v2\/pages"}],"about":[{"href":"http:\/\/hosting.pilsfree.net\/js-projekt\/labe\/index.php?rest_route=\/wp\/v2\/types\/page"}],"author":[{"embeddable":true,"href":"http:\/\/hosting.pilsfree.net\/js-projekt\/labe\/index.php?rest_route=\/wp\/v2\/users\/1"}],"replies":[{"embeddable":true,"href":"http:\/\/hosting.pilsfree.net\/js-projekt\/labe\/index.php?rest_route=%2Fwp%2Fv2%2Fcomments&post=83"}],"version-history":[{"count":4,"href":"http:\/\/hosting.pilsfree.net\/js-projekt\/labe\/index.php?rest_route=\/wp\/v2\/pages\/83\/revisions"}],"predecessor-version":[{"id":87,"href":"http:\/\/hosting.pilsfree.net\/js-projekt\/labe\/index.php?rest_route=\/wp\/v2\/pages\/83\/revisions\/87"}],"wp:attachment":[{"href":"http:\/\/hosting.pilsfree.net\/js-projekt\/labe\/index.php?rest_route=%2Fwp%2Fv2%2Fmedia&parent=83"}],"curies":[{"name":"wp","href":"https:\/\/api.w.org\/{rel}","templated":true}]}}