{"id":29,"date":"2014-11-22T01:18:59","date_gmt":"2014-11-22T00:18:59","guid":{"rendered":"http:\/\/hosting.pilsfree.net\/js-projekt\/labe\/?page_id=29"},"modified":"2014-12-07T10:41:10","modified_gmt":"2014-12-07T09:41:10","slug":"kontakt","status":"publish","type":"page","link":"http:\/\/hosting.pilsfree.net\/js-projekt\/labe\/?page_id=29","title":{"rendered":"Kontakt"},"content":{"rendered":"<p><img loading=\"lazy\" class=\"alignleft\" src=\"http:\/\/www.kotva.e-plzen.cz\/clenove\/2011k_Klasik.JPG\" alt=\"\" width=\"99\" height=\"150\" \/>Jarom\u00edr Svoboda alias Klasik<\/p>\n<p>e mail \u00a0: \u00a0klasik @ machr . cz \u00a0 \u00a0&#8230;. samoz\u0159ejm\u011b bez t\u011bch mezer<\/p>\n","protected":false},"excerpt":{"rendered":"<p>Jarom\u00edr Svoboda alias Klasik e mail \u00a0: \u00a0klasik @ machr . cz \u00a0 \u00a0&#8230;. samoz\u0159ejm\u011b bez t\u011bch mezer<\/p>\n","protected":false},"author":1,"featured_media":0,"parent":0,"menu_order":10,"comment_status":"open","ping_status":"open","template":"","meta":[],"_links":{"self":[{"href":"http:\/\/hosting.pilsfree.net\/js-projekt\/labe\/index.php?rest_route=\/wp\/v2\/pages\/29"}],"collection":[{"href":"http:\/\/hosting.pilsfree.net\/js-projekt\/labe\/index.php?rest_route=\/wp\/v2\/pages"}],"about":[{"href":"http:\/\/hosting.pilsfree.net\/js-projekt\/labe\/index.php?rest_route=\/wp\/v2\/types\/page"}],"author":[{"embeddable":true,"href":"http:\/\/hosting.pilsfree.net\/js-projekt\/labe\/index.php?rest_route=\/wp\/v2\/users\/1"}],"replies":[{"embeddable":true,"href":"http:\/\/hosting.pilsfree.net\/js-projekt\/labe\/index.php?rest_route=%2Fwp%2Fv2%2Fcomments&post=29"}],"version-history":[{"count":2,"href":"http:\/\/hosting.pilsfree.net\/js-projekt\/labe\/index.php?rest_route=\/wp\/v2\/pages\/29\/revisions"}],"predecessor-version":[{"id":60,"href":"http:\/\/hosting.pilsfree.net\/js-projekt\/labe\/index.php?rest_route=\/wp\/v2\/pages\/29\/revisions\/60"}],"wp:attachment":[{"href":"http:\/\/hosting.pilsfree.net\/js-projekt\/labe\/index.php?rest_route=%2Fwp%2Fv2%2Fmedia&parent=29"}],"curies":[{"name":"wp","href":"https:\/\/api.w.org\/{rel}","templated":true}]}}