{"id":24,"date":"2014-11-22T00:40:34","date_gmt":"2014-11-21T23:40:34","guid":{"rendered":"http:\/\/hosting.pilsfree.net\/js-projekt\/labe\/?page_id=24"},"modified":"2014-11-24T20:39:44","modified_gmt":"2014-11-24T19:39:44","slug":"km","status":"publish","type":"page","link":"http:\/\/hosting.pilsfree.net\/js-projekt\/labe\/?page_id=24","title":{"rendered":"Km"},"content":{"rendered":"<table width=\"592\">\n<tbody>\n<tr>\n<td colspan=\"7\" width=\"592\">Plze\u0148 &#8211; Hamburg jaro 2015<\/td>\n<\/tr>\n<tr>\n<td>km<\/td>\n<td>\u0159eka<\/td>\n<td colspan=\"2\">\u0159\u00ed\u010dn\u00ed km (nov\u00e1-star\u00e1)<\/td>\n<td>v\u00fdznam<\/td>\n<td>m\u00edsto<\/td>\n<td>pozn\u00e1mka<\/td>\n<\/tr>\n<tr>\n<td>0,0<\/td>\n<td>Radbuza<\/td>\n<td colspan=\"2\">3,5<\/td>\n<td width=\"88\">l\u00e1vka &#8211; molo<\/td>\n<td>Plze\u0148 &#8211; Doudlevce<\/td>\n<td><\/td>\n<\/tr>\n<tr>\n<td>9,9<\/td>\n<td>Radbuza<\/td>\n<td colspan=\"2\">1,4<\/td>\n<td>jez<\/td>\n<td>Plze\u0148<\/td>\n<td><\/td>\n<\/tr>\n<tr>\n<td>11,3<\/td>\n<td>Radbuza<\/td>\n<td colspan=\"2\">0<\/td>\n<td rowspan=\"2\">\u00fast\u00ed<\/td>\n<td rowspan=\"2\">Plze\u0148<\/td>\n<td rowspan=\"2\"><\/td>\n<\/tr>\n<tr>\n<td>11,3<\/td>\n<td>Berounka<\/td>\n<td colspan=\"2\">138,8<\/td>\n<\/tr>\n<tr>\n<td>15,7<\/td>\n<td>Berounka<\/td>\n<td colspan=\"2\">134,4<\/td>\n<td>jez<\/td>\n<td>Plze\u0148-B\u00edl\u00e1 hora<\/td>\n<td><\/td>\n<\/tr>\n<tr>\n<td>21,1<\/td>\n<td>Berounka<\/td>\n<td colspan=\"2\">129<\/td>\n<td>jez<\/td>\n<td>Plze\u0148-Bukovec<\/td>\n<td><\/td>\n<\/tr>\n<tr>\n<td>25,0<\/td>\n<td>Berounka<\/td>\n<td colspan=\"2\">125,1<\/td>\n<td>jez<\/td>\n<td>Dolany<\/td>\n<td><\/td>\n<\/tr>\n<tr>\n<td>30,1<\/td>\n<td>Berounka<\/td>\n<td colspan=\"2\">120<\/td>\n<td>jez<\/td>\n<td>Sp\u00e1le\u0148\u00e1k<\/td>\n<td><\/td>\n<\/tr>\n<tr>\n<td>31,1<\/td>\n<td>Berounka<\/td>\n<td colspan=\"2\">119<\/td>\n<td>jez<\/td>\n<td>Valen\u0165\u00e1k<\/td>\n<td><\/td>\n<\/tr>\n<tr>\n<td>34,7<\/td>\n<td>Berounka<\/td>\n<td colspan=\"2\">115,4<\/td>\n<td>jez<\/td>\n<td>Darov\u00e1<\/td>\n<td><\/td>\n<\/tr>\n<tr>\n<td>38,7<\/td>\n<td>Berounka<\/td>\n<td colspan=\"2\">111,4<\/td>\n<td>jez<\/td>\n<td>Kace\u0159ov<\/td>\n<td><\/td>\n<\/tr>\n<tr>\n<td>41,0<\/td>\n<td>Berounka<\/td>\n<td colspan=\"2\">109,1<\/td>\n<td>jez<\/td>\n<td>\u010civice &#8211; \u010cernoch<\/td>\n<td><\/td>\n<\/tr>\n<tr>\n<td>44,3<\/td>\n<td>Berounka<\/td>\n<td colspan=\"2\">105,8<\/td>\n<td>jez<\/td>\n<td>Lib\u0161tejn<\/td>\n<td><\/td>\n<\/tr>\n<tr>\n<td>49,6<\/td>\n<td>Berounka<\/td>\n<td colspan=\"2\">100,5<\/td>\n<td>jez<\/td>\n<td>Libl\u00edn<\/td>\n<td><\/td>\n<\/tr>\n<tr>\n<td>56,5<\/td>\n<td>Berounka<\/td>\n<td colspan=\"2\">93,6<\/td>\n<td>jez<\/td>\n<td>Bohy<\/td>\n<td><\/td>\n<\/tr>\n<tr>\n<td>61,9<\/td>\n<td>Berounka<\/td>\n<td colspan=\"2\">88,2<\/td>\n<td>jez<\/td>\n<td>Lejsk\u00e1\u010d<\/td>\n<td><\/td>\n<\/tr>\n<tr>\n<td>68,2<\/td>\n<td>Berounka<\/td>\n<td colspan=\"2\">81,9<\/td>\n<td>jez<\/td>\n<td>Zv\u00edkovec<\/td>\n<td><\/td>\n<\/tr>\n<tr>\n<td>69,4<\/td>\n<td>Berounka<\/td>\n<td colspan=\"2\">80,7<\/td>\n<td>jez<\/td>\n<td>Ko\u010dka<\/td>\n<td><\/td>\n<\/tr>\n<tr>\n<td>72,7<\/td>\n<td>Berounka<\/td>\n<td colspan=\"2\">77,4<\/td>\n<td>jez<\/td>\n<td>\u010cil\u00e1<\/td>\n<td><\/td>\n<\/tr>\n<tr>\n<td>83,3<\/td>\n<td>Berounka<\/td>\n<td colspan=\"2\">66,8<\/td>\n<td>jez<\/td>\n<td>Nezabudice<\/td>\n<td><\/td>\n<\/tr>\n<tr>\n<td>87,0<\/td>\n<td>Berounka<\/td>\n<td colspan=\"2\">63,1<\/td>\n<td>jez<\/td>\n<td>Roztoky<\/td>\n<td><\/td>\n<\/tr>\n<tr>\n<td>99,1<\/td>\n<td>Berounka<\/td>\n<td colspan=\"2\">51<\/td>\n<td>jez<\/td>\n<td>Ra\u010dice<\/td>\n<td><\/td>\n<\/tr>\n<tr>\n<td>107,2<\/td>\n<td>Berounka<\/td>\n<td colspan=\"2\">42,9<\/td>\n<td>jez<\/td>\n<td>Ni\u017ebor<\/td>\n<td><\/td>\n<\/tr>\n<tr>\n<td>110,5<\/td>\n<td>Berounka<\/td>\n<td colspan=\"2\">39,6<\/td>\n<td>jez<\/td>\n<td>H\u00fdskov<\/td>\n<td><\/td>\n<\/tr>\n<tr>\n<td>114,8<\/td>\n<td>Berounka<\/td>\n<td colspan=\"2\">35,3<\/td>\n<td>jez<\/td>\n<td>Beroun<\/td>\n<td><\/td>\n<\/tr>\n<tr>\n<td>125,8<\/td>\n<td>Berounka<\/td>\n<td colspan=\"2\">24,3<\/td>\n<td>jez<\/td>\n<td>Karl\u0161tejn<\/td>\n<td><\/td>\n<\/tr>\n<tr>\n<td>128,7<\/td>\n<td>Berounka<\/td>\n<td colspan=\"2\">21,4<\/td>\n<td>jez<\/td>\n<td>Zadn\u00ed T\u0159eb\u00e1\u0148<\/td>\n<td><\/td>\n<\/tr>\n<tr>\n<td>130,6<\/td>\n<td>Berounka<\/td>\n<td colspan=\"2\">19,5<\/td>\n<td>jez<\/td>\n<td>\u0158evnice<\/td>\n<td><\/td>\n<\/tr>\n<tr>\n<td>134,1<\/td>\n<td>Berounka<\/td>\n<td colspan=\"2\">16<\/td>\n<td>jez<\/td>\n<td>Dob\u0159ichovive<\/td>\n<td><\/td>\n<\/tr>\n<tr>\n<td>138,3<\/td>\n<td>Berounka<\/td>\n<td colspan=\"2\">11,8<\/td>\n<td>jez<\/td>\n<td>Mokropsy<\/td>\n<td><\/td>\n<\/tr>\n<tr>\n<td>150,1<\/td>\n<td>Berounka<\/td>\n<td colspan=\"2\">0<\/td>\n<td rowspan=\"2\">\u00fast\u00ed<\/td>\n<td rowspan=\"2\">Praha Zbraslav<\/td>\n<td rowspan=\"2\"><\/td>\n<\/tr>\n<tr>\n<td>150,1<\/td>\n<td>Vltava<\/td>\n<td colspan=\"2\">63,4<\/td>\n<\/tr>\n<tr>\n<td>151,3<\/td>\n<td>Vltava<\/td>\n<td colspan=\"2\">62,2<\/td>\n<td>zdymadlo+jez<\/td>\n<td>Praha Mod\u0159any<\/td>\n<td><\/td>\n<\/tr>\n<tr>\n<td>159,3<\/td>\n<td>Vltava<\/td>\n<td colspan=\"2\">54,2<\/td>\n<td>zdymadlo+jez<\/td>\n<td>Praha \u0160t\u00edtkovsk\u00fd jez<\/td>\n<td><\/td>\n<\/tr>\n<tr>\n<td>160,4<\/td>\n<td>Vltava<\/td>\n<td colspan=\"2\">53,1<\/td>\n<td>jez<\/td>\n<td>Praha Starom\u011bstsk\u00fd jez<\/td>\n<td><\/td>\n<\/tr>\n<tr>\n<td>162,0<\/td>\n<td>Vltava<\/td>\n<td colspan=\"2\">51,5<\/td>\n<td>zdymadlo+jez<\/td>\n<td>Praha Helmovsk\u00fd jez<\/td>\n<td><\/td>\n<\/tr>\n<tr>\n<td>167,9<\/td>\n<td>Vltava<\/td>\n<td colspan=\"2\">45,6<\/td>\n<td>zdymadlo+jez<\/td>\n<td>Praha Troja<\/td>\n<td><\/td>\n<\/tr>\n<tr>\n<td>176,7<\/td>\n<td>Vltava<\/td>\n<td colspan=\"2\">36,8<\/td>\n<td>zdymadlo+jez<\/td>\n<td>Klecany<\/td>\n<td><\/td>\n<\/tr>\n<tr>\n<td>186,3<\/td>\n<td>Vltava<\/td>\n<td colspan=\"2\">27,2<\/td>\n<td>zdymadlo+jez<\/td>\n<td>Lib\u010dice<\/td>\n<td><\/td>\n<\/tr>\n<tr>\n<td>195,5<\/td>\n<td>Vltava<\/td>\n<td colspan=\"2\">18<\/td>\n<td>zdymadlo+jez<\/td>\n<td>Veltrusy<\/td>\n<td><\/td>\n<\/tr>\n<tr>\n<td>202,1<\/td>\n<td>Vltava<\/td>\n<td colspan=\"2\">11,4<\/td>\n<td>zdymadlo+jez<\/td>\n<td>Vra\u0148any<\/td>\n<td><\/td>\n<\/tr>\n<tr>\n<td>213,5<\/td>\n<td>Vltava<\/td>\n<td colspan=\"2\">0<\/td>\n<td rowspan=\"2\">\u00fast\u00ed<\/td>\n<td rowspan=\"2\">M\u011bln\u00edk<\/td>\n<td rowspan=\"2\"><\/td>\n<\/tr>\n<tr>\n<td>213,5<\/td>\n<td>Labe<\/td>\n<td>838,4<\/td>\n<td>0,0<\/td>\n<\/tr>\n<tr>\n<td>221,4<\/td>\n<td>Labe<\/td>\n<td>830,5<\/td>\n<td>7,9<\/td>\n<td>zdymadlo+jez<\/td>\n<td>Doln\u00ed Be\u0159kovice<\/td>\n<td><\/td>\n<\/tr>\n<tr>\n<td>233,0<\/td>\n<td>Labe<\/td>\n<td>818,9<\/td>\n<td>19,5<\/td>\n<td>zdymadlo+jez<\/td>\n<td>\u0160t\u011bt\u00ed<\/td>\n<td><\/td>\n<\/tr>\n<tr>\n<td>242,2<\/td>\n<td>Labe<\/td>\n<td>809,7<\/td>\n<td>28,7<\/td>\n<td>zdymadlo+jez<\/td>\n<td>Roudnice n\/L<\/td>\n<td><\/td>\n<\/tr>\n<tr>\n<td>256,2<\/td>\n<td>Labe<\/td>\n<td>795,7<\/td>\n<td>42,7<\/td>\n<td>zdymadlo+jez<\/td>\n<td>\u010cesk\u00e9 Kop\u00edsty<\/td>\n<td><\/td>\n<\/tr>\n<tr>\n<td>264,4<\/td>\n<td>Labe<\/td>\n<td>787,5<\/td>\n<td>50,9<\/td>\n<td>zdymadlo+jez<\/td>\n<td>Lovosice<\/td>\n<td><\/td>\n<\/tr>\n<tr>\n<td>284,2<\/td>\n<td>Labe<\/td>\n<td>767,7<\/td>\n<td>70,7<\/td>\n<td>zdymadlo+jez<\/td>\n<td>St\u0159ekov<\/td>\n<td><\/td>\n<\/tr>\n<tr>\n<td>321,9<\/td>\n<td>Labe<\/td>\n<td rowspan=\"2\">730,0<\/td>\n<td>108,4<\/td>\n<td rowspan=\"2\">hranice<\/td>\n<td rowspan=\"2\">H\u0159ensko<\/td>\n<td rowspan=\"2\"><\/td>\n<\/tr>\n<tr>\n<td>321,9<\/td>\n<td>Elbe<\/td>\n<td>0<\/td>\n<\/tr>\n<tr>\n<td>366,9<\/td>\n<td>Elbe<\/td>\n<td>685,0<\/td>\n<td>45<\/td>\n<td>lod\u011bnice<\/td>\n<td>Laubegast<\/td>\n<td><\/td>\n<\/tr>\n<tr>\n<td>383,4<\/td>\n<td>Elbe<\/td>\n<td>668,5<\/td>\n<td>61,5<\/td>\n<td>lod\u011bnice<\/td>\n<td>Dresden<\/td>\n<td><\/td>\n<\/tr>\n<tr>\n<td>389,9<\/td>\n<td>Elbe<\/td>\n<td>662,0<\/td>\n<td>68<\/td>\n<td>lod\u011bnice<\/td>\n<td>Radebeul<\/td>\n<td><\/td>\n<\/tr>\n<tr>\n<td>395,9<\/td>\n<td>Elbe<\/td>\n<td>656,0<\/td>\n<td>74<\/td>\n<td>lod\u011bnice<\/td>\n<td>Coswig<\/td>\n<td><\/td>\n<\/tr>\n<tr>\n<td>402,9<\/td>\n<td>Elbe<\/td>\n<td>649,0<\/td>\n<td>81<\/td>\n<td>lod\u011bnice<\/td>\n<td>Mei\u00dfen<\/td>\n<td><\/td>\n<\/tr>\n<tr>\n<td>428,9<\/td>\n<td>Elbe<\/td>\n<td>623,0<\/td>\n<td>107<\/td>\n<td>lod\u011bnice<\/td>\n<td>Riesa<\/td>\n<td><\/td>\n<\/tr>\n<tr>\n<td>431,9<\/td>\n<td>Elbe<\/td>\n<td>620,0<\/td>\n<td>110<\/td>\n<td>lod\u011bnice<\/td>\n<td>Riesa<\/td>\n<td><\/td>\n<\/tr>\n<tr>\n<td>476,9<\/td>\n<td>Elbe<\/td>\n<td>575,0<\/td>\n<td>155<\/td>\n<td>lod\u011bnice<\/td>\n<td>Torgau<\/td>\n<td><\/td>\n<\/tr>\n<tr>\n<td>490,9<\/td>\n<td>Elbe<\/td>\n<td>561,0<\/td>\n<td>169<\/td>\n<td>lod\u011bnice<\/td>\n<td>Prettin<\/td>\n<td><\/td>\n<\/tr>\n<tr>\n<td>522,9<\/td>\n<td>Elbe<\/td>\n<td>529,0<\/td>\n<td>201<\/td>\n<td>lod\u011bnice<\/td>\n<td>Elster<\/td>\n<td><\/td>\n<\/tr>\n<tr>\n<td>534,9<\/td>\n<td>Elbe<\/td>\n<td>517,0<\/td>\n<td>213<\/td>\n<td>lod\u011bnice<\/td>\n<td>Wittenberg<\/td>\n<td><\/td>\n<\/tr>\n<tr>\n<td>557,9<\/td>\n<td>Elbe<\/td>\n<td>494,0<\/td>\n<td>236<\/td>\n<td>lod\u011bnice<\/td>\n<td>Coswig\/Anhalt<\/td>\n<td><\/td>\n<\/tr>\n<tr>\n<td>579,9<\/td>\n<td>Elbe<\/td>\n<td>472,0<\/td>\n<td>258<\/td>\n<td>lod\u011bnice<\/td>\n<td>Ro\u00dflau<\/td>\n<td><\/td>\n<\/tr>\n<tr>\n<td>582,9<\/td>\n<td>Elbe<\/td>\n<td>469,0<\/td>\n<td>261<\/td>\n<td>lod\u011bnice<\/td>\n<td>Dessau<\/td>\n<td><\/td>\n<\/tr>\n<tr>\n<td>597,9<\/td>\n<td>Elbe<\/td>\n<td>454,0<\/td>\n<td>276<\/td>\n<td>lod\u011bnice<\/td>\n<td>Aken<\/td>\n<td><\/td>\n<\/tr>\n<tr>\n<td>631,9<\/td>\n<td>Elbe<\/td>\n<td>420,0<\/td>\n<td>310<\/td>\n<td>lod\u011bnice<\/td>\n<td>Sch\u00f6nebeck<\/td>\n<td><\/td>\n<\/tr>\n<tr>\n<td>641,9<\/td>\n<td>Elbe<\/td>\n<td>410,0<\/td>\n<td>320<\/td>\n<td>lod\u011bnice<\/td>\n<td>Magdeburg<\/td>\n<td><\/td>\n<\/tr>\n<tr>\n<td>661,9<\/td>\n<td>Elbe<\/td>\n<td>390,0<\/td>\n<td>340<\/td>\n<td>Das weltgr\u00f6\u00dfte Wasserkreuz<\/td>\n<td><\/td>\n<td><\/td>\n<\/tr>\n<tr>\n<td>672,9<\/td>\n<td>Elbe<\/td>\n<td>379,0<\/td>\n<td>351<\/td>\n<td>lod\u011bnice<\/td>\n<td>Rog\u00e4tz<\/td>\n<td><\/td>\n<\/tr>\n<tr>\n<td>709,9<\/td>\n<td>Elbe<\/td>\n<td>342,0<\/td>\n<td>388<\/td>\n<td>lod\u011bnice<\/td>\n<td>WSV Tangerm\u00fcnde<\/td>\n<td><\/td>\n<\/tr>\n<tr>\n<td>791,5<\/td>\n<td>Elbe<\/td>\n<td>260,4<\/td>\n<td>469,6<\/td>\n<td><\/td>\n<td>DDR-Grenzstation Cumlosen<\/td>\n<td><\/td>\n<\/tr>\n<tr>\n<td>880,9<\/td>\n<td>Elbe<\/td>\n<td>171,0<\/td>\n<td>559<\/td>\n<td>lod\u011bnice<\/td>\n<td>Boizenburg<\/td>\n<td><\/td>\n<\/tr>\n<tr>\n<td>904,9<\/td>\n<td>Elbe<\/td>\n<td>147,0<\/td>\n<td>583<\/td>\n<td>lod\u011bnice<\/td>\n<td>die Rudergemeinschaft Geesthacht<\/td>\n<td><\/td>\n<\/tr>\n<tr>\n<td>907,9<\/td>\n<td>Elbe<\/td>\n<td>144,0<\/td>\n<td>586<\/td>\n<td>zdymadlo+jez<\/td>\n<td>Geesthacht<\/td>\n<td><\/td>\n<\/tr>\n<tr>\n<td>940,9<\/td>\n<td>Elbe<\/td>\n<td>111,0<\/td>\n<td>619<\/td>\n<td>c\u00edl<\/td>\n<td>Hamburg<\/td>\n<td><\/td>\n<\/tr>\n<tr>\n<td>1051,9<\/td>\n<td>Elbe<\/td>\n<td>0,0<\/td>\n<td>730<\/td>\n<td>\u00fast\u00ed<\/td>\n<td>?<\/td>\n<td><\/td>\n<\/tr>\n<\/tbody>\n<\/table>\n","protected":false},"excerpt":{"rendered":"<p>Plze\u0148 &#8211; Hamburg jaro 2015 km \u0159eka \u0159\u00ed\u010dn\u00ed km (nov\u00e1-star\u00e1) v\u00fdznam m\u00edsto pozn\u00e1mka 0,0 Radbuza 3,5 l\u00e1vka &#8211; molo Plze\u0148 &#8211; Doudlevce 9,9 Radbuza 1,4 jez Plze\u0148 11,3 Radbuza 0 \u00fast\u00ed Plze\u0148 11,3 Berounka 138,8 15,7 Berounka 134,4 jez Plze\u0148-B\u00edl\u00e1 hora 21,1 Berounka 129 jez Plze\u0148-Bukovec 25,0 Berounka 125,1 jez Dolany 30,1 Berounka 120 jez &hellip; <a href=\"http:\/\/hosting.pilsfree.net\/js-projekt\/labe\/?page_id=24\" class=\"more-link\">Pokra\u010dov\u00e1n\u00ed textu <span class=\"screen-reader-text\">Km<\/span> <span class=\"meta-nav\">&rarr;<\/span><\/a><\/p>\n","protected":false},"author":1,"featured_media":0,"parent":0,"menu_order":8,"comment_status":"open","ping_status":"open","template":"","meta":[],"_links":{"self":[{"href":"http:\/\/hosting.pilsfree.net\/js-projekt\/labe\/index.php?rest_route=\/wp\/v2\/pages\/24"}],"collection":[{"href":"http:\/\/hosting.pilsfree.net\/js-projekt\/labe\/index.php?rest_route=\/wp\/v2\/pages"}],"about":[{"href":"http:\/\/hosting.pilsfree.net\/js-projekt\/labe\/index.php?rest_route=\/wp\/v2\/types\/page"}],"author":[{"embeddable":true,"href":"http:\/\/hosting.pilsfree.net\/js-projekt\/labe\/index.php?rest_route=\/wp\/v2\/users\/1"}],"replies":[{"embeddable":true,"href":"http:\/\/hosting.pilsfree.net\/js-projekt\/labe\/index.php?rest_route=%2Fwp%2Fv2%2Fcomments&post=24"}],"version-history":[{"count":3,"href":"http:\/\/hosting.pilsfree.net\/js-projekt\/labe\/index.php?rest_route=\/wp\/v2\/pages\/24\/revisions"}],"predecessor-version":[{"id":27,"href":"http:\/\/hosting.pilsfree.net\/js-projekt\/labe\/index.php?rest_route=\/wp\/v2\/pages\/24\/revisions\/27"}],"wp:attachment":[{"href":"http:\/\/hosting.pilsfree.net\/js-projekt\/labe\/index.php?rest_route=%2Fwp%2Fv2%2Fmedia&parent=24"}],"curies":[{"name":"wp","href":"https:\/\/api.w.org\/{rel}","templated":true}]}}