{"id":22,"date":"2014-11-22T00:30:16","date_gmt":"2014-11-21T23:30:16","guid":{"rendered":"http:\/\/hosting.pilsfree.net\/js-projekt\/labe\/?page_id=22"},"modified":"2015-03-01T09:37:32","modified_gmt":"2015-03-01T08:37:32","slug":"plavebni-komory-a-priliv","status":"publish","type":"page","link":"http:\/\/hosting.pilsfree.net\/js-projekt\/labe\/?page_id=22","title":{"rendered":"Plavebn\u00ed komory a p\u0159\u00edliv"},"content":{"rendered":"<p><span style=\"text-decoration: underline;\"><strong>Plavebn\u00ed komory<\/strong><\/span><br \/>\nPou\u017eit\u00ed plavebn\u00edch komor na vodn\u00edch cest\u00e1ch \u010cesk\u00e9 republiky nen\u00ed zpoplatn\u011bno.<\/p>\n<p>Vyta\u017eeno z r\u016fzn\u00fdch m\u00edst WEBu a ov\u011b\u0159eno na <a href=\"http:\/\/plavebniurad.cz\/predpisy\/predpis_old.php?typ=v&amp;id=42\" target=\"_blank\">Plavebn\u00ed vyhl\u00e1\u0161ka \u010d.\u00a03\/2014<\/a>\u00a0 \u00a0 \u00a0 \u00a0<a href=\"http:\/\/plavebniurad.cz\/\" target=\"_blank\">St\u00e1tn\u00ed plavebn\u00ed spr\u00e1vy<\/a>\u00a0. Bohu\u017eel je vyhl\u00e1\u0161ka neplatn\u00e1 od 1.1.2015 a nev\u00edm co ji nahradilo.<\/p>\n<p><span style=\"text-decoration: underline;\"><strong>Vltava: <\/strong><\/span><br \/>\n<span style=\"text-decoration: underline;\"> <strong>\u00dasek \u00fast\u00ed Berounky &#8211; Praha:<\/strong><\/span><br \/>\n<strong>\u2022 Km 62,2 Praha Mod\u0159any<\/strong>\u00a0&#8212; celoro\u010dn\u011b 07:00 &#8211; 17:00h &#8211; sportovn\u00ed propust vlevo<br \/>\n(tel.: 241 773 082, 742 170 454)<br \/>\n<strong>\u2022 Km 53,8 Praha Sm\u00edchov<\/strong>\u00a0&#8212; celoro\u010dn\u011b, 07:00 &#8211; 22:00h<br \/>\n(tel.: 251 510 546, 724 107 077) V38<br \/>\nZ horn\u00ed vody se mal\u00e1 plavidla proplavuj\u00ed v\u017edy v lich\u00e9 hodiny, z doln\u00ed v sud\u00e9 hodiny<br \/>\nZ kapacitn\u00edch d\u016fvod\u016f se doporu\u010duje proplavov\u00e1n\u00ed v dob\u011b od 7 do 12 hodin. Dbejte zv\u00fd\u0161en\u00e9 pozornosti, velice siln\u00fd provoz velk\u00fdch v\u00fdletn\u00edch lod\u00ed<\/p>\n<p><span style=\"text-decoration: underline;\"><strong>\u00dasek Praha &#8211; M\u011bln\u00edk<\/strong><\/span><br \/>\n<strong>\u2022 Km 51,5 Praha \u0160tvanice<\/strong> &#8212; celoro\u010dn\u011b, 07:00 &#8211; 17:00h<br \/>\n(tel.: 233 377 318, 602 545 932) V36<br \/>\n<strong>\u2022 Km 45,6 Praha Pobaba (USD TROJA)<\/strong> &#8212; celoro\u010dn\u011b, 07:00 &#8211; 17:00h<br \/>\n(tel.: 224 314 549, 724 719 205) V31<br \/>\n<strong>\u2022 Km 36,0 Roztoky<\/strong> &#8212; kv\u011bten &#8211; z\u00e1\u0159\u00ed 07:00 &#8211; 17:00h, \u0159\u00edjen &#8211; duben 07:00 &#8211; 15:00h<br \/>\n(tel.: 220 911 730, 724 735 462) V26<br \/>\n<strong>\u2022 Km 27,0 Dol\u00e1nky<\/strong> &#8212; kv\u011bten &#8211; z\u00e1\u0159\u00ed 07:00 &#8211; 17:00h, \u0159\u00edjen &#8211; duben 07:00 &#8211; 15:00h<br \/>\n(tel.: 315 787 028, 602 312 992 ) V19<br \/>\n<strong>\u2022 Km 18,0 Mi\u0159ejovice (USD VELTRUSY)<\/strong> &#8212; kv\u011bten &#8211; z\u00e1\u0159\u00ed 07:00 &#8211; 17:00h, \u0159\u00edjen &#8211; duben 07:00 &#8211; 15:00h<br \/>\n(tel.: 315 785 172, 724 736 671) V13<br \/>\n<strong>\u2022 Km 11,4 Vra\u0148any Ho\u0159\u00edn<\/strong> &#8212; kv\u011bten &#8211; z\u00e1\u0159\u00ed 07:00 &#8211; 17:00h, \u0159\u00edjen &#8211; duben 07:00 &#8211; 15:00h<br \/>\n(tel.: 315 622 267, 602 778 751) V8-V1<\/p>\n<p><span style=\"text-decoration: underline;\"><strong>Labe:<\/strong><\/span><br \/>\n<span style=\"text-decoration: underline;\"><strong> \u00dasek M\u011bln\u00edk &#8211;\u00a0Hamburk<\/strong><\/span><br \/>\n<strong>\u2022 Km 830,576 Doln\u00ed Be\u0159kovice<\/strong> &#8212; celoro\u010dn\u011b, 06:00 &#8211; 18:00h, kv\u011bten &#8211; z\u00e1\u0159\u00ed 06:00 &#8211; 20:00h<br \/>\n(tel.: 315 692 195, 728 684 260) DL76<br \/>\n<strong>\u2022 Km 818,938 \u0160t\u011bt\u00ed<\/strong> &#8212; celoro\u010dn\u011b, 06:00 &#8211; 20:00h, kv\u011bten &#8211; z\u00e1\u0159\u00ed 06:00 &#8211; 20:00h<br \/>\n(tel.: 416 812 463, 728 684 261) DL67<br \/>\n<strong>\u2022 Km 809,729 Roudnice nad Labem (USD ROUDNICE)<\/strong> &#8212; celoro\u010dn\u011b, 06:00 &#8211; 20:00h, kv\u011bten &#8211; z\u00e1\u0159\u00ed 06:00 &#8211; 20:00h<br \/>\n(tel.: 416 837 429, 728 684 207) DL59-DL60<br \/>\n<strong>\u2022 Km 795,688 \u010cesk\u00e9 Kopisty<\/strong> &#8212; celoro\u010dn\u011b, 06:00 &#8211; 20:00h, kv\u011bten &#8211; z\u00e1\u0159\u00ed 06:00 &#8211; 20:00h<br \/>\n(tel.: 416 782 237, 728 612 799) DL50<br \/>\n<strong>\u2022 Km 787,543 Lovosice<\/strong> &#8212; celoro\u010dn\u011b, 06:00 &#8211; 20:00h, kv\u011bten &#8211; z\u00e1\u0159\u00ed 06:00 &#8211; 20:00h<br \/>\n(tel.: 416 532 333, 728 724 632) DL44<br \/>\n<strong>\u2022 Km 767,679 \u00dast\u00ed nad Labem St\u0159ekov<\/strong> &#8212; celoro\u010dn\u011b, 06:00 &#8211; 20:00h ?, kv\u011bten &#8211; z\u00e1\u0159\u00ed 06:00 &#8211; 20:00h ?<br \/>\n(tel.: 475 531 845, 475 214 244 ) DL29-DL30<br \/>\n<strong>\u2022 Km 144 Geesthacht<\/strong> &#8212; (tel? )<\/p>\n<p>Geesthacht \u2013 p\u0159\u00edliv a odliv \u2013 f\u00e1ze trv\u00e1 12:24.<br \/>\nRozd\u00edl hladin=slapov\u00fd zdvih a je pr\u016fm\u011brn\u011b<br \/>\n2,0m Geesthacht<br \/>\n3,5m Hamburg<br \/>\n3,0m Cuxhaven<br \/>\n\u201eZa \u00fapl\u0148ku a p\u0159i novolun\u00ed za\u010d\u00edn\u00e1 \u0161estidenn\u00ed obdob\u00ed vysok\u00fdch<br \/>\nslapov\u00fdch zdvih\u016f, tzv. sko\u010dn\u00fd p\u0159\u00edliv. P\u0159i prvn\u00ed a posledn\u00ed \u010dtvrti<br \/>\nM\u011bs\u00edce nast\u00e1v\u00e1 \u0161estidenn\u00ed obdob\u00ed n\u00edzk\u00fdch slapov\u00fdch zdvih\u016f,<br \/>\ntzv. hluch\u00fd p\u0159\u00edliv. P\u0159i sko\u010dn\u00e9m p\u0159\u00edlivu je vysok\u00fd vodn\u00ed stav<br \/>\no 40 a\u017e 50 cm vy\u0161\u0161\u00ed ne\u017e p\u0159i hluch\u00e9m p\u0159\u00edlivu.\u201c<\/p>\n<p>D\u00edky Jirkovi za skv\u011bl\u00fd <strong><a href=\"http:\/\/www.tide-forecast.com\/locations\/Hamburg-Germany\/tides\/latest\" target=\"_blank\">link s p\u0159\u00edlivem a slune\u010dn\u00edm svitem<\/a><\/strong>. Je zde tak\u00e9 skv\u011ble vid\u011bt v\u00fdchod slunce, z\u00e1pad slunce, v\u00fdchod m\u011bs\u00edce, z\u00e1pad m\u011bs\u00edce a naho\u0159e datum posledn\u00edho a budouc\u00edho sko\u010dn\u00e9ho p\u0159\u00edlivu. Opravdu perfektn\u00ed link.<\/p>\n<p>Pro Labe je je\u0161t\u011b t\u0159eba si d\u00e1t pozor na \u010dasov\u00fd posun v dynamice odtoku vody (viz srovn\u00e1n\u00ed p\u0159\u00edlivu v Cuxhaven a v Hamburku).<br \/>\n<strong><a href=\"http:\/\/www.bsh.de\/cgi-bin\/gezeiten\/was_tab.pl?ort=DE__732D&amp;zone=Gesetzliche%20Zeit&amp;niveau=KN\" target=\"_blank\">Tabulka p\u0159\u00edlivu a odlivu\u00a0Geesthacht &#8211;\u00a0Gezeitenvorausberechnung f\u00fcr Geesthacht<\/a><\/strong><\/p>\n","protected":false},"excerpt":{"rendered":"<p>Plavebn\u00ed komory Pou\u017eit\u00ed plavebn\u00edch komor na vodn\u00edch cest\u00e1ch \u010cesk\u00e9 republiky nen\u00ed zpoplatn\u011bno. Vyta\u017eeno z r\u016fzn\u00fdch m\u00edst WEBu a ov\u011b\u0159eno na Plavebn\u00ed vyhl\u00e1\u0161ka \u010d.\u00a03\/2014\u00a0 \u00a0 \u00a0 \u00a0St\u00e1tn\u00ed plavebn\u00ed spr\u00e1vy\u00a0. Bohu\u017eel je vyhl\u00e1\u0161ka neplatn\u00e1 od 1.1.2015 a nev\u00edm co ji nahradilo. Vltava: \u00dasek \u00fast\u00ed Berounky &#8211; Praha: \u2022 Km 62,2 Praha Mod\u0159any\u00a0&#8212; celoro\u010dn\u011b 07:00 &#8211; 17:00h &#8211; &hellip; <a href=\"http:\/\/hosting.pilsfree.net\/js-projekt\/labe\/?page_id=22\" class=\"more-link\">Pokra\u010dov\u00e1n\u00ed textu <span class=\"screen-reader-text\">Plavebn\u00ed komory a p\u0159\u00edliv<\/span> <span class=\"meta-nav\">&rarr;<\/span><\/a><\/p>\n","protected":false},"author":1,"featured_media":0,"parent":0,"menu_order":7,"comment_status":"open","ping_status":"open","template":"","meta":[],"_links":{"self":[{"href":"http:\/\/hosting.pilsfree.net\/js-projekt\/labe\/index.php?rest_route=\/wp\/v2\/pages\/22"}],"collection":[{"href":"http:\/\/hosting.pilsfree.net\/js-projekt\/labe\/index.php?rest_route=\/wp\/v2\/pages"}],"about":[{"href":"http:\/\/hosting.pilsfree.net\/js-projekt\/labe\/index.php?rest_route=\/wp\/v2\/types\/page"}],"author":[{"embeddable":true,"href":"http:\/\/hosting.pilsfree.net\/js-projekt\/labe\/index.php?rest_route=\/wp\/v2\/users\/1"}],"replies":[{"embeddable":true,"href":"http:\/\/hosting.pilsfree.net\/js-projekt\/labe\/index.php?rest_route=%2Fwp%2Fv2%2Fcomments&post=22"}],"version-history":[{"count":7,"href":"http:\/\/hosting.pilsfree.net\/js-projekt\/labe\/index.php?rest_route=\/wp\/v2\/pages\/22\/revisions"}],"predecessor-version":[{"id":97,"href":"http:\/\/hosting.pilsfree.net\/js-projekt\/labe\/index.php?rest_route=\/wp\/v2\/pages\/22\/revisions\/97"}],"wp:attachment":[{"href":"http:\/\/hosting.pilsfree.net\/js-projekt\/labe\/index.php?rest_route=%2Fwp%2Fv2%2Fmedia&parent=22"}],"curies":[{"name":"wp","href":"https:\/\/api.w.org\/{rel}","templated":true}]}}